{"id":87755,"date":"2023-09-18T15:23:29","date_gmt":"2023-09-18T13:23:29","guid":{"rendered":"https:\/\/secureus.se\/produkt\/siren-blixt-multiton-rod-en54-utomhus-ip65-med-djup-bas\/"},"modified":"2026-03-12T13:09:50","modified_gmt":"2026-03-12T12:09:50","slug":"siren-blixt-multiton-rod-en54-utomhus-ip65-med-djup-bas-bs-cwss-rb-w7","status":"publish","type":"product","link":"https:\/\/secureus.se\/nl\/siren-blixt-multiton-rod-en54-utomhus-ip65-med-djup-bas-bs-cwss-rb-w7\/","title":{"rendered":"Sirene\/Flitser Multitone Rood EN54, Buiten IP65 met diepe bas BS-CWSS-RB-W7"},"content":{"rendered":"<h1 class=\"d-flex mb-2\"><span style=\"font-size: 16px\">Sir\u00e9n\/Blixt Multiton R\u00f6d EN54, Utomhus IP65 med djup bas BS-CWSS-RB-W7<\/span><\/h1>\n<p data-start=\"167\" data-end=\"286\"><span class=\"relative -mx-px my-[-0.2rem] rounded px-px py-[0.2rem]\">CWSS-RB-W7 kombinerar avancerad ljud- och ljussignalering i en enda enhet, vilket g\u00f6r den perfekt f\u00f6r installationer d\u00e4r b\u00e5de akustisk och visuell varning \u00e4r n\u00f6dv\u00e4ndig.<\/span><\/p>\n<p data-start=\"167\" data-end=\"286\"><span class=\"relative -mx-px my-[-0.2rem] rounded px-px py-[0.2rem]\">Den \u00e4r utrustad med en r\u00f6d LED-lampa som ger ett starkt och klart ljus, vilket kompletterar den kraftfulla ljudsignalen.<\/span>\u200b<\/p>\n<p data-start=\"288\" data-end=\"316\"><strong data-start=\"288\" data-end=\"316\">Huvudsakliga egenskaper:<\/strong><\/p>\n<ul data-start=\"318\" data-end=\"1260\">\n<li data-start=\"318\" data-end=\"438\">\n<p data-start=\"320\" data-end=\"438\"><strong data-start=\"320\" data-end=\"356\">Omnidirektionell ljusf\u00f6rdelning:<\/strong> <span class=\"relative -mx-px my-[-0.2rem] rounded px-px py-[0.2rem]\">Den innovativa linsdesignen s\u00e4kerst\u00e4ller ett j\u00e4mnt ljusfl\u00f6de i alla riktningar, vilket eliminerar behovet av att justera enheten vid installation.<\/span>\u200b<\/p>\n<\/li>\n<li data-start=\"440\" data-end=\"548\">\n<p data-start=\"442\" data-end=\"548\"><strong data-start=\"442\" data-end=\"466\">F\u00f6rsta fix-funktion:<\/strong> <span class=\"relative -mx-px my-[-0.2rem] rounded px-px py-[0.2rem]\">M\u00f6jligg\u00f6r elektrisk kontinuitetstestning innan sj\u00e4lva enheten installeras, vilket underl\u00e4ttar installationsprocessen och minskar risken f\u00f6r fel.<\/span>\u200b<\/p>\n<\/li>\n<li data-start=\"550\" data-end=\"664\">\n<p data-start=\"552\" data-end=\"664\"><strong data-start=\"552\" data-end=\"578\">Flexibel installation:<\/strong> <span class=\"relative -mx-px my-[-0.2rem] rounded px-px py-[0.2rem]\">Den djupa basen erbjuder flera kabeling\u00e5ngar, vilket ger flexibilitet vid placering och installation.<\/span>\u200b<\/p>\n<\/li>\n<li data-start=\"666\" data-end=\"792\">\n<p data-start=\"668\" data-end=\"792\"><strong data-start=\"668\" data-end=\"706\">Standardiserade monteringspunkter:<\/strong> <span class=\"relative -mx-px my-[-0.2rem] rounded px-px py-[0.2rem]\">Designad med ett komplett utbud av vanliga monteringsavst\u00e5nd, vilket f\u00f6renklar installationen och minskar behovet av anpassningar.<\/span>\u200b<\/p>\n<\/li>\n<li data-start=\"794\" data-end=\"906\">\n<p data-start=\"796\" data-end=\"906\"><strong data-start=\"796\" data-end=\"820\">Positiv baspassform:<\/strong> <span class=\"relative -mx-px my-[-0.2rem] rounded px-px py-[0.2rem]\">Enheten klickar enkelt p\u00e5 plats med basen, vilket ger en s\u00e4ker och stabil installation.<\/span>\u200b<\/p>\n<\/li>\n<li data-start=\"908\" data-end=\"1020\">\n<p data-start=\"910\" data-end=\"1020\"><strong data-start=\"910\" data-end=\"934\">Synkroniserad blixt:<\/strong> <span class=\"relative -mx-px my-[-0.2rem] rounded px-px py-[0.2rem]\">Den inbyggda synkroniseringsfunktionen s\u00e4kerst\u00e4ller att flera enheter blinkar i takt, vilket uppfyller och \u00f6vertr\u00e4ffar EN54-23-standarder.<\/span>\u200b<\/p>\n<\/li>\n<li data-start=\"1022\" data-end=\"1147\">\n<p data-start=\"1024\" data-end=\"1147\"><strong data-start=\"1024\" data-end=\"1061\">Val mellan r\u00f6d eller amber blixt:<\/strong> <span class=\"relative -mx-px my-[-0.2rem] rounded px-px py-[0.2rem]\">Erbjuder m\u00f6jlighet att v\u00e4lja mellan olika ljusf\u00e4rger f\u00f6r att passa specifika installationskrav eller estetiska preferenser.<\/span>\u200b<\/p>\n<\/li>\n<li data-start=\"1149\" data-end=\"1260\">\n<p data-start=\"1151\" data-end=\"1260\"><strong data-start=\"1151\" data-end=\"1174\">Mjukstartsfunktion:<\/strong> <span class=\"relative -mx-px my-[-0.2rem] rounded px-px py-[0.2rem]\">Reducerar str\u00f6mtoppar vid systemstart, vilket skyddar enheten och f\u00f6rl\u00e4nger dess livsl\u00e4ngd.<\/span>\u200b<\/p>\n<\/li>\n<\/ul>\n<p data-start=\"1262\" data-end=\"1282\"><strong data-start=\"1262\" data-end=\"1282\">Specifikationer:<\/strong><\/p>\n<ul data-start=\"1284\" data-end=\"2678\">\n<li data-start=\"1284\" data-end=\"1389\">\n<p data-start=\"1286\" data-end=\"1389\"><strong data-start=\"1286\" data-end=\"1303\">Modellnummer:<\/strong> <span class=\"relative -mx-px my-[-0.2rem] rounded px-px py-[0.2rem]\">CWSS-RB-W7<\/span>\u200b<\/p>\n<\/li>\n<li data-start=\"1391\" data-end=\"1493\">\n<p data-start=\"1393\" data-end=\"1493\"><strong data-start=\"1393\" data-end=\"1407\">Siren typ:<\/strong> <span class=\"relative -mx-px my-[-0.2rem] rounded px-px py-[0.2rem]\">Brand siren<\/span>\u200b<\/p>\n<\/li>\n<li data-start=\"1495\" data-end=\"1605\">\n<p data-start=\"1497\" data-end=\"1605\"><strong data-start=\"1497\" data-end=\"1519\">Anv\u00e4ndningsomr\u00e5de:<\/strong> <span class=\"relative -mx-px my-[-0.2rem] rounded px-px py-[0.2rem]\">Utomhus<\/span>\u200b<\/p>\n<\/li>\n<li data-start=\"1607\" data-end=\"1715\">\n<p data-start=\"1609\" data-end=\"1715\"><strong data-start=\"1609\" data-end=\"1629\">Monteringsmetod:<\/strong> <span class=\"relative -mx-px my-[-0.2rem] rounded px-px py-[0.2rem]\">Ytmontering<\/span>\u200b<\/p>\n<\/li>\n<li data-start=\"1717\" data-end=\"1814\">\n<p data-start=\"1719\" data-end=\"1814\"><strong data-start=\"1719\" data-end=\"1728\">F\u00e4rg:<\/strong> <span class=\"relative -mx-px my-[-0.2rem] rounded px-px py-[0.2rem]\">R\u00f6d<\/span>\u200b<\/p>\n<\/li>\n<li data-start=\"1816\" data-end=\"1929\">\n<p data-start=\"1818\" data-end=\"1929\"><strong data-start=\"1818\" data-end=\"1843\">F\u00f6rs\u00f6rjningssp\u00e4nning:<\/strong> <span class=\"relative -mx-px my-[-0.2rem] rounded px-px py-[0.2rem]\">12\u201329 V DC<\/span>\u200b<\/p>\n<\/li>\n<li data-start=\"1931\" data-end=\"2047\">\n<p data-start=\"1933\" data-end=\"2047\"><strong data-start=\"1933\" data-end=\"1961\">Str\u00f6mf\u00f6rbrukning (larm):<\/strong> <span class=\"relative -mx-px my-[-0.2rem] rounded px-px py-[0.2rem]\">22 mA vid 29 V DC (Ton 7)<\/span>\u200b<\/p>\n<\/li>\n<li data-start=\"2049\" data-end=\"2150\">\n<p data-start=\"2051\" data-end=\"2150\"><strong data-start=\"2051\" data-end=\"2064\">Ljudniv\u00e5:<\/strong> <span class=\"relative -mx-px my-[-0.2rem] rounded px-px py-[0.2rem]\">107 dB<\/span>\u200b<\/p>\n<\/li>\n<li data-start=\"2152\" data-end=\"2256\">\n<p data-start=\"2154\" data-end=\"2256\"><strong data-start=\"2154\" data-end=\"2170\">Dimensioner:<\/strong> <span class=\"relative -mx-px my-[-0.2rem] rounded px-px py-[0.2rem]\">100 mm (B) x 98 mm (D) x 122 mm (H)<\/span>\u200b<\/p>\n<\/li>\n<li data-start=\"2258\" data-end=\"2355\">\n<p data-start=\"2260\" data-end=\"2355\"><strong data-start=\"2260\" data-end=\"2269\">Vikt:<\/strong> <span class=\"relative -mx-px my-[-0.2rem] rounded px-px py-[0.2rem]\">242 g<\/span>\u200b<\/p>\n<\/li>\n<li data-start=\"2357\" data-end=\"2466\">\n<p data-start=\"2359\" data-end=\"2466\"><strong data-start=\"2359\" data-end=\"2380\">Arbetstemperatur:<\/strong> <span class=\"relative -mx-px my-[-0.2rem] rounded px-px py-[0.2rem]\">-25 \u00b0C till 70 \u00b0C<\/span>\u200b<\/p>\n<\/li>\n<li data-start=\"2468\" data-end=\"2573\">\n<p data-start=\"2470\" data-end=\"2573\"><strong data-start=\"2470\" data-end=\"2487\">Certifiering:<\/strong> <span class=\"relative -mx-px my-[-0.2rem] rounded px-px py-[0.2rem]\">EN54<\/span>\u200b<\/p>\n<\/li>\n<li data-start=\"2468\" data-end=\"2573\">\n<p data-start=\"2470\" data-end=\"2573\"><strong data-start=\"2577\" data-end=\"2592\">Inkluderar:<\/strong> <span class=\"relative -mx-px my-[-0.2rem] rounded px-px py-[0.2rem]\">Bas<\/span>\u200b<\/p>\n<\/li>\n<\/ul>\n<p data-start=\"2680\" data-end=\"2805\"><span class=\"relative -mx-px my-[-0.2rem] rounded px-px py-[0.2rem]\">CWSS-RB-W7 \u00e4r en robust och p\u00e5litlig l\u00f6sning f\u00f6r effektiv ljud- och ljussignalering i utomhusmilj\u00f6er.<\/span><\/p>\n<p data-start=\"2680\" data-end=\"2805\"><span class=\"relative -mx-px my-[-0.2rem] rounded px-px py-[0.2rem]\">Dess avancerade design och funktioner s\u00e4kerst\u00e4ller l\u00e5ngvarig prestanda och enkel installation, vilket g\u00f6r den till ett utm\u00e4rkt val f\u00f6r b\u00e5de nya installationer och uppgraderingar av befintliga system.<\/span><\/p>\n","protected":false},"excerpt":{"rendered":"<p><span class=\"relative -mx-px my-[-0.2rem] rounded px-px py-[0.2rem]\">CWSS-RB-W7 \u00e4r en r\u00f6d elektronisk siren med inbyggd blinkande LED-lampa, designad f\u00f6r utomhusbruk med IP65-klassificering.<\/span><\/p>\n<p><span class=\"relative -mx-px my-[-0.2rem] rounded px-px py-[0.2rem]\">Utrustad med en djup bas som erbjuder flera kabeling\u00e5ngar, ger denna enhet b\u00e5de ljud- och ljussignalering, vilket g\u00f6r den idealisk f\u00f6r milj\u00f6er d\u00e4r effektiv varning beh\u00f6vs.<\/span><\/p>\n","protected":false},"featured_media":140329,"template":"","meta":{"_acf_changed":false},"product_brand":[],"product_cat":[1825,5097],"product_tag":[2959,3042],"class_list":{"0":"post-87755","1":"product","2":"type-product","3":"status-publish","4":"has-post-thumbnail","6":"product_cat-sirener-brand","7":"product_cat-kombisiren-blixt-brand","8":"product_tag-certifierad-en54","9":"product_tag-kombi-siren-blixt","10":"product_shipping_class-postnord-varubrev","11":"pa_farg-rod","12":"tm-no-options","14":"first","15":"onbackorder","16":"sale","17":"featured","18":"taxable","19":"shipping-taxable","20":"purchasable","21":"product-type-simple"},"acf":[],"_links":{"self":[{"href":"https:\/\/secureus.se\/nl\/wp-json\/wp\/v2\/product\/87755","targetHints":{"allow":["GET"]}}],"collection":[{"href":"https:\/\/secureus.se\/nl\/wp-json\/wp\/v2\/product"}],"about":[{"href":"https:\/\/secureus.se\/nl\/wp-json\/wp\/v2\/types\/product"}],"wp:featuredmedia":[{"embeddable":true,"href":"https:\/\/secureus.se\/nl\/wp-json\/wp\/v2\/media\/140329"}],"wp:attachment":[{"href":"https:\/\/secureus.se\/nl\/wp-json\/wp\/v2\/media?parent=87755"}],"wp:term":[{"taxonomy":"product_brand","embeddable":true,"href":"https:\/\/secureus.se\/nl\/wp-json\/wp\/v2\/product_brand?post=87755"},{"taxonomy":"product_cat","embeddable":true,"href":"https:\/\/secureus.se\/nl\/wp-json\/wp\/v2\/product_cat?post=87755"},{"taxonomy":"product_tag","embeddable":true,"href":"https:\/\/secureus.se\/nl\/wp-json\/wp\/v2\/product_tag?post=87755"}],"curies":[{"name":"wp","href":"https:\/\/api.w.org\/{rel}","templated":true}]}}