{"id":87766,"date":"2023-09-14T15:11:42","date_gmt":"2023-09-14T13:11:42","guid":{"rendered":"https:\/\/secureus.se\/produkt\/siren-blixt-multiton-rod-en54-utom-inomhus-djup-bas\/"},"modified":"2026-03-12T13:10:47","modified_gmt":"2026-03-12T12:10:47","slug":"siren-blixt-multiton-rod-en54-utom-inomhus-djup-bas-bs-ah03127-bs_high","status":"publish","type":"product","link":"https:\/\/secureus.se\/nl\/siren-blixt-multiton-rod-en54-utom-inomhus-djup-bas-bs-ah03127-bs_high\/","title":{"rendered":"Sirene\/Flitser Multitone Rood EN54, Buiten\/Binnen Diepe Bas BS-AH03127-BS_HIGH"},"content":{"rendered":"<h1>Sir\u00e9n\/Blixt Multiton R\u00f6d EN54, Utom\/inomhus Djup bas BS-AH03127-BS_HIGH<\/h1>\n<p data-start=\"143\" data-end=\"284\"><span class=\"relative -mx-px my-[-0.2rem] rounded px-px py-[0.2rem]\">BS-AH03127-BS_HIGH \u00e4r en avancerad elektronisk ljud- och ljussignal designad f\u00f6r att tillhandah\u00e5lla b\u00e5de ljud- och ljusalarm i n\u00f6dsituationer.<\/span><\/p>\n<p data-start=\"143\" data-end=\"284\"><span class=\"relative -mx-px my-[-0.2rem] rounded px-px py-[0.2rem]\">Denna enhet \u00e4r idealisk f\u00f6r anv\u00e4ndning i milj\u00f6er d\u00e4r b\u00e5de h\u00f6g ljudniv\u00e5 och tydlig visuell indikation kr\u00e4vs, s\u00e5som industriella anl\u00e4ggningar, lagerlokaler och kommersiella byggnader.<\/span>\u200b<\/p>\n<p data-start=\"286\" data-end=\"306\"><strong data-start=\"286\" data-end=\"306\">Huvudfunktioner:<\/strong><\/p>\n<ul data-start=\"308\" data-end=\"911\">\n<li data-start=\"308\" data-end=\"411\">\n<p data-start=\"310\" data-end=\"411\"><strong data-start=\"310\" data-end=\"329\">32 Signaltoner:<\/strong> <span class=\"relative -mx-px my-[-0.2rem] rounded px-px py-[0.2rem]\">Genom en dippswitch kan anv\u00e4ndaren v\u00e4lja mellan 32 olika signaltoner, vilket m\u00f6jligg\u00f6r anpassning efter specifika behov eller preferenser.<\/span>\u200b<\/p>\n<\/li>\n<li data-start=\"413\" data-end=\"579\">\n<p data-start=\"415\" data-end=\"579\"><strong data-start=\"415\" data-end=\"457\">H\u00f6g Ljudniv\u00e5 med L\u00e5g Str\u00f6mf\u00f6rbrukning:<\/strong> <span class=\"relative -mx-px my-[-0.2rem] rounded px-px py-[0.2rem]\">Enheten levererar en ljudniv\u00e5 p\u00e5 upp till 114 dB vid 1 meters avst\u00e5nd, vilket s\u00e4kerst\u00e4ller att larmet \u00e4r h\u00f6rbart \u00e4ven i bullriga milj\u00f6er.<\/span> <span class=\"relative -mx-px my-[-0.2rem] rounded px-px py-[0.2rem]\">Trots den h\u00f6ga ljudniv\u00e5n \u00e4r str\u00f6mf\u00f6rbrukningen l\u00e5g, vilket bidrar till energieffektivitet.<\/span>\u200b<\/p>\n<\/li>\n<li data-start=\"581\" data-end=\"690\">\n<p data-start=\"583\" data-end=\"690\"><strong data-start=\"583\" data-end=\"604\">H\u00f6geffektiv Lins:<\/strong> <span class=\"relative -mx-px my-[-0.2rem] rounded px-px py-[0.2rem]\">Den integrerade blixten anv\u00e4nder en h\u00f6geffektiv lins som maximerar ljusutbytet, vilket ger en tydlig visuell varning som kompletterar ljudsignalen.<\/span>\u200b<\/p>\n<\/li>\n<li data-start=\"692\" data-end=\"798\">\n<p data-start=\"694\" data-end=\"798\"><strong data-start=\"694\" data-end=\"712\">Volymkontroll:<\/strong> <span class=\"relative -mx-px my-[-0.2rem] rounded px-px py-[0.2rem]\">Enheten \u00e4r utrustad med en standardvolymkontroll som l\u00e5ter anv\u00e4ndaren justera ljudniv\u00e5n efter behov, vilket ger flexibilitet beroende p\u00e5 installationsmilj\u00f6n.<\/span>\u200b<\/p>\n<\/li>\n<li data-start=\"800\" data-end=\"911\">\n<p data-start=\"802\" data-end=\"911\"><strong data-start=\"802\" data-end=\"825\">Enkel Installation:<\/strong> <span class=\"relative -mx-px my-[-0.2rem] rounded px-px py-[0.2rem]\">Med tv\u00e5 upps\u00e4ttningar av IN- och OUT-terminaler f\u00f6renklas installationsprocessen, s\u00e4rskilt vid seriekoppling av flera enheter.<\/span>\u200b<\/p>\n<\/li>\n<\/ul>\n<p data-start=\"913\" data-end=\"942\"><strong data-start=\"913\" data-end=\"942\">Tekniska Specifikationer:<\/strong><\/p>\n<ul data-start=\"944\" data-end=\"2447\">\n<li data-start=\"944\" data-end=\"1049\">\n<p data-start=\"946\" data-end=\"1049\"><strong data-start=\"946\" data-end=\"963\">Modellnummer:<\/strong> <span class=\"relative -mx-px my-[-0.2rem] rounded px-px py-[0.2rem]\">BS-AH03127-BS_HIGH<\/span>\u200b<\/p>\n<\/li>\n<li data-start=\"1051\" data-end=\"1153\">\n<p data-start=\"1053\" data-end=\"1153\"><strong data-start=\"1053\" data-end=\"1067\">Siren Typ:<\/strong> <span class=\"relative -mx-px my-[-0.2rem] rounded px-px py-[0.2rem]\">Brandsiren<\/span>\u200b<\/p>\n<\/li>\n<li data-start=\"1155\" data-end=\"1264\">\n<p data-start=\"1157\" data-end=\"1264\"><strong data-start=\"1157\" data-end=\"1178\">Skyddsklass (IP):<\/strong> <span class=\"relative -mx-px my-[-0.2rem] rounded px-px py-[0.2rem]\">IP44<\/span>\u200b<\/p>\n<\/li>\n<li data-start=\"1266\" data-end=\"1376\">\n<p data-start=\"1268\" data-end=\"1376\"><strong data-start=\"1268\" data-end=\"1290\">Anv\u00e4ndningsomr\u00e5de:<\/strong> <span class=\"relative -mx-px my-[-0.2rem] rounded px-px py-[0.2rem]\">Inomhus och utomhus<\/span>\u200b<\/p>\n<\/li>\n<li data-start=\"1378\" data-end=\"1486\">\n<p data-start=\"1380\" data-end=\"1486\"><strong data-start=\"1380\" data-end=\"1400\">Monteringsmetod:<\/strong> <span class=\"relative -mx-px my-[-0.2rem] rounded px-px py-[0.2rem]\">Ytmontering<\/span>\u200b<\/p>\n<\/li>\n<li data-start=\"1488\" data-end=\"1594\">\n<p data-start=\"1490\" data-end=\"1594\"><strong data-start=\"1490\" data-end=\"1508\">Blinkfunktion:<\/strong> <span class=\"relative -mx-px my-[-0.2rem] rounded px-px py-[0.2rem]\">Ja<\/span>\u200b<\/p>\n<\/li>\n<li data-start=\"1596\" data-end=\"1693\">\n<p data-start=\"1598\" data-end=\"1693\"><strong data-start=\"1598\" data-end=\"1607\">F\u00e4rg:<\/strong> <span class=\"relative -mx-px my-[-0.2rem] rounded px-px py-[0.2rem]\">R\u00f6d<\/span>\u200b<\/p>\n<\/li>\n<li data-start=\"1695\" data-end=\"1808\">\n<p data-start=\"1697\" data-end=\"1808\"><strong data-start=\"1697\" data-end=\"1722\">F\u00f6rs\u00f6rjningssp\u00e4nning:<\/strong> <span class=\"relative -mx-px my-[-0.2rem] rounded px-px py-[0.2rem]\">24V DC<\/span>\u200b<\/p>\n<\/li>\n<li data-start=\"1810\" data-end=\"1927\">\n<p data-start=\"1812\" data-end=\"1927\"><strong data-start=\"1812\" data-end=\"1841\">Str\u00f6mf\u00f6rbrukning (Alarm):<\/strong> <span class=\"relative -mx-px my-[-0.2rem] rounded px-px py-[0.2rem]\">14,5 mA<\/span>\u200b<\/p>\n<\/li>\n<li data-start=\"1929\" data-end=\"2030\">\n<p data-start=\"1931\" data-end=\"2030\"><strong data-start=\"1931\" data-end=\"1944\">Ljudniv\u00e5:<\/strong> <span class=\"relative -mx-px my-[-0.2rem] rounded px-px py-[0.2rem]\">Upp till 114 dB<\/span><\/p>\n<\/li>\n<li data-start=\"2032\" data-end=\"2132\">\n<p data-start=\"2034\" data-end=\"2132\"><strong data-start=\"2034\" data-end=\"2046\">Storlek:<\/strong> <span class=\"relative -mx-px my-[-0.2rem] rounded px-px py-[0.2rem]\">93 mm (Diameter) x 110 mm (H\u00f6jd) x 90 mm (Djup)<\/span>\u200b<\/p>\n<\/li>\n<li data-start=\"2134\" data-end=\"2231\" data-is-only-node=\"\">\n<p data-start=\"2136\" data-end=\"2231\"><strong data-start=\"2136\" data-end=\"2145\">Vikt:<\/strong> <span class=\"relative -mx-px my-[-0.2rem] rounded px-px py-[0.2rem]\">278 g<\/span>\u200b<\/p>\n<\/li>\n<li data-start=\"2233\" data-end=\"2342\">\n<p data-start=\"2235\" data-end=\"2342\"><strong data-start=\"2235\" data-end=\"2256\">Arbetstemperatur:<\/strong> <span class=\"relative -mx-px my-[-0.2rem] rounded px-px py-[0.2rem]\">-25\u00b0C till +80\u00b0C<\/span>\u200b<\/p>\n<\/li>\n<li data-start=\"2344\" data-end=\"2447\">\n<p data-start=\"2346\" data-end=\"2447\"><strong data-start=\"2346\" data-end=\"2361\">Certifikat:<\/strong> <span class=\"relative -mx-px my-[-0.2rem] rounded px-px py-[0.2rem]\">EN54<\/span>\u200b<\/p>\n<\/li>\n<\/ul>\n<p data-start=\"2449\" data-end=\"2598\"><strong data-start=\"2449\" data-end=\"2472\">Anv\u00e4ndningsomr\u00e5den:<\/strong> <span class=\"relative -mx-px my-[-0.2rem] rounded px-px py-[0.2rem]\">Denna larmklocka med blixt \u00e4r idealisk f\u00f6r anv\u00e4ndning inom omr\u00e5den d\u00e4r b\u00e5de ljud- och ljusalarm beh\u00f6vs f\u00f6r att s\u00e4kerst\u00e4lla att varningen n\u00e5r alla, oavsett om de \u00e4r i n\u00e4rheten av ljudk\u00e4llan eller inte.<\/span><\/p>\n<p data-start=\"2449\" data-end=\"2598\"><span class=\"relative -mx-px my-[-0.2rem] rounded px-px py-[0.2rem]\">Exempel p\u00e5 s\u00e5dana milj\u00f6er inkluderar fabriker, lager, parkeringshus och andra stora kommersiella eller industriella utrymmen.<\/span>\u200b<\/p>\n<p data-start=\"2600\" data-end=\"2788\"><strong data-start=\"2600\" data-end=\"2622\">Installationstips:<\/strong> <span class=\"relative -mx-px my-[-0.2rem] rounded px-px py-[0.2rem]\">F\u00f6r optimal prestanda rekommenderas det att installera enheten p\u00e5 en h\u00f6jd d\u00e4r b\u00e5de ljud och ljus kan spridas effektivt \u00f6ver det avsedda omr\u00e5det.<\/span> <span class=\"relative -mx-px my-[-0.2rem] rounded px-px py-[0.2rem]\">Se till att inga hinder blockerar ljud- eller ljusfl\u00f6det.<\/span><\/p>\n<p data-start=\"2600\" data-end=\"2788\"><span class=\"relative -mx-px my-[-0.2rem] rounded px-px py-[0.2rem]\">Kontrollera att str\u00f6mf\u00f6rs\u00f6rjningen \u00e4r stabil och att alla elektriska anslutningar \u00e4r korrekt utf\u00f6rda enligt tillverkarens instruktioner.<\/span>\u200b<\/p>\n<p data-start=\"2790\" data-end=\"2970\"><strong data-start=\"2790\" data-end=\"2804\">Underh\u00e5ll:<\/strong> <span class=\"relative -mx-px my-[-0.2rem] rounded px-px py-[0.2rem]\">Regelbunden inspektion rekommenderas f\u00f6r att s\u00e4kerst\u00e4lla att enheten fungerar som den ska.<\/span> <span class=\"relative -mx-px my-[-0.2rem] rounded px-px py-[0.2rem]\">Kontrollera att inga f\u00f6rem\u00e5l blockerar ljud- eller ljusutsl\u00e4ppet, och att inga f\u00f6rem\u00e5l har placerats p\u00e5 eller n\u00e4ra enheten som kan p\u00e5verka dess funktion.<\/span><\/p>\n<p data-start=\"2790\" data-end=\"2970\"><span class=\"relative -mx-px my-[-0.2rem] rounded px-px py-[0.2rem]\">Vid behov, reng\u00f6r enheten f\u00f6rsiktigt med en mjuk, torr trasa f\u00f6r att ta bort damm eller smuts.<\/span><\/p>\n<p>&nbsp;<\/p>\n","protected":false},"excerpt":{"rendered":"<p><span class=\"relative -mx-px my-[-0.2rem] rounded px-px py-[0.2rem]\">BS-AH03127-BS_HIGH \u00e4r en elektronisk ljud- och ljussignal som kombinerar h\u00f6g ljudniv\u00e5 med en ljusstark blixt, avsedd f\u00f6r b\u00e5de inomhus- och utomhusbruk.<\/span><\/p>\n<p><span class=\"relative -mx-px my-[-0.2rem] rounded px-px py-[0.2rem]\">Med 32 valbara signaltoner och volymkontroll som standard, erbjuder denna enhet flexibel och effektiv varning i n\u00f6dsituationer.<\/span><\/p>\n","protected":false},"featured_media":140349,"template":"","meta":{"_acf_changed":false},"product_brand":[],"product_cat":[1825,5097],"product_tag":[2959,3042],"class_list":{"0":"post-87766","1":"product","2":"type-product","3":"status-publish","4":"has-post-thumbnail","6":"product_cat-sirener-brand","7":"product_cat-kombisiren-blixt-brand","8":"product_tag-certifierad-en54","9":"product_tag-kombi-siren-blixt","10":"tm-no-options","12":"first","13":"onbackorder","14":"sale","15":"featured","16":"taxable","17":"shipping-taxable","18":"purchasable","19":"product-type-simple"},"acf":[],"_links":{"self":[{"href":"https:\/\/secureus.se\/nl\/wp-json\/wp\/v2\/product\/87766","targetHints":{"allow":["GET"]}}],"collection":[{"href":"https:\/\/secureus.se\/nl\/wp-json\/wp\/v2\/product"}],"about":[{"href":"https:\/\/secureus.se\/nl\/wp-json\/wp\/v2\/types\/product"}],"wp:featuredmedia":[{"embeddable":true,"href":"https:\/\/secureus.se\/nl\/wp-json\/wp\/v2\/media\/140349"}],"wp:attachment":[{"href":"https:\/\/secureus.se\/nl\/wp-json\/wp\/v2\/media?parent=87766"}],"wp:term":[{"taxonomy":"product_brand","embeddable":true,"href":"https:\/\/secureus.se\/nl\/wp-json\/wp\/v2\/product_brand?post=87766"},{"taxonomy":"product_cat","embeddable":true,"href":"https:\/\/secureus.se\/nl\/wp-json\/wp\/v2\/product_cat?post=87766"},{"taxonomy":"product_tag","embeddable":true,"href":"https:\/\/secureus.se\/nl\/wp-json\/wp\/v2\/product_tag?post=87766"}],"curies":[{"name":"wp","href":"https:\/\/api.w.org\/{rel}","templated":true}]}}