{"id":89291,"date":"2024-01-04T15:43:24","date_gmt":"2024-01-04T14:43:24","guid":{"rendered":"https:\/\/secureus.se\/produkt\/fonsterbroms-160-3-l800mm-hoger\/"},"modified":"2026-04-09T10:34:30","modified_gmt":"2026-04-09T08:34:30","slug":"fonsterbroms-dorrbroms-160-3-l800mm-hoger","status":"publish","type":"product","link":"https:\/\/secureus.se\/nl\/fonsterbroms-dorrbroms-160-3-l800mm-hoger\/","title":{"rendered":"ASSA Fix 160\/3 Raamrem \/ Deurrem \u2013 Rechts \u2013 352 mm"},"content":{"rendered":"<p><strong>ASSA Fix 160\/3<\/strong> is \u00e9\u00e9n <strong>f\u00f6nsterbroms f\u00f6r f\u00f6nster och f\u00f6nsterd\u00f6rrar<\/strong> dat samen met gebruikt wordt <strong>ASSA\/FIX espagnolette met overdracht<\/strong> (betecknat med F i ben\u00e4mningen). Den anv\u00e4nds f\u00f6r att h\u00e5lla f\u00f6nster eller altand\u00f6rr \u00f6ppna i ett kontrollerat <strong>ventilatiemodus<\/strong>.<\/p>\n<p>F\u00f6nsterbromsen man\u00f6vreras via spanjolettens handtag. N\u00e4r handtaget st\u00e5r i st\u00e4ngt l\u00e4ge skapas friktion i bromsen som h\u00e5ller b\u00e5gen i \u00f6nskat ventilationsl\u00e4ge. N\u00e4r handtaget \u00f6ppnas f\u00e5r b\u00e5gen fri r\u00f6relse. Konstruktionen g\u00f6r att bromsen slirar vid \u00f6verbelastning f\u00f6r att skydda g\u00e5ngj\u00e4rn och beslag.<\/p>\n<p>Model <strong>160<\/strong> heeft <strong>afneembare framebeugel<\/strong> en wordt samen met de framebeugel gemonteerd. <strong>5580<\/strong> of <strong>5550T<\/strong> die apart worden aangeschaft.<\/p>\n<h3>Kenmerken<\/h3>\n<ul>\n<li>Afneembare framebeugel (150 en 150S hebben een vaste beugel)<\/li>\n<li>F\u00f6r f\u00f6nster och f\u00f6nsterd\u00f6rrar med s\u00e4kerhetsbeslag<\/li>\n<li>Te gebruiken in combinatie met ASSA\/FIX espagnolette met transfer<\/li>\n<li>Bediening via de espagnolettehendel<\/li>\n<li>H\u00e5ller f\u00f6nster eller altand\u00f6rr i ventilationsl\u00e4ge<\/li>\n<li>Schuift door bij overbelasting om scharnieren en bevestigingsonderdelen te beschermen.<\/li>\n<li>Vrije beweging in open handgreeppositie<\/li>\n<li>De houdwrijving neemt toe bij een grotere openingshoek<\/li>\n<\/ul>\n<h3>Afmetingen \u2013 ASSA Fix 160\/3<\/h3>\n<ul>\n<li>Voor boogbreedte: 551\u2013800 mm<\/li>\n<li>Vergrendelingsschachtlengte bij maximale boogbreedte: 657 mm<\/li>\n<li>Lengte van de remkast: 352 mm<\/li>\n<li>Armlengte: 280 mm<\/li>\n<li>Remkastbreedte: 20 mm<\/li>\n<\/ul>\n<h3>Belangrijk om te weten wat links en rechts is.<\/h3>\n<p>De naam <strong>links of rechts<\/strong> Heeft niets te maken met of de deur links- of rechtsdraaiend is.<\/p>\n<p>De variant wordt in plaats daarvan bepaald door <strong>de positie van de remhendel in de remkast<\/strong>.<\/p>\n<p>\u2022 Remhendel aan de linkerkant = linkshandig model<br \/>\n\u2022 Remhendel aan de rechterkant = rechtsgestuurd model<\/p>\n<p>Houd de remkast met de opening naar boven en de korte zijde naar u toe gericht vast wanneer u dit controleert.<\/p>\n<p><strong>Se produktbilderna f\u00f6r att identifiera r\u00e4tt modell.<\/strong> Den f\u00f6rsta bilden i bildspelet visar alltid den specifika bromsen du \u00e4r inne p\u00e5 just nu.<\/p>\n<p><strong>M\u00e5nga best\u00e4ller fel modell av denna typ av produkt.<\/strong> Om du \u00e4r os\u00e4ker p\u00e5 om din befintliga broms matchar bilderna rekommenderar vi att du kontrollerar noggrant innan best\u00e4llning.<\/p>","protected":false},"excerpt":{"rendered":"<div style=\"background: #f6f8fa;padding: 14px;border-radius: 6px;margin: 15px 0\">\n<p><strong>\u2714 Dit model is JUIST<\/strong><\/p>\n<p>Controleer uw bestaande raamrem voordat u bestelt. Houd de remkast vast met de opening naar boven en de korte zijde naar u toe. <strong>Bij aankoop van dit model bevindt de rempen zich aan de rechterkant.<\/strong><\/p>\n<p><img decoding=\"async\" style=\"max-width: 300px;width: 100%;margin-top: 10px;border-radius: 6px\" src=\"https:\/\/secureus.se\/wp-content\/uploads\/2026\/03\/hoger-vanster-enkel.jpg\" alt=\"Handmatige bediening van de linker of rechter raamrem\" \/><\/p>\n<\/div>","protected":false},"featured_media":138510,"template":"","meta":{"_acf_changed":false},"product_brand":[],"product_cat":[3126,4794],"product_tag":[4100,4109,4102,4863],"class_list":{"0":"post-89291","1":"product","2":"type-product","3":"status-publish","4":"has-post-thumbnail","6":"product_cat-fonsterbroms","7":"product_cat-assa-fix-160","8":"product_tag-4100","9":"product_tag-4109","10":"product_tag-hoger","11":"product_tag-pf","12":"product_shipping_class-tunga-paket","13":"pa_brands-abloy","14":"tm-no-options","16":"first","17":"instock","18":"sale","19":"taxable","20":"shipping-taxable","21":"purchasable","22":"product-type-simple"},"acf":[],"_links":{"self":[{"href":"https:\/\/secureus.se\/nl\/wp-json\/wp\/v2\/product\/89291","targetHints":{"allow":["GET"]}}],"collection":[{"href":"https:\/\/secureus.se\/nl\/wp-json\/wp\/v2\/product"}],"about":[{"href":"https:\/\/secureus.se\/nl\/wp-json\/wp\/v2\/types\/product"}],"wp:featuredmedia":[{"embeddable":true,"href":"https:\/\/secureus.se\/nl\/wp-json\/wp\/v2\/media\/138510"}],"wp:attachment":[{"href":"https:\/\/secureus.se\/nl\/wp-json\/wp\/v2\/media?parent=89291"}],"wp:term":[{"taxonomy":"product_brand","embeddable":true,"href":"https:\/\/secureus.se\/nl\/wp-json\/wp\/v2\/product_brand?post=89291"},{"taxonomy":"product_cat","embeddable":true,"href":"https:\/\/secureus.se\/nl\/wp-json\/wp\/v2\/product_cat?post=89291"},{"taxonomy":"product_tag","embeddable":true,"href":"https:\/\/secureus.se\/nl\/wp-json\/wp\/v2\/product_tag?post=89291"}],"curies":[{"name":"wp","href":"https:\/\/api.w.org\/{rel}","templated":true}]}}