{"id":89897,"date":"2024-02-27T13:54:54","date_gmt":"2024-02-27T12:54:54","guid":{"rendered":"https:\/\/secureus.se\/produkt\/batteribackup-12v-5a\/"},"modified":"2026-01-16T11:20:19","modified_gmt":"2026-01-16T10:20:19","slug":"batteribackup-12v-5a","status":"publish","type":"product","link":"https:\/\/secureus.se\/nl\/batteribackup-12v-5a\/","title":{"rendered":"Batterijback-up 12V 5A"},"content":{"rendered":"<h1>Batteribackup 12V 5A<\/h1>\n<p>Upplev en obruten str\u00f6mf\u00f6rs\u00f6rjning med v\u00e5ra 12-24 V batteribackuper.<\/p>\n<p>Designade f\u00f6r att h\u00e5lla dina v\u00e4sentliga system ig\u00e5ng smidigt under str\u00f6mavbrott, ger dessa backups p\u00e5litlig prestanda n\u00e4r du beh\u00f6ver det som mest.<\/p>\n<p>Kompakta men kraftfulla s\u00e4kerst\u00e4ller de att dina enheter f\u00f6rblir str\u00f6mf\u00f6rs\u00f6rjda och erbjuder trygghet f\u00f6r hem, kontor och f\u00f6retag.<\/p>\n<p>F\u00f6rbli uppkopplad och skyddad med v\u00e5ra p\u00e5litliga batteribackupl\u00f6sningar.<\/p>\n<p>H\u00e4r har du mer information om v\u00e5r HPSB batteribackup &#8211; Funktioner:<\/p>\n<p>\u2022 Grundl\u00e4ggande buffertstr\u00f6mf\u00f6rs\u00f6rjning i metallh\u00f6lje f\u00f6r l\u00e5gsp\u00e4nningsystem<\/p>\n<p>\u2022 Str\u00f6mbrytare med effektstr\u00f6mf\u00f6rs\u00f6rjning<\/p>\n<p>\u2022 Skydd mot djup urladdning av batteri<\/p>\n<p>\u2022 M\u00f6jlighet att v\u00e4lja batteriladdningsstr\u00f6m<\/p>\n<p>\u2022 Ett stort urval av modeller med olika elektriska parametrar och batteritj\u00e4nst fr\u00e5n 7Ah till 65Ah.<\/p>\n<p>\u2022 M\u00f6jlighet att anv\u00e4nda monteringsplattor BM1 \/ BM2 f\u00f6r att underl\u00e4tta montering av ytterligare tillbeh\u00f6r.<\/p>\n<h4><span style=\"text-decoration: underline\">Data och specifikationer<\/span><\/h4>\n<p>Str\u00f6mf\u00f6rs\u00f6rjning: 200 &#8211; 240 V AC<\/p>\n<p>Utg\u00e5ng f\u00f6r str\u00f6mf\u00f6rs\u00f6rjning: 5,5 A \/ 13,8 V DC (total utg\u00e5ngsstr\u00f6m med laddning)<\/p>\n<p>Str\u00f6mf\u00f6rs\u00f6rjning f\u00f6r batteri: 0,5\/1A<\/p>\n<p>Batteri: 1 x 18 Ah<\/p>\n<p>M\u00e5tt p\u00e5 batteriutrymme: 215 x 172 x 75 [+\/-2 mm]<\/p>\n<p>Verkningsgrad: 87%<\/p>\n<p>M\u00e5tt: 230 x 300 x 82 [+\/-2 mm]<\/p>\n<p>Avst\u00e5nd fr\u00e5n ytan: 8 mm<\/p>\n<p>Skyddsfunktioner: SCP, OLP, OVP, UVP, sabotage &#8211; \u00f6ppning av h\u00f6lje<\/p>\n<p>St\u00e4ngning: bultad<\/p>\n<p>Installation: ytmonterad<\/p>\n<p>Indikation: LED optisk indikation<\/p>\n<p>Material: st\u00e5l DC01, 0,7 mm, RAL9003 (vit), metallisk<\/p>\n<p>IP-skyddsklass: IP 20<\/p>\n<p>Garanti: 2 \u00e5r<\/p>\n<p><img decoding=\"async\" class=\"alignnone size-medium wp-image-123514573\" src=\"https:\/\/securityonline.se\/wp-content\/uploads\/2024\/02\/HPSB-12V5A-C-1-300x206.png\" alt=\"\" width=\"300\" height=\"206\" \/><\/p>\n<p>&nbsp;<\/p>\n","protected":false},"excerpt":{"rendered":"<p>Batterijback-up 12V 5A met ruimte voor 1 batterij van 18 Ah<\/p>","protected":false},"featured_media":138866,"template":"","meta":{"_acf_changed":false},"product_brand":[],"product_cat":[2721],"product_tag":[3196,3195],"class_list":{"0":"post-89897","1":"product","2":"type-product","3":"status-publish","4":"has-post-thumbnail","6":"product_cat-batteribackuper","7":"product_tag-backup-12v","8":"product_tag-batteribackup-hpsb-12-24v-serie","9":"product_shipping_class-tunga-paket","10":"pa_brands-pulsar","11":"tm-no-options","13":"first","14":"instock","15":"sale","16":"featured","17":"taxable","18":"shipping-taxable","19":"purchasable","20":"product-type-simple"},"acf":[],"_links":{"self":[{"href":"https:\/\/secureus.se\/nl\/wp-json\/wp\/v2\/product\/89897","targetHints":{"allow":["GET"]}}],"collection":[{"href":"https:\/\/secureus.se\/nl\/wp-json\/wp\/v2\/product"}],"about":[{"href":"https:\/\/secureus.se\/nl\/wp-json\/wp\/v2\/types\/product"}],"wp:featuredmedia":[{"embeddable":true,"href":"https:\/\/secureus.se\/nl\/wp-json\/wp\/v2\/media\/138866"}],"wp:attachment":[{"href":"https:\/\/secureus.se\/nl\/wp-json\/wp\/v2\/media?parent=89897"}],"wp:term":[{"taxonomy":"product_brand","embeddable":true,"href":"https:\/\/secureus.se\/nl\/wp-json\/wp\/v2\/product_brand?post=89897"},{"taxonomy":"product_cat","embeddable":true,"href":"https:\/\/secureus.se\/nl\/wp-json\/wp\/v2\/product_cat?post=89897"},{"taxonomy":"product_tag","embeddable":true,"href":"https:\/\/secureus.se\/nl\/wp-json\/wp\/v2\/product_tag?post=89897"}],"curies":[{"name":"wp","href":"https:\/\/api.w.org\/{rel}","templated":true}]}}