{"id":90378,"date":"2024-03-15T09:44:28","date_gmt":"2024-03-15T08:44:28","guid":{"rendered":"https:\/\/secureus.se\/?post_type=product&#038;p=90378"},"modified":"2026-04-08T15:58:17","modified_gmt":"2026-04-08T13:58:17","slug":"cylinderring-59m-13mm-oval-f1-silver","status":"publish","type":"product","link":"https:\/\/secureus.se\/nl\/cylinderring-59m-13mm-oval-f1-silver\/","title":{"rendered":"Cilinderring 59M 13mm Ovaal F1 Zilver"},"content":{"rendered":"<div>HOPPE Cilinderring 59M is aangepast voor ovale cilinders voor deuren met slotbehuizingsmodule of bepaalde binnendeursloten. Verkrijgbaar in verschillende maten. De hoogte van de cilinderringen en de lengte van de schroef worden bepaald door de dikte van de deur en de locatie van het slothuis. 59M is inbegrepen in de cilinderaccessoires ovale knop en kan ook worden gecombineerd met afdekplaat 59F of cilinderring 59F voor de binnenkant.<\/div>\n<div><b><br \/>Eigenschappen:<\/b><\/div>\n<div>\n<ul>\n<li>Voor montage samen met ovale enkele cilinder<\/li>\n<li>Verkrijgbaar in de maten: 6, 8, 11, 13, 16, 18 mm<\/li>\n<li>Materiaal: aluminium<\/li>\n<\/ul>\n<\/div>","protected":false},"excerpt":{"rendered":"<p>HOPPE Cylinderring 59M \u00e4r anpassad f\u00f6r oval cylinder f\u00f6r d\u00f6rrar med l\u00e5shus typ modul eller vissa innerd\u00f6rrsl\u00e5s. Finns i flera olika storlekar. H\u00f6jd p\u00e5 cylinderringar och l\u00e4ngd p\u00e5 skruv avg\u00f6rs<\/p>","protected":false},"featured_media":137907,"template":"","meta":{"_acf_changed":false},"product_brand":[],"product_cat":[3254],"product_tag":[],"class_list":{"0":"post-90378","1":"product","2":"type-product","3":"status-publish","4":"has-post-thumbnail","6":"product_cat-cylinderringar","7":"product_shipping_class-postnord-varubrev","8":"pa_brands-hoppe","9":"tm-no-options","11":"first","12":"instock","13":"sale","14":"taxable","15":"shipping-taxable","16":"purchasable","17":"product-type-simple"},"acf":[],"_links":{"self":[{"href":"https:\/\/secureus.se\/nl\/wp-json\/wp\/v2\/product\/90378","targetHints":{"allow":["GET"]}}],"collection":[{"href":"https:\/\/secureus.se\/nl\/wp-json\/wp\/v2\/product"}],"about":[{"href":"https:\/\/secureus.se\/nl\/wp-json\/wp\/v2\/types\/product"}],"wp:featuredmedia":[{"embeddable":true,"href":"https:\/\/secureus.se\/nl\/wp-json\/wp\/v2\/media\/137907"}],"wp:attachment":[{"href":"https:\/\/secureus.se\/nl\/wp-json\/wp\/v2\/media?parent=90378"}],"wp:term":[{"taxonomy":"product_brand","embeddable":true,"href":"https:\/\/secureus.se\/nl\/wp-json\/wp\/v2\/product_brand?post=90378"},{"taxonomy":"product_cat","embeddable":true,"href":"https:\/\/secureus.se\/nl\/wp-json\/wp\/v2\/product_cat?post=90378"},{"taxonomy":"product_tag","embeddable":true,"href":"https:\/\/secureus.se\/nl\/wp-json\/wp\/v2\/product_tag?post=90378"}],"curies":[{"name":"wp","href":"https:\/\/api.w.org\/{rel}","templated":true}]}}