{"id":90397,"date":"2024-03-15T09:44:29","date_gmt":"2024-03-15T08:44:29","guid":{"rendered":"https:\/\/secureus.se\/?post_type=product&#038;p=90397"},"modified":"2026-04-08T15:49:27","modified_gmt":"2026-04-08T13:49:27","slug":"cylinderring-6mm-rokoko-nickel","status":"publish","type":"product","link":"https:\/\/secureus.se\/nl\/cylinderring-6mm-rokoko-nickel\/","title":{"rendered":"Cilinderring 6mm Rococo Nikkel"},"content":{"rendered":"<p><b>Beschrijving:<br \/>\n<\/b><br \/>\nASSA ABLOY Cilinderring voor ovale rococo cilinder (binnenkant). Verkrijgbaar in verschillende maten. De hoogte van de cilinderringen en de lengte van de schroef worden bepaald door de dikte van de deur en de locatie van het slothuis. De ovale cilinderringen van ASSA ABLOY zijn inbegrepen in cilinderaccessoires 2256 en 18256.<\/p>\n<div><\/div>\n<div><b>Eigenschappen:\u00a0<\/b><\/div>\n<div>\n<ul>\n<li>Voor montage samen met ovale rococo cilinder<\/li>\n<li>Verkrijgbaar in de maten: 6, 8, 11, 13, 16, 18, 21 en 24 mm<\/li>\n<li>Materiaal: Messing<\/li>\n<\/ul>\n<\/div>","protected":false},"excerpt":{"rendered":"<p>Beskrivning: ASSA ABLOY Cylinderring f\u00f6r oval rokoko cylinder (insida). Finns i flera olika storlekar. H\u00f6jd p\u00e5 cylinderringar och l\u00e4ngd p\u00e5 skruv avg\u00f6rs av d\u00f6rrens tjocklek samt placeringen av l\u00e5shuset. ASSA<\/p>","protected":false},"featured_media":137577,"template":"","meta":{"_acf_changed":false},"product_brand":[],"product_cat":[3254],"product_tag":[],"class_list":{"0":"post-90397","1":"product","2":"type-product","3":"status-publish","4":"has-post-thumbnail","6":"product_cat-cylinderringar","7":"product_shipping_class-postnord-varubrev","8":"pa_brands-abloy","9":"tm-no-options","11":"first","12":"instock","13":"taxable","14":"shipping-taxable","15":"purchasable","16":"product-type-simple"},"acf":[],"_links":{"self":[{"href":"https:\/\/secureus.se\/nl\/wp-json\/wp\/v2\/product\/90397","targetHints":{"allow":["GET"]}}],"collection":[{"href":"https:\/\/secureus.se\/nl\/wp-json\/wp\/v2\/product"}],"about":[{"href":"https:\/\/secureus.se\/nl\/wp-json\/wp\/v2\/types\/product"}],"wp:featuredmedia":[{"embeddable":true,"href":"https:\/\/secureus.se\/nl\/wp-json\/wp\/v2\/media\/137577"}],"wp:attachment":[{"href":"https:\/\/secureus.se\/nl\/wp-json\/wp\/v2\/media?parent=90397"}],"wp:term":[{"taxonomy":"product_brand","embeddable":true,"href":"https:\/\/secureus.se\/nl\/wp-json\/wp\/v2\/product_brand?post=90397"},{"taxonomy":"product_cat","embeddable":true,"href":"https:\/\/secureus.se\/nl\/wp-json\/wp\/v2\/product_cat?post=90397"},{"taxonomy":"product_tag","embeddable":true,"href":"https:\/\/secureus.se\/nl\/wp-json\/wp\/v2\/product_tag?post=90397"}],"curies":[{"name":"wp","href":"https:\/\/api.w.org\/{rel}","templated":true}]}}