{"id":90484,"date":"2024-03-15T09:44:27","date_gmt":"2024-03-15T08:44:27","guid":{"rendered":"https:\/\/secureus.se\/?post_type=product&#038;p=90484"},"modified":"2026-04-08T15:52:53","modified_gmt":"2026-04-08T13:52:53","slug":"tackskylt-4291-nickel","status":"publish","type":"product","link":"https:\/\/secureus.se\/nl\/tackskylt-4291-nickel\/","title":{"rendered":"Afdekplaat 4291 Nikkel"},"content":{"rendered":"<div><\/div>\n<div>ASSA ABLOY 4291 is een decoratief lang bord geschikt voor deurversterkingsaccessoires 4292. Kan worden gecombineerd en bevestigd met duw- en cilinderaccessoires. Past op ASSA slotbehuizingen in 50 en 70 doornversies.<b>Eigenschappen:<\/b><\/p>\n<\/div>\n<div>\n<ul>\n<li>Afdekplaat voor deurversterkingstoebehoren 4292<\/li>\n<li>Dekt bestaande uitsparingen af bij het vervangen van sloten<\/li>\n<li>Uitsparingen voor cilinder en pers<\/li>\n<li>Breedte 70 mm.<\/li>\n<li>Hoogte 230 mm.<\/li>\n<li>Dikte: 4 mm<\/li>\n<li>Materiaal: Messing<\/li>\n<li>Verkrijgbaar in verschillende oppervlaktebehandelingen<\/li>\n<\/ul>\n<\/div>","protected":false},"excerpt":{"rendered":"<p>ASSA ABLOY 4291 \u00e4r en dekorativ l\u00e5ngskylt passande d\u00f6rrf\u00f6rst\u00e4rkningsbeh\u00f6r 4292. Kombineras och f\u00e4sts med trycke och cylinderbeh\u00f6r. Passar ASSA l\u00e5shus i 50- och 70 dorns utf\u00f6rande.Egenskaper: T\u00e4ckskylt till d\u00f6rrf\u00f6rst\u00e4rkningsbeh\u00f6r 4292<\/p>","protected":false},"featured_media":137932,"template":"","meta":{"_acf_changed":false},"product_brand":[],"product_cat":[3255],"product_tag":[],"class_list":{"0":"post-90484","1":"product","2":"type-product","3":"status-publish","4":"has-post-thumbnail","6":"product_cat-skyltbehor","7":"product_shipping_class-postnord-varubrev","8":"pa_brands-abloy","9":"tm-no-options","11":"first","12":"instock","13":"sale","14":"taxable","15":"shipping-taxable","16":"purchasable","17":"product-type-simple"},"acf":[],"_links":{"self":[{"href":"https:\/\/secureus.se\/nl\/wp-json\/wp\/v2\/product\/90484","targetHints":{"allow":["GET"]}}],"collection":[{"href":"https:\/\/secureus.se\/nl\/wp-json\/wp\/v2\/product"}],"about":[{"href":"https:\/\/secureus.se\/nl\/wp-json\/wp\/v2\/types\/product"}],"wp:featuredmedia":[{"embeddable":true,"href":"https:\/\/secureus.se\/nl\/wp-json\/wp\/v2\/media\/137932"}],"wp:attachment":[{"href":"https:\/\/secureus.se\/nl\/wp-json\/wp\/v2\/media?parent=90484"}],"wp:term":[{"taxonomy":"product_brand","embeddable":true,"href":"https:\/\/secureus.se\/nl\/wp-json\/wp\/v2\/product_brand?post=90484"},{"taxonomy":"product_cat","embeddable":true,"href":"https:\/\/secureus.se\/nl\/wp-json\/wp\/v2\/product_cat?post=90484"},{"taxonomy":"product_tag","embeddable":true,"href":"https:\/\/secureus.se\/nl\/wp-json\/wp\/v2\/product_tag?post=90484"}],"curies":[{"name":"wp","href":"https:\/\/api.w.org\/{rel}","templated":true}]}}