{"id":90808,"date":"2024-01-15T11:10:10","date_gmt":"2024-01-15T10:10:10","guid":{"rendered":"https:\/\/secureus.se\/eaton-531024full-0060-fulleonsolex-xenon-beacon\/"},"modified":"2026-03-26T14:28:13","modified_gmt":"2026-03-26T13:28:13","slug":"blixtljus-strobe-eaton-solex-xenon-rod-lins-9-60-volt","status":"publish","type":"product","link":"https:\/\/secureus.se\/nl\/blixtljus-strobe-eaton-solex-xenon-rod-lins-9-60-volt\/","title":{"rendered":"Flitslamp Stroboscoop Eaton Solex Xenon Rode Lens 9-60 Volt"},"content":{"rendered":"<div class=\"item-header rd-hyg-item-header\">\n<div class=\"react-scroll-to-bottom--css-ffuyz-1n7m0yu\">\n<div class=\"flex flex-col text-sm pb-9\">\n<div class=\"w-full text-token-text-primary sm:AIPRM__conversation__response\" data-testid=\"conversation-turn-5\">\n<div class=\"px-4 py-2 justify-center text-base md:gap-6 m-auto\">\n<div class=\"flex flex-1 text-base mx-auto gap-3 md:px-5 lg:px-1 xl:px-5 md:max-w-3xl lg:max-w-[40rem] xl:max-w-[48rem] group final-completion\">\n<div class=\"relative flex w-full flex-col agent-turn\">\n<div class=\"flex-col gap-1 md:gap-3\">\n<div class=\"flex flex-grow flex-col max-w-full\">\n<div class=\"min-h-[20px] text-message flex flex-col items-start gap-3 whitespace-pre-wrap break-words [.text-message+&amp;]:mt-5 overflow-x-auto\" data-message-author-role=\"assistant\" data-message-id=\"a55a5c64-4246-4beb-b185-e324c39db4d0\">\n<div class=\"markdown prose w-full break-words dark:prose-invert light AIPRM__conversation__response\">\n<h1>Blixtljus Strobe Eaton Solex Xenon R\u00f6d Lins 9-60 Volt<\/h1>\n<p data-start=\"453\" data-end=\"985\">Eaton Solex Xenon Blixtljus \/ Strobe \u00e4r designat f\u00f6r att erbjuda en effektiv och h\u00e5llbar l\u00f6sning f\u00f6r synlighetskrav i utmanande arbetsmilj\u00f6er.<\/p>\n<p data-start=\"453\" data-end=\"985\">Detta Xenon-blixtljus \u00e4r perfekt f\u00f6r anv\u00e4ndning d\u00e4r det kr\u00e4vs stark visuell varning, och det \u00e4r s\u00e4rskilt anv\u00e4ndbart f\u00f6r industriella och fordonsapplikationer.<\/p>\n<p data-start=\"453\" data-end=\"985\">Tack vare dess kompakta m\u00e5tt och p\u00e5litliga konstruktion \u00e4r den en ideal l\u00f6sning f\u00f6r s\u00e4kerhetsmeddelanden och varningar i m\u00e5nga olika milj\u00f6er.<\/p>\n<p data-start=\"453\" data-end=\"985\">Linsen \u00e4r r\u00f6d, vilket g\u00f6r att den syns tydligt \u00e4ven p\u00e5 l\u00e5ngt avst\u00e5nd.<\/p>\n<p data-start=\"987\" data-end=\"1004\"><strong data-start=\"987\" data-end=\"1001\">Funktioner<\/strong>:<\/p>\n<ul data-start=\"1005\" data-end=\"1434\">\n<li data-start=\"1005\" data-end=\"1136\"><strong data-start=\"1007\" data-end=\"1028\">Kostnadseffektivt<\/strong>: Ett prisv\u00e4rt alternativ f\u00f6r att f\u00f6rb\u00e4ttra s\u00e4kerheten och synligheten utan att kompromissa p\u00e5 kvaliteten.<\/li>\n<li data-start=\"1137\" data-end=\"1232\"><strong data-start=\"1139\" data-end=\"1160\">Anpassningsbarhet<\/strong>: Kompakt och l\u00e4ttinstallerad f\u00f6r ett brett spektrum av applikationer.<\/li>\n<li data-start=\"1233\" data-end=\"1342\"><strong data-start=\"1235\" data-end=\"1259\">H\u00e5llbar konstruktion<\/strong>: Byggd f\u00f6r att klara av tuffa f\u00f6rh\u00e5llanden och p\u00e5litlig \u00e4ven i kr\u00e4vande milj\u00f6er.<\/li>\n<li data-start=\"1343\" data-end=\"1434\"><strong data-start=\"1345\" data-end=\"1373\">Effektiv Xenon-teknologi<\/strong>: Ger kraftfull visuell signal f\u00f6r maximalt synlighetsomr\u00e5de.<\/li>\n<\/ul>\n<p data-start=\"1436\" data-end=\"1689\"><strong data-start=\"1436\" data-end=\"1458\">Anv\u00e4ndningsomr\u00e5den<\/strong>:<br data-start=\"1459\" data-end=\"1462\" \/>Xenon Blixtljus \/ Strobe \u00e4r s\u00e4rskilt l\u00e4mpliga f\u00f6r anv\u00e4ndning inom industriella anl\u00e4ggningar, byggarbetsplatser, fordonsapplikationer och andra milj\u00f6er d\u00e4r det \u00e4r viktigt att kommunicera varning eller fara p\u00e5 ett effektivt s\u00e4tt.<\/p>\n<p data-start=\"1691\" data-end=\"1711\"><strong data-start=\"1691\" data-end=\"1710\">Specifikationer<\/strong>:<\/p>\n<ul data-start=\"1712\" data-end=\"1809\">\n<li data-start=\"1712\" data-end=\"1735\">Sp\u00e4nning: 9-60 Volt<\/li>\n<li data-start=\"1736\" data-end=\"1753\">Linsf\u00e4rg: R\u00f6d<\/li>\n<li data-start=\"1754\" data-end=\"1778\">Xenon-blixtteknologi<\/li>\n<li data-start=\"1779\" data-end=\"1809\">H\u00e5llbar och kompakt design<\/li>\n<\/ul>\n<\/div>\n<\/div>\n<\/div>\n<div class=\"mt-1 flex justify-start gap-3 empty:hidden\">\n<div class=\"text-gray-400 flex self-end lg:self-center items-center justify-center lg:justify-start mt-0 -ml-1 h-7 gap-[2px] visible\">\n<p data-start=\"74\" data-end=\"92\"><strong data-start=\"74\" data-end=\"89\">Dimensioner<\/strong>:<\/p>\n<ul data-start=\"93\" data-end=\"143\">\n<li data-start=\"93\" data-end=\"108\">Djup: 94 mm<\/li>\n<li data-start=\"109\" data-end=\"125\">Bredd: 64 mm<\/li>\n<li data-start=\"126\" data-end=\"143\">Diameter: 93 mm<\/li>\n<\/ul>\n<\/div>\n<\/div>\n<\/div>\n<\/div>\n<\/div>\n<\/div>\n<\/div>\n<\/div>\n<\/div>\n<\/div>\n","protected":false},"excerpt":{"rendered":"<p>Xenon-flitslicht\/stroboscoop is een kosteneffectieve optie om de zichtbaarheid en veiligheid in verschillende toepassingen te verbeteren.<\/p>\n<p>Dankzij de krachtige Xenon-technologie en het compacte ontwerp is deze stroboscooplamp bijzonder nuttig in omgevingen waar het belangrijk is om de aandacht te trekken met een sterke visuele waarschuwing.<\/p>","protected":false},"featured_media":138725,"template":"","meta":{"_acf_changed":false},"product_brand":[],"product_cat":[1562,5097,1825],"product_tag":[],"class_list":{"0":"post-90808","1":"product","2":"type-product","3":"status-publish","4":"has-post-thumbnail","6":"product_cat-larmdon-blixtljus","7":"product_cat-kombisiren-blixt-brand","8":"product_cat-sirener-brand","9":"product_shipping_class-tunga-paket","10":"pa_brands-eaton","11":"tm-no-options","13":"first","14":"instock","15":"sale","16":"featured","17":"taxable","18":"shipping-taxable","19":"purchasable","20":"product-type-simple"},"acf":[],"_links":{"self":[{"href":"https:\/\/secureus.se\/nl\/wp-json\/wp\/v2\/product\/90808","targetHints":{"allow":["GET"]}}],"collection":[{"href":"https:\/\/secureus.se\/nl\/wp-json\/wp\/v2\/product"}],"about":[{"href":"https:\/\/secureus.se\/nl\/wp-json\/wp\/v2\/types\/product"}],"wp:featuredmedia":[{"embeddable":true,"href":"https:\/\/secureus.se\/nl\/wp-json\/wp\/v2\/media\/138725"}],"wp:attachment":[{"href":"https:\/\/secureus.se\/nl\/wp-json\/wp\/v2\/media?parent=90808"}],"wp:term":[{"taxonomy":"product_brand","embeddable":true,"href":"https:\/\/secureus.se\/nl\/wp-json\/wp\/v2\/product_brand?post=90808"},{"taxonomy":"product_cat","embeddable":true,"href":"https:\/\/secureus.se\/nl\/wp-json\/wp\/v2\/product_cat?post=90808"},{"taxonomy":"product_tag","embeddable":true,"href":"https:\/\/secureus.se\/nl\/wp-json\/wp\/v2\/product_tag?post=90808"}],"curies":[{"name":"wp","href":"https:\/\/api.w.org\/{rel}","templated":true}]}}