{"id":90892,"date":"2024-03-27T11:42:38","date_gmt":"2024-03-27T10:42:38","guid":{"rendered":"https:\/\/secureus.se\/plomberingstrad-bla-finns-aven-med-graverad-eller-tryckt-logga-text\/"},"modified":"2026-03-11T16:25:01","modified_gmt":"2026-03-11T15:25:01","slug":"plomberingstrad-bla-finns-aven-med-graverad-eller-tryckt-logga-text","status":"publish","type":"product","link":"https:\/\/secureus.se\/nl\/plomberingstrad-bla-finns-aven-med-graverad-eller-tryckt-logga-text\/","title":{"rendered":"Afdichtdraad Blauw Standaard \u2013 Logo\/tekst aanpasbaar"},"content":{"rendered":"<h2 data-section-id=\"tzpez3\" data-start=\"601\" data-end=\"657\">Afdichtingsdraad voor nooddeuren en veiligheidsuitrusting<\/h2>\n<p data-start=\"658\" data-end=\"833\">Denna bl\u00e5a plomberingstr\u00e5d anv\u00e4nds f\u00f6r att markera och s\u00e4kra utrustning som endast ska anv\u00e4ndas vid behov, till exempel n\u00f6dd\u00f6rrar, brandsl\u00e4ckare och annan s\u00e4kerhetsutrustning.<\/p>\n<p data-start=\"835\" data-end=\"994\">De verzegeling maakt het mogelijk om snel te zien of de apparatuur is geopend of gebruikt. Wanneer de verzegelingsdraad is verbroken, is direct duidelijk dat er met het apparaat is geknoeid.<\/p>\n<p data-start=\"996\" data-end=\"1171\">Dit maakt het product bijzonder nuttig in omgevingen waar veiligheidsapparatuur regelmatig gecontroleerd moet worden, zoals in gebouwen, industrie\u00ebn, scholen en openbare ruimten.<\/p>\n<hr data-start=\"1173\" data-end=\"1176\" \/>\n<h2 data-section-id=\"1pcm1ba\" data-start=\"1178\" data-end=\"1229\">Personaliseer het zegel met uw eigen tekst of logo.<\/h2>\n<p data-start=\"1230\" data-end=\"1400\">Deze afdichtingsdraad kan ook besteld worden met <strong data-start=\"1275\" data-end=\"1302\">eigen tekst of logo<\/strong>. Personalisatie is mogelijk door middel van kleurendruk of lasergravure en is ook geschikt voor kleinere series.<\/p>\n<p data-start=\"1402\" data-end=\"1460\">Dit maakt het bijvoorbeeld mogelijk om het zegel te markeren met:<\/p>\n<ul data-start=\"1462\" data-end=\"1532\">\n<li data-section-id=\"nzxgki\" data-start=\"1462\" data-end=\"1478\">\n<p data-start=\"1464\" data-end=\"1478\">bedrijfsnaam<\/p>\n<\/li>\n<li data-section-id=\"cej8am\" data-start=\"1479\" data-end=\"1490\">\n<p data-start=\"1481\" data-end=\"1490\">logo<\/p>\n<\/li>\n<li data-section-id=\"1uptt1j\" data-start=\"1491\" data-end=\"1509\">\n<p data-start=\"1493\" data-end=\"1509\">controlenummer<\/p>\n<\/li>\n<li data-section-id=\"1f8c95p\" data-start=\"1510\" data-end=\"1532\">\n<p data-start=\"1512\" data-end=\"1532\">eigen beveiligingstekst<\/p>\n<\/li>\n<\/ul>\n<hr data-start=\"1534\" data-end=\"1537\" \/>\n<h2 data-section-id=\"1dhihmh\" data-start=\"1539\" data-end=\"1556\">Lasergraveren<\/h2>\n<p data-start=\"1557\" data-end=\"1678\">Bij lasergraveren wordt de tekst in het materiaal gebrand. Het resultaat is een <strong data-start=\"1626\" data-end=\"1652\">licht- of donkergrijze tint<\/strong> afhankelijk van de kleur van de band.<\/p>\n<p data-start=\"1680\" data-end=\"1762\">Lasergraveren zorgt voor een permanente en duurzame markering die moeilijk te manipuleren is.<\/p>\n<hr data-start=\"1764\" data-end=\"1767\" \/>\n<h1 data-section-id=\"16fopcq\" data-start=\"1769\" data-end=\"1779\">Voordelen<\/h1>\n<ul data-start=\"1781\" data-end=\"2002\">\n<li data-section-id=\"ls77ve\" data-start=\"1781\" data-end=\"1823\">\n<p data-start=\"1783\" data-end=\"1823\">Geeft direct aan of apparatuur is geopend.<\/p>\n<\/li>\n<li data-section-id=\"1pqowha\" data-start=\"1824\" data-end=\"1869\">\n<p data-start=\"1826\" data-end=\"1869\">Voorkomt onnodig gebruik van nooddeuren.<\/p>\n<\/li>\n<li data-section-id=\"1vnjlqh\" data-start=\"1870\" data-end=\"1923\">\n<p data-start=\"1872\" data-end=\"1923\">Geschikt voor brandblussers en veiligheidsuitrusting.<\/p>\n<\/li>\n<li data-section-id=\"dhsf4s\" data-start=\"1924\" data-end=\"1968\">\n<p data-start=\"1926\" data-end=\"1968\">Kan worden gepersonaliseerd met uw eigen tekst of logo.<\/p>\n<\/li>\n<li data-section-id=\"1ofabbw\" data-start=\"1969\" data-end=\"2002\">\n<p data-start=\"1971\" data-end=\"2002\">Eenvoudig te monteren en te gebruiken.<\/p>\n<\/li>\n<\/ul>\n<hr data-start=\"2004\" data-end=\"2007\" \/>\n<h1 data-section-id=\"brc9ws\" data-start=\"2009\" data-end=\"2037\">Veelvoorkomende toepassingen<\/h1>\n<ul data-start=\"2039\" data-end=\"2133\">\n<li data-section-id=\"1hfb5n9\" data-start=\"2039\" data-end=\"2052\">\n<p data-start=\"2041\" data-end=\"2052\">Nooddeuren<\/p>\n<\/li>\n<li data-section-id=\"1glgnsm\" data-start=\"2053\" data-end=\"2070\">\n<p data-start=\"2055\" data-end=\"2070\">Brandblusser<\/p>\n<\/li>\n<li data-section-id=\"ybft18\" data-start=\"2071\" data-end=\"2086\">\n<p data-start=\"2073\" data-end=\"2086\">Brandkranen<\/p>\n<\/li>\n<li data-section-id=\"hh5nt0\" data-start=\"2087\" data-end=\"2104\">\n<p data-start=\"2089\" data-end=\"2104\">Kluisje<\/p>\n<\/li>\n<li data-section-id=\"1d7qlpj\" data-start=\"2105\" data-end=\"2133\">\n<p data-start=\"2107\" data-end=\"2133\">Vastgoedinstallaties<\/p>\n<\/li>\n<\/ul>\n<hr data-start=\"2135\" data-end=\"2138\" \/>\n<h1 data-section-id=\"vb28v8\" data-start=\"2140\" data-end=\"2157\">Specificaties<\/h1>\n<p data-start=\"2159\" data-end=\"2248\">Maat: <strong data-start=\"2168\" data-end=\"2183\">250 \u00d7 20 mm<\/strong><br data-start=\"2183\" data-end=\"2186\" \/>Verf: <strong>Blauw<\/strong><br data-start=\"2199\" data-end=\"2202\" \/>Type: <strong data-start=\"2207\" data-end=\"2248\">Verzegelingsdraad \/ veiligheidszegel<\/strong><\/p>\n<p data-start=\"2159\" data-end=\"2248\">Wil je meer weten over hoe afdichten werkt?<br data-start=\"2755\" data-end=\"2758\" \/>Lees onze handleiding: <a href=\"https:\/\/secureus.se\/nl\/vad-ar-plomberingstrad-sa-fungerar-sakerhetsplombering\/\" target=\"_blank\" rel=\"noopener\"><strong data-start=\"2775\" data-end=\"2854\">Wat is afdichtingsdraad en hoe wordt het gebruikt voor nooddeuren en brandblussers?<\/strong><\/a><\/p>\n<p data-start=\"2159\" data-end=\"2248\">","protected":false},"excerpt":{"rendered":"<p data-start=\"335\" data-end=\"528\">Blauwe afdichtingsdraad voor het markeren en afdichten van nooddeuren, brandblussers en andere veiligheidsapparatuur.<\/p>\n<p data-start=\"335\" data-end=\"528\">Dankzij de verzegeling is snel te zien of een apparaat is geopend of gemanipuleerd.<\/p>\n<p data-start=\"530\" data-end=\"653\">Het wordt vaak gebruikt in gebouwen, openbare ruimtes en industrie\u00ebn waar veiligheidsapparatuur regelmatig gecontroleerd moet worden.<\/p>","protected":false},"featured_media":161208,"template":"","meta":{"_acf_changed":false},"product_brand":[],"product_cat":[1332,1560,3224],"product_tag":[2958],"class_list":{"0":"post-90892","1":"product","2":"type-product","3":"status-publish","4":"has-post-thumbnail","6":"product_cat-utrymning-tillbehor","7":"product_cat-branddorrstangning","8":"product_cat-nodutrymning","9":"product_tag-stonehouse-produkt","10":"product_shipping_class-postnord-varubrev","11":"pa_brands-stonehouse-security","12":"tm-has-options","14":"first","15":"instock","16":"sale","17":"featured","18":"taxable","19":"shipping-taxable","20":"purchasable","21":"product-type-simple"},"acf":[],"_links":{"self":[{"href":"https:\/\/secureus.se\/nl\/wp-json\/wp\/v2\/product\/90892","targetHints":{"allow":["GET"]}}],"collection":[{"href":"https:\/\/secureus.se\/nl\/wp-json\/wp\/v2\/product"}],"about":[{"href":"https:\/\/secureus.se\/nl\/wp-json\/wp\/v2\/types\/product"}],"wp:featuredmedia":[{"embeddable":true,"href":"https:\/\/secureus.se\/nl\/wp-json\/wp\/v2\/media\/161208"}],"wp:attachment":[{"href":"https:\/\/secureus.se\/nl\/wp-json\/wp\/v2\/media?parent=90892"}],"wp:term":[{"taxonomy":"product_brand","embeddable":true,"href":"https:\/\/secureus.se\/nl\/wp-json\/wp\/v2\/product_brand?post=90892"},{"taxonomy":"product_cat","embeddable":true,"href":"https:\/\/secureus.se\/nl\/wp-json\/wp\/v2\/product_cat?post=90892"},{"taxonomy":"product_tag","embeddable":true,"href":"https:\/\/secureus.se\/nl\/wp-json\/wp\/v2\/product_tag?post=90892"}],"curies":[{"name":"wp","href":"https:\/\/api.w.org\/{rel}","templated":true}]}}