{"id":92673,"date":"2024-06-12T13:12:50","date_gmt":"2024-06-12T11:12:50","guid":{"rendered":"https:\/\/secureus.se\/provkit-solo-3-4-m-provning-rok-roka-webbutik\/"},"modified":"2026-03-26T12:28:29","modified_gmt":"2026-03-26T11:28:29","slug":"provkit-solo-3-4-m-provning-rok","status":"publish","type":"product","link":"https:\/\/secureus.se\/nl\/provkit-solo-3-4-m-provning-rok\/","title":{"rendered":"Testkit Solo 3 \u2013 4 m \u2013 Rook testen"},"content":{"rendered":"<h1>Testkit Solo 3 \u2013 4 m \u2013 Rook testen<\/h1>\n<h3 data-start=\"303\" data-end=\"347\">Provkit f\u00f6r r\u00f6kdetektorer upp till 4\u202fm<\/h3>\n<p data-start=\"348\" data-end=\"589\">Solo\u202f3 \u00e4r utformat f\u00f6r enkel och s\u00e4ker provning av r\u00f6kdetektorer i automatiska brandlarmsanl\u00e4ggningar p\u00e5 l\u00e4gre h\u00f6jder.<\/p>\n<p data-start=\"348\" data-end=\"589\">Kitet kombinerar teleskopst\u00e5ng, detektortestare och testgasflaskor, vilket g\u00f6r det smidigt att anv\u00e4nda och transportera.<\/p>\n<h3 data-start=\"591\" data-end=\"614\">Inneh\u00e5ll i Solo\u202f3<\/h3>\n<ul data-start=\"615\" data-end=\"934\">\n<li data-start=\"615\" data-end=\"724\">\n<p data-start=\"617\" data-end=\"724\"><strong data-start=\"617\" data-end=\"645\">Detector tester Solo 330<\/strong> \u2013 voor rook- en koolmonoxidemelders, alleen te gebruiken met Solo A5 en Solo C3.<\/p>\n<\/li>\n<li data-start=\"725\" data-end=\"847\">\n<p data-start=\"727\" data-end=\"847\"><strong data-start=\"727\" data-end=\"753\">Telescopische stok Solo 108<\/strong> \u2013 2,5\u202fm, glasfiber, l\u00e4tt och styv, kan kombineras med Solo\u202f101-f\u00f6rl\u00e4ngare f\u00f6r h\u00f6gre h\u00f6jder.<\/p>\n<\/li>\n<li data-start=\"848\" data-end=\"934\">\n<p data-start=\"850\" data-end=\"934\"><strong data-start=\"850\" data-end=\"880\">3 \u00d7 Solo A5 testgasflessen<\/strong> \u2013 rooktest, voldoende voor ongeveer 400 tests per fles.<\/p>\n<\/li>\n<\/ul>\n<h3 data-start=\"936\" data-end=\"968\">Eenvoudig en veilig in gebruik.<\/h3>\n<ol data-start=\"969\" data-end=\"1249\">\n<li data-start=\"969\" data-end=\"1019\">\n<p data-start=\"972\" data-end=\"1019\">Montera Solo\u202f330 p\u00e5 Solo\u202f108 f\u00f6r \u00f6nskad h\u00f6jd.<\/p>\n<\/li>\n<li data-start=\"1020\" data-end=\"1081\">\n<p data-start=\"1023\" data-end=\"1081\">Schud de Solo A5 testgasfles en plaats deze in de tester.<\/p>\n<\/li>\n<li data-start=\"1082\" data-end=\"1180\">\n<p data-start=\"1085\" data-end=\"1180\">Plaats het bekertje rond de detector, druk het lichtjes tegen het plafond en laat het gas er ongeveer 1 seconde uitstromen.<\/p>\n<\/li>\n<li data-start=\"1181\" data-end=\"1249\">\n<p data-start=\"1184\" data-end=\"1249\">Wacht ongeveer 10 seconden totdat de detector een alarm afgeeft; herhaal indien nodig.<\/p>\n<\/li>\n<\/ol>\n<h3 data-start=\"1251\" data-end=\"1276\">F\u00f6rdelar med Solo\u202f3<\/h3>\n<ul data-start=\"1277\" data-end=\"1477\">\n<li data-start=\"1277\" data-end=\"1302\">\n<p data-start=\"1279\" data-end=\"1302\">R\u00e4ckvidd upp till 4\u202fm<\/p>\n<\/li>\n<li data-start=\"1303\" data-end=\"1341\">\n<p data-start=\"1305\" data-end=\"1341\">Test zowel rook- als koolmonoxidemelders.<\/p>\n<\/li>\n<li data-start=\"1342\" data-end=\"1374\">\n<p data-start=\"1344\" data-end=\"1374\">Compact en gemakkelijk te hanteren.<\/p>\n<\/li>\n<li data-start=\"1375\" data-end=\"1420\">\n<p data-start=\"1377\" data-end=\"1420\">Eenvoudige montage en gebruik van de tester<\/p>\n<\/li>\n<li data-start=\"1421\" data-end=\"1477\">\n<p data-start=\"1423\" data-end=\"1477\">Testgasflessen zijn voldoende voor ongeveer 400 monsters per fles.<\/p>\n<\/li>\n<\/ul>\n<h3 data-start=\"1479\" data-end=\"1509\">Technische specificaties<\/h3>\n<ul data-start=\"1510\" data-end=\"1738\">\n<li data-start=\"1510\" data-end=\"1541\">\n<p data-start=\"1512\" data-end=\"1541\">Provningsh\u00f6jd: upp till 4\u202fm<\/p>\n<\/li>\n<li data-start=\"1542\" data-end=\"1587\">\n<p data-start=\"1544\" data-end=\"1587\">Inneh\u00e5ll: Solo\u202f330, Solo\u202f108, 3 \u00d7 Solo\u202fA5<\/p>\n<\/li>\n<li data-start=\"1588\" data-end=\"1642\">\n<p data-start=\"1590\" data-end=\"1642\">Materiaal van de stang: Glasvezel, niet-elektrisch geleidend<\/p>\n<\/li>\n<li data-start=\"1643\" data-end=\"1690\">\n<p data-start=\"1645\" data-end=\"1690\">Testcapaciteit gasfles: ca. 400 monsters\/fles<\/p>\n<\/li>\n<li data-start=\"1691\" data-end=\"1738\">\n<p data-start=\"1693\" data-end=\"1738\">Compatibel met: Solo- en Testifire-testers<\/p>\n<\/li>\n<\/ul>","protected":false},"excerpt":{"rendered":"<p>De Solo 3 testkit is een compacte kit voor het testen van rookmelders tot een hoogte van circa 4 meter.<\/p>\n<p>Bevat de Solo 108 telescopische steel, de Solo 330 detectortester en 3 Solo A5 testgasflessen (voorheen Solo A3).<\/p>\n<p>Perfect voor maandelijkse en driemaandelijkse tests op lage hoogte.<\/p>","protected":false},"featured_media":137525,"template":"","meta":{"_acf_changed":false},"product_brand":[],"product_cat":[3849,2945],"product_tag":[],"class_list":{"0":"post-92673","1":"product","2":"type-product","3":"status-publish","4":"has-post-thumbnail","6":"product_cat-solo-kit","7":"product_cat-solo","8":"product_shipping_class-tunga-paket","9":"tm-no-options","11":"first","12":"onbackorder","13":"taxable","14":"shipping-taxable","15":"purchasable","16":"product-type-simple"},"acf":[],"_links":{"self":[{"href":"https:\/\/secureus.se\/nl\/wp-json\/wp\/v2\/product\/92673","targetHints":{"allow":["GET"]}}],"collection":[{"href":"https:\/\/secureus.se\/nl\/wp-json\/wp\/v2\/product"}],"about":[{"href":"https:\/\/secureus.se\/nl\/wp-json\/wp\/v2\/types\/product"}],"wp:featuredmedia":[{"embeddable":true,"href":"https:\/\/secureus.se\/nl\/wp-json\/wp\/v2\/media\/137525"}],"wp:attachment":[{"href":"https:\/\/secureus.se\/nl\/wp-json\/wp\/v2\/media?parent=92673"}],"wp:term":[{"taxonomy":"product_brand","embeddable":true,"href":"https:\/\/secureus.se\/nl\/wp-json\/wp\/v2\/product_brand?post=92673"},{"taxonomy":"product_cat","embeddable":true,"href":"https:\/\/secureus.se\/nl\/wp-json\/wp\/v2\/product_cat?post=92673"},{"taxonomy":"product_tag","embeddable":true,"href":"https:\/\/secureus.se\/nl\/wp-json\/wp\/v2\/product_tag?post=92673"}],"curies":[{"name":"wp","href":"https:\/\/api.w.org\/{rel}","templated":true}]}}