{"id":92797,"date":"2024-06-16T12:32:34","date_gmt":"2024-06-16T10:32:34","guid":{"rendered":"https:\/\/secureus.se\/?post_type=product&#038;p=92797"},"modified":"2026-04-08T15:50:45","modified_gmt":"2026-04-08T13:50:45","slug":"dorrbroms-328","status":"publish","type":"product","link":"https:\/\/secureus.se\/nl\/dorrbroms-328\/","title":{"rendered":"Deurrem ASSA ABLOY Fix 328 naar buiten openende deur"},"content":{"rendered":"<p>ASSA ABLOY 328 is een deurrem voor naar buiten openende deuren. Houdt de deur door middel van wrijving in de gewenste positie. Gebruikt voor opslagdeuren en lichtere binnendeuren.<\/p>\n<p><b>Eigenschappen:\u00a0<\/b><\/p>\n<ul>\n<li>Voor naar buiten openende deuren (328A voor naar binnen openende deuren).<\/li>\n<li>Houdt de deur met wrijving in de gewenste openingspositie.<\/li>\n<li>Met de stelmoer kan de remkracht worden gevarieerd.<\/li>\n<li>De arm kan worden losgemaakt van de framebevestiging.<\/li>\n<li>Past zowel rechts als links.<\/li>\n<li>Aanbevolen schroef: TKX 4,5 mm.<\/li>\n<\/ul>\n<div><\/div>","protected":false},"excerpt":{"rendered":"<p>ASSA ABLOY 328 \u00e4r en d\u00f6rrbroms f\u00f6r ut\u00e5tg\u00e5ende d\u00f6rrar. H\u00e5ller fast d\u00f6rren i \u00f6nskat l\u00e4ge med hj\u00e4lp av friktion. Anv\u00e4nds f\u00f6r f\u00f6rr\u00e5dsd\u00f6rrar och l\u00e4ttare innerd\u00f6rrar. Egenskaper:\u00a0 F\u00f6r ut\u00e5tg\u00e5ende d\u00f6rrar (328A<\/p>","protected":false},"featured_media":137146,"template":"","meta":{"_acf_changed":false},"product_brand":[],"product_cat":[3370],"product_tag":[],"class_list":{"0":"post-92797","1":"product","2":"type-product","3":"status-publish","4":"has-post-thumbnail","6":"product_cat-dorrbroms-dorrbromsar","7":"product_shipping_class-tunga-paket","8":"pa_brands-abloy","9":"tm-no-options","11":"first","12":"instock","13":"sale","14":"taxable","15":"shipping-taxable","16":"purchasable","17":"product-type-simple"},"acf":[],"_links":{"self":[{"href":"https:\/\/secureus.se\/nl\/wp-json\/wp\/v2\/product\/92797","targetHints":{"allow":["GET"]}}],"collection":[{"href":"https:\/\/secureus.se\/nl\/wp-json\/wp\/v2\/product"}],"about":[{"href":"https:\/\/secureus.se\/nl\/wp-json\/wp\/v2\/types\/product"}],"wp:featuredmedia":[{"embeddable":true,"href":"https:\/\/secureus.se\/nl\/wp-json\/wp\/v2\/media\/137146"}],"wp:attachment":[{"href":"https:\/\/secureus.se\/nl\/wp-json\/wp\/v2\/media?parent=92797"}],"wp:term":[{"taxonomy":"product_brand","embeddable":true,"href":"https:\/\/secureus.se\/nl\/wp-json\/wp\/v2\/product_brand?post=92797"},{"taxonomy":"product_cat","embeddable":true,"href":"https:\/\/secureus.se\/nl\/wp-json\/wp\/v2\/product_cat?post=92797"},{"taxonomy":"product_tag","embeddable":true,"href":"https:\/\/secureus.se\/nl\/wp-json\/wp\/v2\/product_tag?post=92797"}],"curies":[{"name":"wp","href":"https:\/\/api.w.org\/{rel}","templated":true}]}}