{"id":97562,"date":"2024-08-21T19:29:11","date_gmt":"2024-08-21T17:29:11","guid":{"rendered":"https:\/\/secureus.se\/?post_type=product&#038;p=97562"},"modified":"2026-04-08T15:35:53","modified_gmt":"2026-04-08T13:35:53","slug":"trycke-1937-40-75mm-mattkrom","status":"publish","type":"product","link":"https:\/\/secureus.se\/nl\/trycke-1937-40-75mm-mattkrom\/","title":{"rendered":"Deurkruk Trycke 1937 40-75mm Mat chroom \u2013 Assa Abloy"},"content":{"rendered":"<div>ASSA ABLOY 1937 is een moderne, funky handgreep, ontworpen met focus op functie. Decoratieve elementen werden in de jaren dertig weggerationaliseerd en toch is het de eenvoud die het mooi maakt. 1937 maakt deel uit van de ASSA ABLOY Epok-serie. Geschikt voor buitendeuren, toegangsdeuren en binnendeuren met modulaire sloten.<\/p>\n<p><b>Eigenschappen:<\/b><\/p>\n<ul>\n<li>Materiaal: messing<\/li>\n<li>Verkrijgbaar in verschillende decoratieve afwerkingen; Prion, Nikkel, Chroom, Mat chroom, Gepolijst messing, Geborsteld messing, Mat zwart MIRUS.<\/li>\n<li>Terugstelveer die de roeiveer van het slothuis ontlast en ervoor zorgt dat de druk horizontaal blijft<\/li>\n<li>Standaard levering voor deurdikte 40-75 mm<\/li>\n<li>Rozet: \u00d8 52 mm<\/li>\n<li>Past op Connect \/ Classic moduleslotbehuizing<\/li>\n<li>Past niet op slotbehuizing ABLOY 2014 of gelijkwaardige binnendeurkast<\/li>\n<li>Voor buiten-\/binnendeur<\/li>\n<\/ul>\n<div><b>Het pakket bevat:<\/b><\/div>\n<div>\n<ul>\n<li>2 stuks Helften indrukken (handvatten).<\/li>\n<li>2 stuks Drukschroeven M5. (schroef draaien)<\/li>\n<li>2 O-ringen.<\/li>\n<li>2 stuks Wartelmoer M5.<\/li>\n<li>2 stuks Drukpennen 8x8x102 mm en 8x8x120 mm.<\/li>\n<\/ul>\n<\/div>\n<\/div>","protected":false},"excerpt":{"rendered":"<p>ASSA ABLOY 1937 \u00e4r ett modernt funkishandtag utformat med funktionen i fokus. Dekorativa inslag rationaliserades bort p\u00e5 1930-talet och \u00e4nd\u00e5 \u00e4r det enkelheten som g\u00f6r det vackert. 1937 ing\u00e5r i<\/p>","protected":false},"featured_media":136634,"template":"","meta":{"_acf_changed":false},"product_brand":[],"product_cat":[4124,4125],"product_tag":[],"class_list":{"0":"post-97562","1":"product","2":"type-product","3":"status-publish","4":"has-post-thumbnail","6":"product_cat-dorrhandtag-innerdorr","7":"product_cat-dorrhandtag-ytterdorr","8":"product_shipping_class-postnord-varubrev","9":"pa_brands-abloy","10":"tm-no-options","12":"first","13":"instock","14":"sale","15":"taxable","16":"shipping-taxable","17":"purchasable","18":"product-type-simple"},"acf":[],"_links":{"self":[{"href":"https:\/\/secureus.se\/nl\/wp-json\/wp\/v2\/product\/97562","targetHints":{"allow":["GET"]}}],"collection":[{"href":"https:\/\/secureus.se\/nl\/wp-json\/wp\/v2\/product"}],"about":[{"href":"https:\/\/secureus.se\/nl\/wp-json\/wp\/v2\/types\/product"}],"wp:featuredmedia":[{"embeddable":true,"href":"https:\/\/secureus.se\/nl\/wp-json\/wp\/v2\/media\/136634"}],"wp:attachment":[{"href":"https:\/\/secureus.se\/nl\/wp-json\/wp\/v2\/media?parent=97562"}],"wp:term":[{"taxonomy":"product_brand","embeddable":true,"href":"https:\/\/secureus.se\/nl\/wp-json\/wp\/v2\/product_brand?post=97562"},{"taxonomy":"product_cat","embeddable":true,"href":"https:\/\/secureus.se\/nl\/wp-json\/wp\/v2\/product_cat?post=97562"},{"taxonomy":"product_tag","embeddable":true,"href":"https:\/\/secureus.se\/nl\/wp-json\/wp\/v2\/product_tag?post=97562"}],"curies":[{"name":"wp","href":"https:\/\/api.w.org\/{rel}","templated":true}]}}