{"id":11750,"date":"2022-06-10T10:08:44","date_gmt":"2022-06-10T08:08:44","guid":{"rendered":"https:\/\/secureus.se\/?page_id=11750"},"modified":"2026-03-13T14:03:39","modified_gmt":"2026-03-13T13:03:39","slug":"kundservice","status":"publish","type":"page","link":"https:\/\/secureus.se\/no\/kundservice\/","title":{"rendered":"Kundeservice"},"content":{"rendered":"<div class=\"wpb-content-wrapper\"><div class=\"vc_row wpb_row vc_row-fluid\"><\/div><div class=\"wpb_column vc_column_container vc_col-sm-12\"><div class=\"vc_column-inner\"><div class=\"wpb_wrapper\"><\/div><\/div><\/div>\n\t<div class=\"wpb_text_column wpb_content_element\" >\n\t\t<div class=\"wpb_wrapper\">\n\t\t\t\n\t\t<\/div>\n\t<\/div>\n<div class=\"vc_row wpb_row vc_row-fluid\"><\/div><div class=\"wpb_column vc_column_container vc_col-sm-12\"><div class=\"vc_column-inner\"><div class=\"wpb_wrapper\"><\/div><\/div><\/div>\n\t<div class=\"wpb_text_column wpb_content_element\" >\n\t\t<div class=\"wpb_wrapper\">\n\t\t\t\n\t\t<\/div>\n\t<\/div>\n<h1><strong>Kontakt oss<\/strong><\/h1>\n<p style=\"text-align: left;\">Ta gjerne kontakt med oss ved \u00e5 bruke informasjonen nedenfor.<\/p>\n<p style=\"text-align: left;\">Vi vil svare p\u00e5 henvendelser som gjelder faktiske kj\u00f8p eller bestillinger s\u00e5 snart som mulig og senest innen 48 timer. Ved reklamasjon eller retur ber vi deg om \u00e5 oppgi s\u00e5 mange detaljer som mulig. Fyll ut skjemaet p\u00e5 denne lenken <strong><a href=\"https:\/\/secureus.se\/no\/retur-reklamation\/\">www.secureus.se\/retur<\/a><\/strong><br \/>\nSkriv inn ordrenummeret og legg ved bilder hvis det er n\u00f8dvendig.<\/p>\n<p><strong>E-post<\/strong>: secureus@secureus.se<br \/>\n<strong>E-post faktura sp\u00f8rsm\u00e5l og faktura<\/strong>: invoice@secureus.se<br \/>\n<strong>Organisasjonsnummer<\/strong>: 559189-7383<br \/>\n<strong>mva<\/strong>: SE559189738301<br \/>\n<strong>Eori<\/strong>: SE5591897383<br \/>\n<strong>Tlf<\/strong>: +46 31 70 70 201 <em data-start=\"389\" data-end=\"421\">(Vi snakker engelsk og svensk)<\/em><\/p>\n<p>\ud83d\udd53 <strong data-start=\"245\" data-end=\"260\">\u00c5pningstider for b\u00f8rsen:<\/strong><br data-start=\"260\" data-end=\"263\" \/>Mandag\u2013torsdag: 10:00\u201316:00<br data-start=\"288\" data-end=\"291\" \/>Fredag: 10:00\u201315:00<br \/>\n<em data-start=\"389\" data-end=\"421\"><br \/>\n<\/em><strong>Bankkonto \u2013 Swedbank<\/strong>: 8327-9,764 699 157-5<br \/>\n<span style=\"font-size: revert;\"><strong>bankoverf\u00f8ring<\/strong>: 172-5126<\/span><\/p>\n<h2><strong>Betaling med faktura og e-faktura for bedrifter og organisasjoner<\/strong><\/h2>\n<p class=\"\" data-start=\"884\" data-end=\"963\">Vi tilbyr n\u00e5 betaling med faktura p\u00e5 to m\u00e5ter:<\/p>\n<ol data-start=\"964\" data-end=\"1036\">\n<li class=\"\" data-start=\"964\" data-end=\"992\">\n<p class=\"\" data-start=\"967\" data-end=\"992\">Bestill via e-post, og<\/p>\n<\/li>\n<li class=\"\" data-start=\"993\" data-end=\"1036\">\n<p class=\"\" data-start=\"996\" data-end=\"1036\">Sjekk ut direkte med faktura i kassen.<\/p>\n<\/li>\n<\/ol>\n<p class=\"\" data-start=\"1038\" data-end=\"1144\">For \u00e5 bestille med faktura via e-post, vennligst send f\u00f8lgende informasjon til <a href=\"mailto:secureus@secureus.se\">SECUREUS@SECUREUS.SE<\/a><\/p>\n<p>\u2022 \u00d8nsket produkt og mengde av hvert produkt (inkluder artikkelnummer eller lenke)<br \/>\n\u2022 Fakturaadresse<br \/>\n\u2022 Leveringsadresse (v\u00e6r oppmerksom p\u00e5 at vi ikke kan levere st\u00f8rre produkter til boksadresser)<br \/>\n\u2022 Kontaktpersons navn og telefonnummer<br \/>\n\u2022 Eventuelle fakturareferanser eller andre \u00f8nskede markeringer p\u00e5 fakturaen<br \/>\n\u2022 \u00d8nsket fakturatype: PDF via e-post eller e-faktura.<\/p>\n<p>Etter at vi har mottatt bestillingen din og gjort en rask kredittsjekk, sender vi deg en ordrebekreftelse. N\u00e5r bestillingen er sendt, vil vi varsle deg om sporingsnummeret.<\/p>\n<\/div>","protected":false},"excerpt":{"rendered":"<p>Kontakta oss V\u00e4lkommen att kontakta oss via nedanst\u00e5ende uppgifter. Vi svarar snarast och senast inom 48 timmar p\u00e5 f\u00f6rfr\u00e5gningar som r\u00f6r faktiska k\u00f6p eller best\u00e4llningar. Vid eventuell reklamation eller retur,<\/p>","protected":false},"author":1,"featured_media":0,"parent":0,"menu_order":0,"comment_status":"closed","ping_status":"closed","template":"","meta":{"_acf_changed":false,"footnotes":""},"class_list":["post-11750","page","type-page","status-publish","hentry"],"acf":[],"_links":{"self":[{"href":"https:\/\/secureus.se\/no\/wp-json\/wp\/v2\/pages\/11750","targetHints":{"allow":["GET"]}}],"collection":[{"href":"https:\/\/secureus.se\/no\/wp-json\/wp\/v2\/pages"}],"about":[{"href":"https:\/\/secureus.se\/no\/wp-json\/wp\/v2\/types\/page"}],"author":[{"embeddable":true,"href":"https:\/\/secureus.se\/no\/wp-json\/wp\/v2\/users\/1"}],"replies":[{"embeddable":true,"href":"https:\/\/secureus.se\/no\/wp-json\/wp\/v2\/comments?post=11750"}],"version-history":[{"count":5,"href":"https:\/\/secureus.se\/no\/wp-json\/wp\/v2\/pages\/11750\/revisions"}],"predecessor-version":[{"id":163184,"href":"https:\/\/secureus.se\/no\/wp-json\/wp\/v2\/pages\/11750\/revisions\/163184"}],"wp:attachment":[{"href":"https:\/\/secureus.se\/no\/wp-json\/wp\/v2\/media?parent=11750"}],"curies":[{"name":"wp","href":"https:\/\/api.w.org\/{rel}","templated":true}]}}