{"id":11824,"date":"2022-06-10T13:34:03","date_gmt":"2022-06-10T11:34:03","guid":{"rendered":"https:\/\/secureus.se\/?page_id=11824"},"modified":"2026-03-10T16:12:37","modified_gmt":"2026-03-10T15:12:37","slug":"om-secureus","status":"publish","type":"page","link":"https:\/\/secureus.se\/no\/om-secureus\/","title":{"rendered":"Om SECUREUS"},"content":{"rendered":"<div class=\"wpb-content-wrapper\"><div class=\"vc_row wpb_row vc_row-fluid\"><div class=\"wpb_column vc_column_container vc_col-sm-8\"><div class=\"vc_column-inner\"><div class=\"wpb_wrapper\">\n\t<div class=\"wpb_text_column wpb_content_element\" >\n\t\t<div class=\"wpb_wrapper\">\n\t\t\t<h3><strong>Om oss<br \/>\n<\/strong><\/h3>\n<p data-start=\"2744\" data-end=\"2810\">Grunnlagt i Sverige \u2022 Lager i Alings\u00e5s \u2022 Over 500 bekreftede Trustpilot-anmeldelser<\/p>\n<p><strong>Velkommen til Secureus.se - Din partner for sikkerhet og sikkerhet!<\/strong><\/p>\n<h3><strong>Hvorfor kunder velger Secureus<\/strong><\/h3>\n<p>\u2022 <strong data-start=\"1240\" data-end=\"1304\">500+ bekreftede kundeanmeldelser \u2013 4,8\/5 vurdering p\u00e5 Trustpilot<br \/>\n<\/strong>\u2022 Raske leveranser fra <strong data-start=\"1886\" data-end=\"1911\">eget lager i Alings\u00e5s<\/strong><br data-start=\"1911\" data-end=\"1914\" \/>\u2022 Bredt utvalg av sikkerhetsprodukter for <strong data-start=\"1958\" data-end=\"1988\">bedrifter og enkeltpersoner<\/strong><br data-start=\"1988\" data-end=\"1991\" \/>\u2022 Personlig st\u00f8tte via <strong data-start=\"2015\" data-end=\"2037\">telefon og e-post<\/strong><\/p>\n<p>Secureus er et svensk e-handelsselskap som spesialiserer seg p\u00e5 sikkerhetsprodukter. Vi leverer sikkerhetsprodukter til b\u00e5de bedrifter og privatpersoner i hele Sverige og flere land i Europa. Vi tilbyr et bredt utvalg av produkter av h\u00f8y kvalitet, inkludert alarmsystemer, l\u00e5ser, brannalarmer, kameraoverv\u00e5king og innbruddsalarmer. V\u00e5rt m\u00e5l er \u00e5 gj\u00f8re sikkerhet enkelt, trygt og tilgjengelig for alle, uten un\u00f8dvendige kostnader.<\/p>\n<p>Vi holder til i Alings\u00e5s, hvor b\u00e5de lageret og hovedkontoret v\u00e5rt ligger. Herfra leverer vi produktene v\u00e5re raskt og effektivt, ikke bare innen Sverige, men ogs\u00e5 til flere land i Europa. Med over 900 produkter p\u00e5 lager kan vi tilby raske leveranser og hjelpe b\u00e5de enkeltpersoner og bedrifter med \u00e5 finne den rette sikkerhetsl\u00f8sningen.<\/p>\n\n\t\t<\/div>\n\t<\/div>\n<\/div><\/div><\/div><div class=\"wpb_column vc_column_container vc_col-sm-4\"><div class=\"vc_column-inner\"><div class=\"wpb_wrapper\"><\/div><\/div><\/div><\/div><div class=\"vc_row wpb_row vc_row-fluid\"><div class=\"wpb_column vc_column_container vc_col-sm-12\"><div class=\"vc_column-inner\"><div class=\"wpb_wrapper\">\n\t<div class=\"wpb_text_column wpb_content_element\" >\n\t\t<div class=\"wpb_wrapper\">\n\t\t\t<h3><strong>Hvorfor velge Secureus?<\/strong><\/h3>\n<ul>\n<li><strong>H\u00f8y kvalitet<\/strong>: Vi samarbeider med ledende leverand\u00f8rer for \u00e5 garantere de nyeste teknologiene og de beste produktene p\u00e5 markedet.<\/li>\n<li><strong>Fleksibilitet<\/strong>: Vi tilbyr skreddersydde l\u00f8sninger med lasergravering, trykking og programmering \u2013 perfekt for bedrifter og organisasjoner.<\/li>\n<li><strong>Raske leveranser<\/strong>: V\u00e5r effektive lagerstyring gj\u00f8r at vi kan levere raskt til b\u00e5de Sverige og resten av Europa.<\/li>\n<li><strong>Personlig service<\/strong>: Uansett om du er privatkunde eller bedriftskunde, f\u00e5r du alltid rask og kunnskapsrik hjelp. Vi vil svare p\u00e5 e-post senest neste ukedag.<\/li>\n<\/ul>\n<h3><strong>V\u00e5r filosofi<\/strong><\/h3>\n<p>Hos Secureus verdsetter vi sikkerhet og enkelhet. Uansett om du kj\u00f8per et enkeltprodukt eller legger inn en stor bedriftsbestilling, er du like viktig for oss. V\u00e5r ambisjon er at hvert kj\u00f8p hos oss skal v\u00e6re smidig og gi deg en f\u00f8lelse av trygghet og kvalitet.<\/p>\n<hr \/>\n<h3><strong>Samarbeid og engasjementer<\/strong><\/h3>\n<p data-start=\"721\" data-end=\"847\">Secureus er medlem av IFK G\u00f6teborgs partnernettverk <strong data-start=\"771\" data-end=\"785\">Klubb 1904<\/strong> og vil v\u00e6re synlig p\u00e5 <strong data-start=\"810\" data-end=\"846\">Gamle Ullevi i l\u00f8pet av 2026-sesongen<\/strong>.<\/p>\n<p data-start=\"849\" data-end=\"948\">Forpliktelsen er en del av v\u00e5rt fokus p\u00e5 regional tilstedev\u00e6relse og styrking av relasjoner i Vest-Sverige.<\/p>\n<p><img decoding=\"async\" class=\"alignnone wp-image-163069\" src=\"https:\/\/secureus.se\/wp-content\/uploads\/2026\/03\/ifkgbg_1904.png\" alt=\"\" width=\"149\" height=\"147\" srcset=\"https:\/\/secureus.se\/wp-content\/uploads\/2026\/03\/ifkgbg_1904.png 904w, https:\/\/secureus.se\/wp-content\/uploads\/2026\/03\/ifkgbg_1904-768x756.png 768w, https:\/\/secureus.se\/wp-content\/uploads\/2026\/03\/ifkgbg_1904-12x12.png 12w, https:\/\/secureus.se\/wp-content\/uploads\/2026\/03\/ifkgbg_1904-350x345.png 350w, https:\/\/secureus.se\/wp-content\/uploads\/2026\/03\/ifkgbg_1904-100x100.png 100w, https:\/\/secureus.se\/wp-content\/uploads\/2026\/03\/ifkgbg_1904-64x63.png 64w\" sizes=\"(max-width: 149px) 100vw, 149px\" \/><\/p>\n<p data-start=\"1332\" data-end=\"1355\"><strong data-start=\"1332\" data-end=\"1355\">Bedriftsinformasjon<\/strong><\/p>\n<p data-start=\"1417\" data-end=\"1488\">Secureus Sweden AB<br data-start=\"1436\" data-end=\"1439\" \/>\u00c4ngsvaktaregatan 29<br data-start=\"1458\" data-end=\"1461\" \/>441 38 Alingsaus<br data-start=\"1476\" data-end=\"1479\" \/>Sverige<\/p>\n<p data-start=\"1490\" data-end=\"1533\">Org.nr: 559189-7383<br data-start=\"1509\" data-end=\"1512\" \/>MVA: SE559189738301<\/p>\n<p data-start=\"1535\" data-end=\"1579\">\ud83d\udcde +46 31 70 70 201<br data-start=\"1554\" data-end=\"1557\" \/>\u2709 <a class=\"decorated-link\" href=\"mailto:secureus@secureus.se\" rel=\"noopener\" data-start=\"1559\" data-end=\"1579\">secureus@secureus.se<\/a><\/p>\n<hr \/>\n<h3><strong>Kontakt oss<\/strong><\/h3>\n<p>Ta kontakt i dag for \u00e5 f\u00e5 hjelp med dine sikkerhetsbehov \u2013 vi er her for deg!<\/p>\n\n\t\t<\/div>\n\t<\/div>\n<\/div><\/div><\/div><\/div>\n<\/div>","protected":false},"excerpt":{"rendered":"Om oss Grundat i Sverige \u2022 Lager i Alings\u00e5s \u2022 500+ verifierade Trustpilot-omd\u00f6men V\u00e4lkommen till Secureus.se \u2013 Din partner f\u00f6r s\u00e4kerhet och trygghet! D\u00e4rf\u00f6r v\u00e4ljer kunder Secureus \u2022 500+ verifierade","protected":false},"author":1,"featured_media":0,"parent":0,"menu_order":0,"comment_status":"closed","ping_status":"closed","template":"","meta":{"_acf_changed":false,"footnotes":""},"class_list":["post-11824","page","type-page","status-publish","hentry"],"acf":[],"_links":{"self":[{"href":"https:\/\/secureus.se\/no\/wp-json\/wp\/v2\/pages\/11824","targetHints":{"allow":["GET"]}}],"collection":[{"href":"https:\/\/secureus.se\/no\/wp-json\/wp\/v2\/pages"}],"about":[{"href":"https:\/\/secureus.se\/no\/wp-json\/wp\/v2\/types\/page"}],"author":[{"embeddable":true,"href":"https:\/\/secureus.se\/no\/wp-json\/wp\/v2\/users\/1"}],"replies":[{"embeddable":true,"href":"https:\/\/secureus.se\/no\/wp-json\/wp\/v2\/comments?post=11824"}],"version-history":[{"count":11,"href":"https:\/\/secureus.se\/no\/wp-json\/wp\/v2\/pages\/11824\/revisions"}],"predecessor-version":[{"id":163073,"href":"https:\/\/secureus.se\/no\/wp-json\/wp\/v2\/pages\/11824\/revisions\/163073"}],"wp:attachment":[{"href":"https:\/\/secureus.se\/no\/wp-json\/wp\/v2\/media?parent=11824"}],"curies":[{"name":"wp","href":"https:\/\/api.w.org\/{rel}","templated":true}]}}