{"id":158642,"date":"2025-09-26T13:02:14","date_gmt":"2025-09-26T11:02:14","guid":{"rendered":"https:\/\/secureus.se\/?page_id=158642"},"modified":"2026-03-30T12:31:45","modified_gmt":"2026-03-30T10:31:45","slug":"ajax-larmbyggare","status":"publish","type":"page","link":"https:\/\/secureus.se\/no\/ajax-larmbyggare\/","title":{"rendered":"Ajax Alarm Builder"},"content":{"rendered":"<div class=\"wpb-content-wrapper\"><div class=\"vc_row wpb_row vc_row-fluid\"><div class=\"wpb_column vc_column_container vc_col-sm-12\"><div class=\"vc_column-inner\"><div class=\"wpb_wrapper\">\n\t<div class=\"wpb_text_column wpb_content_element\" >\n\t\t<div class=\"wpb_wrapper\">\n\t\t\t<div class=\"hero-builder\">\n<div class=\"hero-content\">\n<h1>Bygg ditt Ajax-alarmsystem<\/h1>\n<p>Start med en hub og legg til produktene du trenger. Raskt, enkelt og fremtidssikkert.<\/p>\n<\/div>\n<\/div>\n<div class=\"builder-wrap\">    <div class=\"vi-wpb-wrapper vi-wpb-ajax-layout-1\">\r\n        <article id=\"post-158642\" class=\"vi-wpb-single_container post-158642 page type-page status-publish hentry\">\r\n                        \r\n            <div class=\"woopb-entry-content\">\r\n                \r\n<div id=\"woopb-wrapper\" class=\"woopb-style-ajax\">\r\n    <div id=\"woopb-main\">\r\n\r\n    <\/div>\r\n\r\n    <div id=\"woopb-sidebar\">\r\n        <div class=\"woopb-sidebar-panel\">\r\n    <div class=\"woopb-added-products-total\">\r\n            <span class=\"woopb-added-products-label\">\r\n                Total:            <\/span>\r\n        <span class=\"woopb-added-products-value\">\r\n\t\t\t\t<span class=\"woocommerce-Price-amount amount\"><bdi>0,00&nbsp;<span class=\"woocommerce-Price-currencySymbol\">kr<\/span><\/bdi><\/span>            <\/span>\r\n    <\/div>\r\n        <div class=\"woopb-add-products-to-cart woopb-button-primary woopb-button\">\r\n        Legg i handlekurv    <\/div>\r\n            <div class=\"woopb-remove-all woopb-button\">\r\n            Fjern alle        <\/div>\r\n            <div class=\"woopb-tool-buttons woopb-icons-flex\">\r\n                    <div class=\"woopb-get-share-link woopb-button\">\r\n                                    <span class=\"woopb-icon woopb-icon-svg woopb-icon-share-new\"> <\/span>\r\n                                <\/div>\r\n                <\/div>\r\n\r\n<\/div>    <\/div>\r\n<\/div>\r\n\r\n<div id=\"woopb-modal\">\r\n    <div class=\"woopb-modal-inner\">\r\n        <div class=\"woopb-modal-left\">\r\n\t\t\t        <\/div>\r\n        <div class=\"woopb-modal-right\">\r\n\t\t\t\r\n            <div class=\"woopb-modal-header\">\r\n\t\t\t\t\r\n\t\t\t\t        <select class=\"woopb-sort\">\r\n\t\t\t<option value=\"title_az\" >Tittel A\u2013\u00c5<\/option><option value=\"title_za\" >Tittel ZA<\/option><option value=\"price_low\" >Pris lav til h\u00f8y<\/option><option value=\"price_high\"  selected='selected'>Pris h\u00f8y til lav<\/option><option value=\"latest\" >Sorter etter nyeste<\/option>        <\/select>\r\n\t\t\r\n\r\n\r\n            <\/div>\r\n\r\n            <div class=\"woopb-modal-body\">\r\n\t\t\t\t                <div class=\"woopb-modal-products\">\r\n\r\n                <\/div>\r\n            <\/div>\r\n\r\n            <div class=\"woopb-modal-footer\">\r\n                <div class=\"woopb-step-pagination\"><\/div>\r\n\t\t\t\t            <\/div>\r\n        <\/div>\r\n        <div class=\"woopb-close-modal\">x<\/div>\r\n    <\/div>\r\n<\/div><div id=\"vi_wpb_popup_email\" style=\"display: none\">\r\n    <div class=\"vi-wpb_overlay\"><\/div>\r\n    <div class=\"vi-wpb_popup\">\r\n        <div class=\"woopb-title\">Send e-post til vennen din<\/div>\r\n        <span class=\"woopb-close\"><\/span>\r\n\r\n        <div class=\"content\">\r\n            <form action=\"\" method=\"post\" class=\"vi-wpb_send_email\" data-trp-original-action=\"\">\r\n\t\t\t\t<input type=\"hidden\" id=\"_wpnonce\" name=\"_wpnonce\" value=\"a69c232533\" \/><input type=\"hidden\" name=\"_wp_http_referer\" value=\"\/no\/wp-json\/wp\/v2\/pages\/158642\" \/>                <div class=\"woopb-rows\">\r\n                    <div class=\"woopb-row\">\r\n                        <label>To<\/label>\r\n\r\n                        <div class=\"woopb-field\">\r\n                            <input name=\"woopb_emailto_field\" type=\"email\" value=\"\" class=\"woopb-text-field\">\r\n                        <\/div>\r\n                    <\/div>\r\n                    <div class=\"woopb-row\">\r\n                        <label>Tema<\/label>\r\n\r\n                        <div class=\"woopb-field\">\r\n                            <input name=\"woopb_subject_field\" type=\"text\" class=\"woopb-text-field\">\r\n                        <\/div>\r\n                    <\/div>\r\n                    <div class=\"woopb-row woopb-full-width\">\r\n                        <label>Beskjed<\/label>\r\n\r\n                        <div class=\"woopb-field\">\r\n                            <textarea cols=\"30\" rows=\"5\" name=\"woopb_content_field\" class=\"woopb-textarea-field\"><\/textarea>\r\n                        <\/div>\r\n                    <\/div>\r\n                    <div class=\"woopb-row\">\r\n                        <button class=\"vi-wpb_review_btn vi-wpb_addtocart_btn woopb-button\">\r\n\t\t\t\t\t\t\tSende                        <\/button>\r\n                    <\/div>\r\n                <\/div>\r\n            <input type=\"hidden\" name=\"trp-form-language\" value=\"no\"\/><\/form>\r\n\r\n        <\/div>\r\n    <\/div>\r\n<\/div>            <\/div>\r\n        <\/article>\r\n    <\/div>\r\n<\/div>\n\n\t\t<\/div>\n\t<\/div>\n<\/div><\/div><\/div><\/div><div class=\"vc_row wpb_row vc_row-fluid\"><div class=\"wpb_column vc_column_container vc_col-sm-12\"><div class=\"vc_column-inner\"><div class=\"wpb_wrapper\">\n\t<div class=\"wpb_text_column wpb_content_element\" >\n\t\t<div class=\"wpb_wrapper\">\n\t\t\t<p>Ajax Systems er en europeisk produsent av profesjonelle sikkerhetssystemer med funksjoner for smarte hjem. Med et bredt utvalg av enkle \u00e5 installere og brukervennlige produkter er Ajax Systems et perfekt valg for de som \u00f8nsker \u00e5 beskytte hjemmet sitt mot innbrudd, brann og flom. <a href=\"https:\/\/secureus.se\/no\/ajax-larm\/\">Klikk her for \u00e5 se hele Ajax-alarmsortimentet i butikken.<\/a><\/p>\n\n\t\t<\/div>\n\t<\/div>\n<\/div><\/div><\/div><\/div>\n<\/div>","protected":false},"excerpt":{"rendered":"Bygg ditt Ajax larmsystem Starta med en Hub och l\u00e4gg till de produkter du beh\u00f6ver. Snabbt, enkelt och framtidss\u00e4kert. Total: 0,00&nbsp;&#107;&#114; Add to cart Remove all Title A-ZTitle Z-APrice low","protected":false},"author":1,"featured_media":0,"parent":0,"menu_order":0,"comment_status":"closed","ping_status":"closed","template":"","meta":{"_acf_changed":false,"footnotes":""},"class_list":["post-158642","page","type-page","status-publish","hentry"],"acf":[],"_links":{"self":[{"href":"https:\/\/secureus.se\/no\/wp-json\/wp\/v2\/pages\/158642","targetHints":{"allow":["GET"]}}],"collection":[{"href":"https:\/\/secureus.se\/no\/wp-json\/wp\/v2\/pages"}],"about":[{"href":"https:\/\/secureus.se\/no\/wp-json\/wp\/v2\/types\/page"}],"author":[{"embeddable":true,"href":"https:\/\/secureus.se\/no\/wp-json\/wp\/v2\/users\/1"}],"replies":[{"embeddable":true,"href":"https:\/\/secureus.se\/no\/wp-json\/wp\/v2\/comments?post=158642"}],"version-history":[{"count":15,"href":"https:\/\/secureus.se\/no\/wp-json\/wp\/v2\/pages\/158642\/revisions"}],"predecessor-version":[{"id":163749,"href":"https:\/\/secureus.se\/no\/wp-json\/wp\/v2\/pages\/158642\/revisions\/163749"}],"wp:attachment":[{"href":"https:\/\/secureus.se\/no\/wp-json\/wp\/v2\/media?parent=158642"}],"curies":[{"name":"wp","href":"https:\/\/api.w.org\/{rel}","templated":true}]}}