{"id":101584,"date":"2024-10-21T15:14:11","date_gmt":"2024-10-21T13:14:11","guid":{"rendered":"https:\/\/secureus.se\/salto-tagg-mifare1k-med-saltokod-gron-abs-plus\/"},"modified":"2026-04-10T16:26:55","modified_gmt":"2026-04-10T14:26:55","slug":"salto-tagg-mifare1k-med-saltokod-gron-abs-plus","status":"publish","type":"product","link":"https:\/\/secureus.se\/no\/salto-tagg-mifare1k-med-saltokod-gron-abs-plus\/","title":{"rendered":"Salto Tag Mifare1k\u00ae med Salto-kode \u2013 Gr\u00f8n Plus"},"content":{"rendered":"<h1>Salto Tag Mifare1k med Saltokod - ABS Plus<\/h1>\n<p>V\u00e5r &quot;ABS Plus&quot; RFID-brikke er laget for \u00e5 m\u00f8te de mest krevende behovene innen sikkerhet og identifikasjon.<\/p>\n<p>Med sin robuste konstruksjon i ekstra stabilt 3,9 mm ABS-materiale gir den en perfekt balanse mellom holdbarhet og eleganse.<\/p>\n<p>Den rene finishen gj\u00f8r den ideell for gravering med standardnummer eller inkludert logoen din, enten gjennom gravert eller farget finish.<\/p>\n<p>Enten du trenger en p\u00e5litelig RFID-brikke for tilgangssystemer, bes\u00f8kssystemer, booking, alarmer eller andre applikasjoner, er v\u00e5r &quot;ABS Plus&quot; RFID-brikke det perfekte valget.<\/p>\n<p>Med et bredt utvalg av brikkevarianter, EM4200, Mifare1k, kombinasjonen av Mifare1k og EM4200, Mifare4k, kombinasjonen av Mifare4k og EM4200,<\/p>\n<p>I tillegg til DESFire kan du skreddersy l\u00f8sningen din for \u00e5 passe dine spesifikke behov.<\/p>\n<p>Vi forst\u00e5r viktigheten av \u00e5 levere RFID-brikker av h\u00f8y kvalitet som oppfyller dagens krav og forventninger.<\/p>\n<p>Det er derfor vi streber etter \u00e5 tilby den beste teknologien og kompatibiliteten for \u00e5 forbedre sikkerheten og effektiviteten til systemene dine.<\/p>\n<h4><strong>Egendefinert RFID-tag for unik prosjektsalto-tag<\/strong><\/h4>\n<p>Fordelene med v\u00e5re RFID-brikker inkluderer kompatibilitet med forskjellige systemer\/teknologier samt muligheten til \u00e5 skreddersy taggene for \u00e5 passe unike prosjekter.<\/p>\n<p>Vi kan programmere og integrere forskjellige brikker for \u00e5 m\u00f8te spesifikke applikasjonskrav og lage tilpassede l\u00f8sninger.<\/p>\n<p>Kontakt oss i dag for \u00e5 diskutere dine prosjektideer og f\u00e5 en tilpasset RFID-tagl\u00f8sning for dine behov.<\/p>\n<h5><strong>Rask levering og alltid p\u00e5 lager - saltolapp<\/strong><\/h5>\n<p>&quot;ABS Plus&quot; RFID-brikker er alltid p\u00e5 lager med over 25 000 enheter i 6 farger og med forskjellige brikkel\u00f8sninger.<\/p>\n<p>Ved hjelp av v\u00e5re lasermaskiner og programvare kan du velge logo &amp; unikt nummer for gravering med levering innen 1-3 dager.<\/p>\n<p>Oppdag fordelene med v\u00e5r &quot;ABS Plus&quot; RFID-brikke og ta din sikkerhet og identifikasjon til et nytt niv\u00e5. Som alltid fra oss,<\/p>\n<p>originalbrikke fra NXP og EM Microelectronic.<\/p>\n<p>Alt for at v\u00e5re RFID-brikker skal fungere trygt og lenge, med garanti.<\/p>\n<ul>\n<li><strong>RFID kan brukes til:<\/strong>\n<ul>\n<li>Passsystem<\/li>\n<li>Bes\u00f8kssystem<\/li>\n<li>Reservasjon<\/li>\n<li>Alarm og sikkerhet<\/li>\n<\/ul>\n<\/li>\n<li><strong>Fordeler med &quot;ABS Plus&quot;:<\/strong>\n<ul>\n<li>Robust konstruksjon i ABS-materiale<\/li>\n<li>Ekstra t\u00f8ff i ABS 3,9 mm<\/li>\n<li>Mulighet for \u00e5 gravere standardnummer eller inkludere logo<\/li>\n<li>Stort utvalg av brikkevarianter for \u00e5 passe ulike behov og alltid p\u00e5 lager.<\/li>\n<\/ul>\n<\/li>\n<\/ul>","protected":false},"excerpt":{"rendered":"<p>V\u00e5r klassiske RFID-tag &quot;ABS Plus&quot; \u2013 den perfekte l\u00f8sningen for sikkerhets- og identifiseringssystemer. Mifare1k-brikke programmert for SALTO-tilgangssystem. Taggen er laget av et hardt 3,9 mm tykt ABS-materiale med en elegant overflate som passer overalt. Dette produktet har en sertifisert brikke fra NXP\u00ae som er et globalt teknologiselskap med hovedkontor i Holland. NXP\u00ae spesialiserer seg p\u00e5 RFID og NFC og tilbyr en rekke produkter innen sikkerhet, tilkobling og innebygde l\u00f8sninger<\/p>","protected":false},"featured_media":163696,"template":"","meta":{"_acf_changed":false},"product_brand":[],"product_cat":[1337,2354,4791],"product_tag":[2437,2074,2151,2150,2958],"class_list":{"0":"post-101584","1":"product","2":"type-product","3":"status-publish","4":"has-post-thumbnail","6":"product_cat-rfid-tagg-abs-plus","7":"product_cat-rfid-taggar","8":"product_cat-salto-tagg","9":"product_tag-200-moq-plus-4k-och-salto","10":"product_tag-ej-lagerfraga","11":"product_tag-rfid-salto","12":"product_tag-stonehouse-iloq-salto","13":"product_tag-stonehouse-produkt","14":"product_shipping_class-postnord-varubrev","15":"pa_brands-stonehouse-security","16":"pa_chip-teknik-salto","17":"pa_farg-gron","18":"pa_rfid-ovriga-system-salto","19":"pa_sakerhetssystem-ovriga-sakerhets-besokssystem","20":"tm-has-options","22":"first","23":"instock","24":"sale","25":"featured","26":"taxable","27":"shipping-taxable","28":"purchasable","29":"product-type-simple"},"acf":[],"_links":{"self":[{"href":"https:\/\/secureus.se\/no\/wp-json\/wp\/v2\/product\/101584","targetHints":{"allow":["GET"]}}],"collection":[{"href":"https:\/\/secureus.se\/no\/wp-json\/wp\/v2\/product"}],"about":[{"href":"https:\/\/secureus.se\/no\/wp-json\/wp\/v2\/types\/product"}],"wp:featuredmedia":[{"embeddable":true,"href":"https:\/\/secureus.se\/no\/wp-json\/wp\/v2\/media\/163696"}],"wp:attachment":[{"href":"https:\/\/secureus.se\/no\/wp-json\/wp\/v2\/media?parent=101584"}],"wp:term":[{"taxonomy":"product_brand","embeddable":true,"href":"https:\/\/secureus.se\/no\/wp-json\/wp\/v2\/product_brand?post=101584"},{"taxonomy":"product_cat","embeddable":true,"href":"https:\/\/secureus.se\/no\/wp-json\/wp\/v2\/product_cat?post=101584"},{"taxonomy":"product_tag","embeddable":true,"href":"https:\/\/secureus.se\/no\/wp-json\/wp\/v2\/product_tag?post=101584"}],"curies":[{"name":"wp","href":"https:\/\/api.w.org\/{rel}","templated":true}]}}