{"id":108818,"date":"2022-11-21T17:14:14","date_gmt":"2022-11-21T16:14:14","guid":{"rendered":"https:\/\/secureus.se\/powermaster-pm-360r-control-visonic\/"},"modified":"2026-04-09T11:36:40","modified_gmt":"2026-04-09T09:36:40","slug":"visonic-powermaster-360r-centralenhet-tradlos","status":"publish","type":"product","link":"https:\/\/secureus.se\/no\/visonic-powermaster-360r-centralenhet-tradlos\/","title":{"rendered":"Visonic PowerMaster 360R sentralenhet - 4G, Wi-Fi og Ethernet"},"content":{"rendered":"<h3 data-start=\"771\" data-end=\"836\"><strong data-start=\"771\" data-end=\"834\">Visonic PowerMaster 360R \u2013 Den komplette sikkerhetsl\u00f8sningen<\/strong><\/h3>\n<p data-start=\"838\" data-end=\"1096\">Visonic PowerMaster 360R er en avansert sentralenhet som kombinerer <strong data-start=\"907\" data-end=\"937\">sikkerhet og hjemmeautomatisering<\/strong> i et enkelt system.<br data-start=\"956\" data-end=\"959\" \/>Med innebygd st\u00f8tte for <strong data-start=\"980\" data-end=\"1006\">4G, Wi-Fi og Ethernet<\/strong> og PowerG-teknologi f\u00e5r du en p\u00e5litelig og fleksibel l\u00f8sning for b\u00e5de hjem og bedrift.<\/p>\n<p data-start=\"1098\" data-end=\"1500\"><strong data-start=\"1100\" data-end=\"1120\">Full integrasjon<\/strong> \u2013 st\u00f8tte for over 120 enheter, inkludert kameraer, sensorer og fjernkontroller.<br data-start=\"1198\" data-end=\"1201\" \/><strong data-start=\"1203\" data-end=\"1223\">Enkel \u00e5 bruke<\/strong> \u2013 ber\u00f8ringsskjerm og fjernkontroll via mobilapp.<br data-start=\"1266\" data-end=\"1269\" \/><strong data-start=\"1271\" data-end=\"1291\">Sikkerhet i fokus<\/strong> \u2013 PowerG-teknologi med AES-128-kryptering for maksimal sikkerhet.<br data-start=\"1352\" data-end=\"1355\" \/><strong data-start=\"1357\" data-end=\"1375\">Hjemmeautomatisering<\/strong> \u2013 kompatibel med Z-Wave-enheter og Wi-Fi-tilkobling.<br data-start=\"1429\" data-end=\"1432\" \/><strong data-start=\"1434\" data-end=\"1452\">Driftssikkerhet<\/strong> \u2013 innebygd sirene og 12 timers batteribackup.<\/p>\n<p data-start=\"1502\" data-end=\"1619\">PowerMaster 360R er perfekt for hjem og sm\u00e5 og mellomstore bedrifter, og gir robust beskyttelse og s\u00f8ml\u00f8s kontroll.<\/p>\n<h4 data-start=\"1621\" data-end=\"1824\"><strong data-start=\"1621\" data-end=\"1655\">Kompatibilitet og oppgradering:<\/strong><\/h4>\n<p data-start=\"1621\" data-end=\"1824\">Har du allerede en Powermaster 10, eller vurderer du \u00e5 oppgradere? PowerMaster 360R er kompatibel med alle tr\u00e5dl\u00f8se enheter <strong data-start=\"1764\" data-end=\"1792\">Visonic PowerG-produkter<\/strong>, noe som gj\u00f8r overgangen enkel. Merk at dette er en svensk og europeisk bryter. Hvis du har enheter fra Storbritannia, USA eller utenfor Europa, er disse ikke kompatible med EU-versjonen.<\/p>\n<p>&nbsp;<\/p>","protected":false},"excerpt":{"rendered":"<p>Visonic PowerMaster 360R er et komplett tr\u00e5dl\u00f8st kontrollpanel med innebygd st\u00f8tte for 4G, Wi-Fi og Ethernet. Det kombinerer avansert sikkerhet med hjemmeautomatisering og er kompatibelt med over 120 enheter.<\/p>","protected":false},"featured_media":141330,"template":"","meta":{"_acf_changed":false},"product_brand":[],"product_cat":[3374],"product_tag":[2330],"class_list":{"0":"post-108818","1":"product","2":"type-product","3":"status-publish","4":"has-post-thumbnail","6":"product_cat-visonic-centralenhet-panel","7":"product_tag-visonic-manoverpanel","8":"product_shipping_class-tunga-paket","9":"pa_brands-5visonic","10":"tm-no-options","12":"first","13":"instock","14":"taxable","15":"shipping-taxable","16":"purchasable","17":"product-type-simple"},"acf":[],"_links":{"self":[{"href":"https:\/\/secureus.se\/no\/wp-json\/wp\/v2\/product\/108818","targetHints":{"allow":["GET"]}}],"collection":[{"href":"https:\/\/secureus.se\/no\/wp-json\/wp\/v2\/product"}],"about":[{"href":"https:\/\/secureus.se\/no\/wp-json\/wp\/v2\/types\/product"}],"wp:featuredmedia":[{"embeddable":true,"href":"https:\/\/secureus.se\/no\/wp-json\/wp\/v2\/media\/141330"}],"wp:attachment":[{"href":"https:\/\/secureus.se\/no\/wp-json\/wp\/v2\/media?parent=108818"}],"wp:term":[{"taxonomy":"product_brand","embeddable":true,"href":"https:\/\/secureus.se\/no\/wp-json\/wp\/v2\/product_brand?post=108818"},{"taxonomy":"product_cat","embeddable":true,"href":"https:\/\/secureus.se\/no\/wp-json\/wp\/v2\/product_cat?post=108818"},{"taxonomy":"product_tag","embeddable":true,"href":"https:\/\/secureus.se\/no\/wp-json\/wp\/v2\/product_tag?post=108818"}],"curies":[{"name":"wp","href":"https:\/\/api.w.org\/{rel}","templated":true}]}}