{"id":109207,"date":"2024-11-08T16:24:59","date_gmt":"2024-11-08T15:24:59","guid":{"rendered":"https:\/\/secureus.se\/?post_type=product&#038;p=109207"},"modified":"2026-04-08T15:31:28","modified_gmt":"2026-04-08T13:31:28","slug":"lashus-dl112-z-hoger","status":"publish","type":"product","link":"https:\/\/secureus.se\/no\/lashus-dl112-z-hoger\/","title":{"rendered":"L\u00e5sehus DL112 Z H\u00f8yre"},"content":{"rendered":"<p>\nL\u00e5shus for lette innerd\u00f8rer. Konstruksjonen er robust og slitesterk, for lang holdbarhet.\u00a0<\/p>\n<div><\/div>\n<div><b>Kjennetegn:<\/b>\u00a0<\/div>\n<div>\n<ul>\n<li>Dorndybde: 45 mm\u00a0<\/li>\n<li>L\u00e5sedybde: 76 mm\u00a0<\/li>\n<li>L\u00e5sestolpe: 20mm x 150mm\u00a0<\/li>\n<\/ul>\n<div><\/div>\n<p><b>Trekk:<\/b>\u00a0<\/div>\n<div>\n<ul>\n<li>Linjall\u00e5s med n\u00f8kkel og trykkfunksjon.\u00a0<\/li>\n<li>N\u00f8kkel eller toalettsaker l\u00e5ses ute og er i regel.\u00a0 <\/li>\n<li>D\u00f8rtrykk for\u00e5rsaker trykkfall.\u00a0<\/li>\n<li>Reversibelt trykkfall.<\/li>\n<\/ul>\n<\/div>","protected":false},"excerpt":{"rendered":"<p>L\u00e5shus for lette innerd\u00f8rer. Konstruksjonen er robust og slitesterk, for lang holdbarhet. Egenskaper: Dorndybde: 45 mm L\u00e5sedybde: 76 mm L\u00e5sestolpe: 20 mm x 150 mm Funksjon: Reguleringsl\u00e5s med n\u00f8kkel og<\/p>","protected":false},"featured_media":134762,"template":"","meta":{"_acf_changed":false},"product_brand":[],"product_cat":[2969],"product_tag":[4190,4102,4189],"class_list":{"0":"post-109207","1":"product","2":"type-product","3":"status-publish","4":"has-post-thumbnail","6":"product_cat-innerdorrlas","7":"product_tag-dorndjup-45mm","8":"product_tag-hoger","9":"product_tag-slutbleck-ingar-inte","10":"pa_brands-dormakaba","11":"tm-no-options","13":"first","14":"instock","15":"taxable","16":"shipping-taxable","17":"purchasable","18":"product-type-simple"},"acf":[],"_links":{"self":[{"href":"https:\/\/secureus.se\/no\/wp-json\/wp\/v2\/product\/109207","targetHints":{"allow":["GET"]}}],"collection":[{"href":"https:\/\/secureus.se\/no\/wp-json\/wp\/v2\/product"}],"about":[{"href":"https:\/\/secureus.se\/no\/wp-json\/wp\/v2\/types\/product"}],"wp:featuredmedia":[{"embeddable":true,"href":"https:\/\/secureus.se\/no\/wp-json\/wp\/v2\/media\/134762"}],"wp:attachment":[{"href":"https:\/\/secureus.se\/no\/wp-json\/wp\/v2\/media?parent=109207"}],"wp:term":[{"taxonomy":"product_brand","embeddable":true,"href":"https:\/\/secureus.se\/no\/wp-json\/wp\/v2\/product_brand?post=109207"},{"taxonomy":"product_cat","embeddable":true,"href":"https:\/\/secureus.se\/no\/wp-json\/wp\/v2\/product_cat?post=109207"},{"taxonomy":"product_tag","embeddable":true,"href":"https:\/\/secureus.se\/no\/wp-json\/wp\/v2\/product_tag?post=109207"}],"curies":[{"name":"wp","href":"https:\/\/api.w.org\/{rel}","templated":true}]}}