{"id":109212,"date":"2024-11-08T16:24:59","date_gmt":"2024-11-08T15:24:59","guid":{"rendered":"https:\/\/secureus.se\/lashus-2016-galv\/"},"modified":"2026-04-23T12:01:00","modified_gmt":"2026-04-23T10:01:00","slug":"lashus-2016-galv","status":"publish","type":"product","link":"https:\/\/secureus.se\/no\/lashus-2016-galv\/","title":{"rendered":"L\u00e5sehus 2016 Galv"},"content":{"rendered":"<p>\nABLOY 2016 er en sylinderl\u00e5s for innvendige d\u00f8rer i kontor- og boligsektoren, i nybygg og erstatningsmarkedet.<\/p>\n<div><\/div>\n<div><b>Kjennetegn:<\/b><\/p>\n<ul>\n<li>Dorndybde: 45 mm<\/li>\n<li>L\u00e5sstolpe dimensjoner: 20\u00d7150 mm<\/li>\n<li>Den rette linjalen har et fremspring p\u00e5 14 mm.<\/li>\n<li>Vendbar kasse for h\u00f8yre- og venstrehengte d\u00f8rer<\/li>\n<li>Utskj\u00e6ringsm\u00e5l i henhold til svensk standard SS 81 73 82.<\/li>\n<li>Tilpasset skandinavisk sylinder.<\/li>\n<li>2016 betjenes med n\u00f8kkel fra utsiden og n\u00f8kkel eller knott fra innsiden.<\/li>\n<\/ul>\n<\/div>\n<div><b>Trekk:<\/b><br \/>Betjenes med n\u00f8kkel fra utsiden og n\u00f8kkel eller knott fra innsiden.<\/div>\n<div><\/div>\n<div><\/div>","protected":false},"excerpt":{"rendered":"<p>ABLOY 2016 er en sylinderl\u00e5s for innvendige d\u00f8rer i kontor- og boligsektoren, i nybygg og erstatningsmarkedet. Egenskaper: Dorndybde: 45 mm L\u00e5sestolpe dimensjoner: 20\u00d7150 mm Den rette linjalen har en fremspring p\u00e5 14<\/p>","protected":false},"featured_media":134907,"template":"","meta":{"_acf_changed":false},"product_brand":[],"product_cat":[2969],"product_tag":[4190,4102,4191,4189,4099],"class_list":{"0":"post-109212","1":"product","2":"type-product","3":"status-publish","4":"has-post-thumbnail","6":"product_cat-innerdorrlas","7":"product_tag-dorndjup-45mm","8":"product_tag-hoger","9":"product_tag-lasstolpe-20x150mm","10":"product_tag-slutbleck-ingar-inte","11":"product_tag-vanster","12":"pa_brands-abloy","13":"tm-no-options","15":"first","16":"instock","17":"sale","18":"taxable","19":"shipping-taxable","20":"purchasable","21":"product-type-simple"},"acf":[],"_links":{"self":[{"href":"https:\/\/secureus.se\/no\/wp-json\/wp\/v2\/product\/109212","targetHints":{"allow":["GET"]}}],"collection":[{"href":"https:\/\/secureus.se\/no\/wp-json\/wp\/v2\/product"}],"about":[{"href":"https:\/\/secureus.se\/no\/wp-json\/wp\/v2\/types\/product"}],"wp:featuredmedia":[{"embeddable":true,"href":"https:\/\/secureus.se\/no\/wp-json\/wp\/v2\/media\/134907"}],"wp:attachment":[{"href":"https:\/\/secureus.se\/no\/wp-json\/wp\/v2\/media?parent=109212"}],"wp:term":[{"taxonomy":"product_brand","embeddable":true,"href":"https:\/\/secureus.se\/no\/wp-json\/wp\/v2\/product_brand?post=109212"},{"taxonomy":"product_cat","embeddable":true,"href":"https:\/\/secureus.se\/no\/wp-json\/wp\/v2\/product_cat?post=109212"},{"taxonomy":"product_tag","embeddable":true,"href":"https:\/\/secureus.se\/no\/wp-json\/wp\/v2\/product_tag?post=109212"}],"curies":[{"name":"wp","href":"https:\/\/api.w.org\/{rel}","templated":true}]}}