{"id":109239,"date":"2024-11-08T16:24:59","date_gmt":"2024-11-08T15:24:59","guid":{"rendered":"https:\/\/secureus.se\/lashus-4570-vanster-krom\/"},"modified":"2026-04-08T15:31:02","modified_gmt":"2026-04-08T13:31:02","slug":"lashus-4570-vanster-krom","status":"publish","type":"product","link":"https:\/\/secureus.se\/no\/lashus-4570-vanster-krom\/","title":{"rendered":"L\u00e5sehus 4570 Venstre Krom"},"content":{"rendered":"<p>\nABLOY 4570 er en falll\u00e5s beregnet for sylinder. Tilgjengelig i b\u00e5de h\u00f8yre og venstre versjon. L\u00e5sen har automatisk l\u00e5sing som styres med en knapp i stolpen. Leveres som standard med kroml\u00e5shus, og tilpasset oval l\u00e5sesylinder type 1201 eller 1301.<\/p>\n<div><\/div>\n<div><b>Kjennetegn:<\/b><\/div>\n<div>\n<div>\n<ul>\n<li>For venstrehengslet d\u00f8r<\/li>\n<li>Dorndybde: 45 mm<\/li>\n<li>L\u00e5sstolpe dimensjoner: 22\u00d7150 mm<\/li>\n<li>Knappen i innlegget kan stilles inn i to posisjoner<\/li>\n<li>Ikke reversibel<\/li>\n<li>Tilpasset skandinavisk oval l\u00e5sesylinder.<\/li>\n<li>Komplett med sylinder, sylinderring og knottsett.<\/li>\n<\/ul>\n<\/div>\n<div><b>Trekk:<\/b><\/div>\n<\/div>\n<div>\n<ul>\n<li>Knappposisjon: OPP = Forrigling, slipp stempelet ut 20 mm, l\u00e5s kan kun \u00e5pnes med n\u00f8kkel eller knott.<\/li>\n<li>Knappposisjon: NED = Fallstempel ut 14 mm, l\u00e5sen kan ogs\u00e5 \u00e5pnes med trykk.<\/li>\n<\/ul>\n<\/div>","protected":false},"excerpt":{"rendered":"<p>ABLOY 4570 er en falll\u00e5s beregnet for sylinder. Tilgjengelig i b\u00e5de h\u00f8yre og venstre versjon. L\u00e5sen har automatisk l\u00e5sing som styres med en knapp i stolpen. Leveres som standard med l\u00e5sehus<\/p>","protected":false},"featured_media":135056,"template":"","meta":{"_acf_changed":false},"product_brand":[],"product_cat":[2969],"product_tag":[4190,4099],"class_list":{"0":"post-109239","1":"product","2":"type-product","3":"status-publish","4":"has-post-thumbnail","6":"product_cat-innerdorrlas","7":"product_tag-dorndjup-45mm","8":"product_tag-vanster","9":"pa_brands-abloy","10":"tm-no-options","12":"first","13":"outofstock","14":"sale","15":"taxable","16":"shipping-taxable","17":"purchasable","18":"product-type-simple"},"acf":[],"_links":{"self":[{"href":"https:\/\/secureus.se\/no\/wp-json\/wp\/v2\/product\/109239","targetHints":{"allow":["GET"]}}],"collection":[{"href":"https:\/\/secureus.se\/no\/wp-json\/wp\/v2\/product"}],"about":[{"href":"https:\/\/secureus.se\/no\/wp-json\/wp\/v2\/types\/product"}],"wp:featuredmedia":[{"embeddable":true,"href":"https:\/\/secureus.se\/no\/wp-json\/wp\/v2\/media\/135056"}],"wp:attachment":[{"href":"https:\/\/secureus.se\/no\/wp-json\/wp\/v2\/media?parent=109239"}],"wp:term":[{"taxonomy":"product_brand","embeddable":true,"href":"https:\/\/secureus.se\/no\/wp-json\/wp\/v2\/product_brand?post=109239"},{"taxonomy":"product_cat","embeddable":true,"href":"https:\/\/secureus.se\/no\/wp-json\/wp\/v2\/product_cat?post=109239"},{"taxonomy":"product_tag","embeddable":true,"href":"https:\/\/secureus.se\/no\/wp-json\/wp\/v2\/product_tag?post=109239"}],"curies":[{"name":"wp","href":"https:\/\/api.w.org\/{rel}","templated":true}]}}