{"id":109261,"date":"2024-11-08T16:25:00","date_gmt":"2024-11-08T15:25:00","guid":{"rendered":"https:\/\/secureus.se\/lashus-4249-ej-nyckel-galv\/"},"modified":"2026-04-23T11:57:05","modified_gmt":"2026-04-23T09:57:05","slug":"lashus-4249-ej-nyckel-galv","status":"publish","type":"product","link":"https:\/\/secureus.se\/no\/lashus-4249-ej-nyckel-galv\/","title":{"rendered":"L\u00e5sehus 4249 No Key Galv"},"content":{"rendered":"<p>\nL\u00e5shus 4249 er en hektestokkl\u00e5s for lette skyved\u00f8rer og trekkspilld\u00f8rer i kontor- og boligsektoren i nybygg og erstatningsmarkedet. Leveres uten n\u00f8kkel.<\/p>\n<div><\/div>\n<div><b>Kjennetegn:<\/b><\/p>\n<ul>\n<li>Dorndybde: 45 mm<\/li>\n<li>L\u00e5sstolpe dimensjoner: 20\u00d7150 mm<\/li>\n<li>Utskj\u00e6ringsm\u00e5l i henhold til svensk standard SS 81 73 82<\/li>\n<li>Kan l\u00e5ses med n\u00f8kkel eller toalettknapp og panikkn\u00f8kkel\/skrutrekker<\/li>\n<li>Passer b\u00e5de h\u00f8yre- og venstrehengte d\u00f8rer<\/li>\n<li>Passer blant annet WC-tilbeh\u00f8r LH0341<\/li>\n<\/ul>\n<\/div>\n<div><b>Trekk:<\/b><\/p>\n<ul>\n<li>ABLOY 4249 betjenes med n\u00f8kkel fra innsiden og utsiden, alternativt med knott fra innsiden og panikkn\u00f8kkel eller skrutrekker fra utsiden.<\/li>\n<\/ul>\n<\/div>","protected":false},"excerpt":{"rendered":"<p>L\u00e5shus 4249 er en krokstokkl\u00e5s for lette skyved\u00f8rer og trekkspilld\u00f8rer i kontor- og boligsektoren i nybygg og erstatningsmarkedet. Leveres uten n\u00f8kkel. Egenskaper: Dorndybde: 45 mm L\u00e5sestolpem\u00e5l: 20\u00d7150 mm Utsparingsm\u00e5l<\/p>","protected":false},"featured_media":135197,"template":"","meta":{"_acf_changed":false},"product_brand":[],"product_cat":[2969],"product_tag":[4190,4102,4191,4189,4099],"class_list":{"0":"post-109261","1":"product","2":"type-product","3":"status-publish","4":"has-post-thumbnail","6":"product_cat-innerdorrlas","7":"product_tag-dorndjup-45mm","8":"product_tag-hoger","9":"product_tag-lasstolpe-20x150mm","10":"product_tag-slutbleck-ingar-inte","11":"product_tag-vanster","12":"pa_brands-abloy","13":"tm-no-options","15":"first","16":"instock","17":"sale","18":"taxable","19":"shipping-taxable","20":"purchasable","21":"product-type-simple"},"acf":[],"_links":{"self":[{"href":"https:\/\/secureus.se\/no\/wp-json\/wp\/v2\/product\/109261","targetHints":{"allow":["GET"]}}],"collection":[{"href":"https:\/\/secureus.se\/no\/wp-json\/wp\/v2\/product"}],"about":[{"href":"https:\/\/secureus.se\/no\/wp-json\/wp\/v2\/types\/product"}],"wp:featuredmedia":[{"embeddable":true,"href":"https:\/\/secureus.se\/no\/wp-json\/wp\/v2\/media\/135197"}],"wp:attachment":[{"href":"https:\/\/secureus.se\/no\/wp-json\/wp\/v2\/media?parent=109261"}],"wp:term":[{"taxonomy":"product_brand","embeddable":true,"href":"https:\/\/secureus.se\/no\/wp-json\/wp\/v2\/product_brand?post=109261"},{"taxonomy":"product_cat","embeddable":true,"href":"https:\/\/secureus.se\/no\/wp-json\/wp\/v2\/product_cat?post=109261"},{"taxonomy":"product_tag","embeddable":true,"href":"https:\/\/secureus.se\/no\/wp-json\/wp\/v2\/product_tag?post=109261"}],"curies":[{"name":"wp","href":"https:\/\/api.w.org\/{rel}","templated":true}]}}