{"id":109264,"date":"2024-11-08T16:25:00","date_gmt":"2024-11-08T15:25:00","guid":{"rendered":"https:\/\/secureus.se\/lashus-2014-med-nyckel-vit\/"},"modified":"2026-04-08T15:30:00","modified_gmt":"2026-04-08T13:30:00","slug":"lashus-2014-med-nyckel-vit","status":"publish","type":"product","link":"https:\/\/secureus.se\/no\/lashus-2014-med-nyckel-vit\/","title":{"rendered":"L\u00e5sehus 2014 med Key White"},"content":{"rendered":"<div>ABLOY 2014 er en l\u00e5s som passer perfekt til innerd\u00f8rer samt baderoms- og toalettd\u00f8rer i b\u00e5de private hjem og kontorlokaler. 2014 er den vanligste innvendige d\u00f8rl\u00e5sen og brukes b\u00e5de i nybygg og til erstatningsmarkedet. Kommer med n\u00f8kkel.<\/div>\n<div><\/div>\n<div><b>Kjennetegn:<\/b><\/div>\n<div>\n<ul>\n<li>Dorndybde: 45 mm<\/li>\n<li>L\u00e5sstolpe dimensjoner: 20\u00d7150 mm<\/li>\n<li>Kan l\u00e5ses med n\u00f8kkel eller toalettknapp og panikkn\u00f8kkel\/skrutrekker.<\/li>\n<li>Passer b\u00e5de h\u00f8yre- og venstrehengte d\u00f8rer.<\/li>\n<li>Vendbar h\u00f8yre\/venstre ved \u00e5 trekke ut og vri stempelet 180\u00b0<\/li>\n<li>Passer de fleste nyere innerd\u00f8rer<\/li>\n<li>Utskj\u00e6ringsm\u00e5l i henhold til svensk standard SS 81 73 82<\/li>\n<\/ul>\n<\/div>","protected":false},"excerpt":{"rendered":"<p>ABLOY 2014 er en l\u00e5s som passer perfekt til innerd\u00f8rer samt baderoms- og toalettd\u00f8rer i b\u00e5de private hjem og kontorlokaler. 2014 er den vanligste innvendige d\u00f8rl\u00e5sen og brukes b\u00e5de i nybygg og<\/p>","protected":false},"featured_media":135195,"template":"","meta":{"_acf_changed":false},"product_brand":[],"product_cat":[2969],"product_tag":[4190,4102,4191,4189,4099],"class_list":{"0":"post-109264","1":"product","2":"type-product","3":"status-publish","4":"has-post-thumbnail","6":"product_cat-innerdorrlas","7":"product_tag-dorndjup-45mm","8":"product_tag-hoger","9":"product_tag-lasstolpe-20x150mm","10":"product_tag-slutbleck-ingar-inte","11":"product_tag-vanster","12":"pa_brands-abloy","13":"tm-no-options","15":"first","16":"instock","17":"sale","18":"taxable","19":"shipping-taxable","20":"purchasable","21":"product-type-simple"},"acf":[],"_links":{"self":[{"href":"https:\/\/secureus.se\/no\/wp-json\/wp\/v2\/product\/109264","targetHints":{"allow":["GET"]}}],"collection":[{"href":"https:\/\/secureus.se\/no\/wp-json\/wp\/v2\/product"}],"about":[{"href":"https:\/\/secureus.se\/no\/wp-json\/wp\/v2\/types\/product"}],"wp:featuredmedia":[{"embeddable":true,"href":"https:\/\/secureus.se\/no\/wp-json\/wp\/v2\/media\/135195"}],"wp:attachment":[{"href":"https:\/\/secureus.se\/no\/wp-json\/wp\/v2\/media?parent=109264"}],"wp:term":[{"taxonomy":"product_brand","embeddable":true,"href":"https:\/\/secureus.se\/no\/wp-json\/wp\/v2\/product_brand?post=109264"},{"taxonomy":"product_cat","embeddable":true,"href":"https:\/\/secureus.se\/no\/wp-json\/wp\/v2\/product_cat?post=109264"},{"taxonomy":"product_tag","embeddable":true,"href":"https:\/\/secureus.se\/no\/wp-json\/wp\/v2\/product_tag?post=109264"}],"curies":[{"name":"wp","href":"https:\/\/api.w.org\/{rel}","templated":true}]}}