{"id":109269,"date":"2024-11-08T16:25:00","date_gmt":"2024-11-08T15:25:00","guid":{"rendered":"https:\/\/secureus.se\/lashus-polaris-2xt-50-wc-6mm-mattsvart\/"},"modified":"2026-04-08T15:29:56","modified_gmt":"2026-04-08T13:29:56","slug":"lashus-polaris-2xt-50-wc-6mm-mattsvart","status":"publish","type":"product","link":"https:\/\/secureus.se\/no\/lashus-polaris-2xt-50-wc-6mm-mattsvart\/","title":{"rendered":"L\u00e5shus Polaris 2XT-50 WC 6mm Matt sort"},"content":{"rendered":"<p>Magnetisk regell\u00e5s spesielt egnet for moderne toalettinnerd\u00f8rer takket v\u00e6re den slanke designen. Polaris 2XT kjennetegnes av den ekstraordin\u00e6re stilleg\u00e5ende lukkingen og presisjonen i den mekaniske forbindelsen mellom l\u00e5skroppen og endeplaten, som gir en behagelig f\u00f8lelse i h\u00e5ndtaket og n\u00f8kkelbevegelsen.<\/p>\n<p><b>Kjennetegn:<\/b><\/p>\n<ul>\n<li>Magnetisk regell\u00e5s<\/li>\n<li>50 dor<\/li>\n<li>Med 6 mm firkantet hull for toaletttilbeh\u00f8r<\/li>\n<li>Stille lukking<\/li>\n<li>M\u00e5l p\u00e5 l\u00e5sestolpen: 18\u00d7196 mm<\/li>\n<li>For trykkroere 8 mm<\/li>\n<li>Avstand roer til senter toalettroer 96 mm<\/li>\n<li>L\u00e5sestolpe finnes i flere overflatebehandlinger<\/li>\n<\/ul>","protected":false},"excerpt":{"rendered":"<p>Magnetisk boltl\u00e5s som er spesielt godt egnet for moderne innvendige toalettd\u00f8rer takket v\u00e6re den slanke designen<\/p>","protected":false},"featured_media":135025,"template":"","meta":{"_acf_changed":false},"product_brand":[],"product_cat":[2969],"product_tag":[4187,4102,4188,4189,4099],"class_list":{"0":"post-109269","1":"product","2":"type-product","3":"status-publish","4":"has-post-thumbnail","6":"product_cat-innerdorrlas","7":"product_tag-dorndjup-50mm","8":"product_tag-hoger","9":"product_tag-lasstolpe-18x196-mm","10":"product_tag-slutbleck-ingar-inte","11":"product_tag-vanster","12":"pa_brands-agb","13":"tm-no-options","15":"first","16":"instock","17":"sale","18":"taxable","19":"shipping-taxable","20":"purchasable","21":"product-type-simple"},"acf":[],"_links":{"self":[{"href":"https:\/\/secureus.se\/no\/wp-json\/wp\/v2\/product\/109269","targetHints":{"allow":["GET"]}}],"collection":[{"href":"https:\/\/secureus.se\/no\/wp-json\/wp\/v2\/product"}],"about":[{"href":"https:\/\/secureus.se\/no\/wp-json\/wp\/v2\/types\/product"}],"wp:featuredmedia":[{"embeddable":true,"href":"https:\/\/secureus.se\/no\/wp-json\/wp\/v2\/media\/135025"}],"wp:attachment":[{"href":"https:\/\/secureus.se\/no\/wp-json\/wp\/v2\/media?parent=109269"}],"wp:term":[{"taxonomy":"product_brand","embeddable":true,"href":"https:\/\/secureus.se\/no\/wp-json\/wp\/v2\/product_brand?post=109269"},{"taxonomy":"product_cat","embeddable":true,"href":"https:\/\/secureus.se\/no\/wp-json\/wp\/v2\/product_cat?post=109269"},{"taxonomy":"product_tag","embeddable":true,"href":"https:\/\/secureus.se\/no\/wp-json\/wp\/v2\/product_tag?post=109269"}],"curies":[{"name":"wp","href":"https:\/\/api.w.org\/{rel}","templated":true}]}}