{"id":109291,"date":"2024-11-08T16:25:02","date_gmt":"2024-11-08T15:25:02","guid":{"rendered":"https:\/\/secureus.se\/lashus-9456-hoger-krom\/"},"modified":"2026-04-08T15:29:31","modified_gmt":"2026-04-08T13:29:31","slug":"lashus-9456-hoger-krom","status":"publish","type":"product","link":"https:\/\/secureus.se\/no\/lashus-9456-hoger-krom\/","title":{"rendered":"L\u00e5shus 9456 H\u00f8yre Krom"},"content":{"rendered":"<p>\nABLOY 9456 er en falll\u00e5s for innvendige d\u00f8rer som er kombinert med en standard sylinder type ASSA ABLOY 1201 eller 1301.<\/p>\n<div><b>Kjennetegn:<\/b><\/p>\n<ul>\n<li>For h\u00f8yrehengt d\u00f8r<\/li>\n<li>Dorndybde: 45 mm<\/li>\n<li>L\u00e5sstolpe dimensjoner: 20\u00d7150 mm<\/li>\n<li>Ikke reversibel<\/li>\n<li>Tilpasset skandinavisk sylinder.<\/li>\n<li>Betjenes med n\u00f8kkel fra utsiden og n\u00f8kkel eller knott fra innsiden.<\/li>\n<\/ul>\n<\/div>\n<div><b>Trekk:<\/b><\/p>\n<ul>\n<li>N\u00e5r n\u00f8kkelen eller knotten dreies, skyves fallstempelet ut og l\u00e5ses i 20 mm.<\/li>\n<li>L\u00e5sen \u00e5pnes ved \u00e5 vri n\u00f8kkelen eller knappen i motsatt retning.<\/li>\n<li>Fallstempelet l\u00e5ses da i posisjon 14 mm for dagsbruk og trykkfunksjonen aktiveres.\u00a0<\/li>\n<\/ul>\n<\/div>","protected":false},"excerpt":{"rendered":"<p>ABLOY 9456 er en falll\u00e5s for innerd\u00f8rer som kombineres med standard sylinder type ASSA ABLOY 1201 eller 1301. Egenskaper: For h\u00f8yrehengte d\u00f8rer Dorndybde: 45 mm L\u00e5sestolpem\u00e5l: 20\u00d7150 mm Ikke vendbar<\/p>","protected":false},"featured_media":134711,"template":"","meta":{"_acf_changed":false},"product_brand":[],"product_cat":[2969],"product_tag":[4190,4102,4191],"class_list":{"0":"post-109291","1":"product","2":"type-product","3":"status-publish","4":"has-post-thumbnail","6":"product_cat-innerdorrlas","7":"product_tag-dorndjup-45mm","8":"product_tag-hoger","9":"product_tag-lasstolpe-20x150mm","10":"pa_brands-abloy","11":"tm-no-options","13":"first","14":"instock","15":"sale","16":"taxable","17":"shipping-taxable","18":"purchasable","19":"product-type-simple"},"acf":[],"_links":{"self":[{"href":"https:\/\/secureus.se\/no\/wp-json\/wp\/v2\/product\/109291","targetHints":{"allow":["GET"]}}],"collection":[{"href":"https:\/\/secureus.se\/no\/wp-json\/wp\/v2\/product"}],"about":[{"href":"https:\/\/secureus.se\/no\/wp-json\/wp\/v2\/types\/product"}],"wp:featuredmedia":[{"embeddable":true,"href":"https:\/\/secureus.se\/no\/wp-json\/wp\/v2\/media\/134711"}],"wp:attachment":[{"href":"https:\/\/secureus.se\/no\/wp-json\/wp\/v2\/media?parent=109291"}],"wp:term":[{"taxonomy":"product_brand","embeddable":true,"href":"https:\/\/secureus.se\/no\/wp-json\/wp\/v2\/product_brand?post=109291"},{"taxonomy":"product_cat","embeddable":true,"href":"https:\/\/secureus.se\/no\/wp-json\/wp\/v2\/product_cat?post=109291"},{"taxonomy":"product_tag","embeddable":true,"href":"https:\/\/secureus.se\/no\/wp-json\/wp\/v2\/product_tag?post=109291"}],"curies":[{"name":"wp","href":"https:\/\/api.w.org\/{rel}","templated":true}]}}