{"id":109295,"date":"2024-11-08T16:25:02","date_gmt":"2024-11-08T15:25:02","guid":{"rendered":"https:\/\/secureus.se\/lashus-40c-45-z-vanster-med-slutbleck-2nycklar\/"},"modified":"2026-04-08T15:29:24","modified_gmt":"2026-04-08T13:29:24","slug":"lashus-40c-45-z-vanster-med-slutbleck-2nycklar","status":"publish","type":"product","link":"https:\/\/secureus.se\/no\/lashus-40c-45-z-vanster-med-slutbleck-2nycklar\/","title":{"rendered":"L\u00e5sehus 40C-45 Z Venstre med endeplate 2 n\u00f8kler"},"content":{"rendered":"<p>\nASSA ABLOY 40C er en 3-bolts l\u00e5s beregnet for innerd\u00f8rer i overflateutskiftningsmarkedet. Utskj\u00e6ringsm\u00e5l etter eldre utskj\u00e6ringsstandard. Leveres med endeplate og 2 stk. n\u00f8kler.<\/p>\n<div><\/div>\n<div><b>Kjennetegn:<\/b><\/div>\n<div>\n<ul>\n<li>L\u00e5sedybde: 74 mm.<\/li>\n<li>N\u00f8kkelhullsavstand: 45 mm (dordybde)<\/li>\n<li>Tilgjengelig med 44 stk. forskjellige tastekombinasjoner<\/li>\n<li>L\u00e5sehus i galvanisert st\u00e5l<\/li>\n<li>Tilgjengelig i b\u00e5de h\u00f8yre og venstre versjon.<\/li>\n<\/ul>\n<\/div>","protected":false},"excerpt":{"rendered":"<p>ASSA ABLOY 40C er en 3-holders l\u00e5s beregnet for innerd\u00f8rer i overflateutskiftningsmarkedet. Utskj\u00e6ringsm\u00e5l etter eldre utskj\u00e6ringsstandard. Leveres med endeplate og 2 stk. n\u00f8kler. Egenskaper: L\u00e5sedybde: 74 mm. N\u00f8kkelhullsavstand: 45 mm<\/p>","protected":false},"featured_media":134844,"template":"","meta":{"_acf_changed":false},"product_brand":[],"product_cat":[2969],"product_tag":[4190,4195,4192,4099],"class_list":{"0":"post-109295","1":"product","2":"type-product","3":"status-publish","4":"has-post-thumbnail","6":"product_cat-innerdorrlas","7":"product_tag-dorndjup-45mm","8":"product_tag-lasstolpe-22x205mm","9":"product_tag-slutbleck-ingar","10":"product_tag-vanster","11":"pa_brands-abloy","12":"tm-no-options","14":"first","15":"instock","16":"sale","17":"taxable","18":"shipping-taxable","19":"purchasable","20":"product-type-simple"},"acf":[],"_links":{"self":[{"href":"https:\/\/secureus.se\/no\/wp-json\/wp\/v2\/product\/109295","targetHints":{"allow":["GET"]}}],"collection":[{"href":"https:\/\/secureus.se\/no\/wp-json\/wp\/v2\/product"}],"about":[{"href":"https:\/\/secureus.se\/no\/wp-json\/wp\/v2\/types\/product"}],"wp:featuredmedia":[{"embeddable":true,"href":"https:\/\/secureus.se\/no\/wp-json\/wp\/v2\/media\/134844"}],"wp:attachment":[{"href":"https:\/\/secureus.se\/no\/wp-json\/wp\/v2\/media?parent=109295"}],"wp:term":[{"taxonomy":"product_brand","embeddable":true,"href":"https:\/\/secureus.se\/no\/wp-json\/wp\/v2\/product_brand?post=109295"},{"taxonomy":"product_cat","embeddable":true,"href":"https:\/\/secureus.se\/no\/wp-json\/wp\/v2\/product_cat?post=109295"},{"taxonomy":"product_tag","embeddable":true,"href":"https:\/\/secureus.se\/no\/wp-json\/wp\/v2\/product_tag?post=109295"}],"curies":[{"name":"wp","href":"https:\/\/api.w.org\/{rel}","templated":true}]}}