{"id":109298,"date":"2024-11-08T16:25:02","date_gmt":"2024-11-08T15:25:02","guid":{"rendered":"https:\/\/secureus.se\/lashus-2020-med-slutbleck-gul-epoxy\/"},"modified":"2026-04-23T11:58:20","modified_gmt":"2026-04-23T09:58:20","slug":"lashus-2020-med-slutbleck-gul-epoxy","status":"publish","type":"product","link":"https:\/\/secureus.se\/no\/lashus-2020-med-slutbleck-gul-epoxy\/","title":{"rendered":"L\u00e5sehus 2020 med Slutbleck Yellow Epoxy"},"content":{"rendered":"<p>\nABLOY 2020 er en falll\u00e5s for innvendige d\u00f8rer samt baderoms- og toalettd\u00f8rer i private hjem og kontorlokaler. Mest brukt til byttemarkedet.<\/p>\n<div><\/div>\n<div><b>Kjennetegn: <\/b><\/p>\n<ul>\n<li>Dorndybde: 45 mm<\/li>\n<li>M\u00e5l p\u00e5 l\u00e5sestolpen: 20\u00d7150 mm<\/li>\n<li>Kan l\u00e5ses med n\u00f8kkel eller toalettknapp og panikkn\u00f8kkel\/skrutrekker.<\/li>\n<li>Passer b\u00e5de h\u00f8yre- og venstrehengte d\u00f8rer.<\/li>\n<li>H\u00e5ndtak med 8 eller 9 mm trykstifter kan brukes.<\/li>\n<li>Vendbar h\u00f8yre\/venstre.<\/li>\n<li>Vanlig p\u00e5 50-80-tallet.<\/li>\n<li>Erstatter FAS\/ASSA 404 og 404T.<\/li>\n<\/ul>\n<p><b>Pakken inneholder<\/b><\/p>\n<ul>\n<li>1 stk. L\u00e5s hus.<\/li>\n<li>1 stk. Siste notat.<\/li>\n<li>1 stk. N\u00f8kkel.<\/li>\n<li>4 skruer.<\/li>\n<\/ul>\n<\/div>\n<div><\/div>\n<div><\/div>","protected":false},"excerpt":{"rendered":"<p>ABLOY 2020 er en falll\u00e5s for innvendige d\u00f8rer samt baderoms- og toalettd\u00f8rer i private hjem og kontorlokaler. Mest brukt til byttemarkedet. Egenskaper: Dorndybde: 45 mm L\u00e5sstolpem\u00e5l: 20\u00d7150 mm L\u00e5ser med n\u00f8kkel<\/p>","protected":false},"featured_media":134848,"template":"","meta":{"_acf_changed":false},"product_brand":[],"product_cat":[2969],"product_tag":[4190,4102,4191,4192,4099],"class_list":{"0":"post-109298","1":"product","2":"type-product","3":"status-publish","4":"has-post-thumbnail","6":"product_cat-innerdorrlas","7":"product_tag-dorndjup-45mm","8":"product_tag-hoger","9":"product_tag-lasstolpe-20x150mm","10":"product_tag-slutbleck-ingar","11":"product_tag-vanster","12":"product_shipping_class-tunga-paket","13":"pa_brands-abloy","14":"tm-no-options","16":"first","17":"instock","18":"sale","19":"taxable","20":"shipping-taxable","21":"purchasable","22":"product-type-simple"},"acf":[],"_links":{"self":[{"href":"https:\/\/secureus.se\/no\/wp-json\/wp\/v2\/product\/109298","targetHints":{"allow":["GET"]}}],"collection":[{"href":"https:\/\/secureus.se\/no\/wp-json\/wp\/v2\/product"}],"about":[{"href":"https:\/\/secureus.se\/no\/wp-json\/wp\/v2\/types\/product"}],"wp:featuredmedia":[{"embeddable":true,"href":"https:\/\/secureus.se\/no\/wp-json\/wp\/v2\/media\/134848"}],"wp:attachment":[{"href":"https:\/\/secureus.se\/no\/wp-json\/wp\/v2\/media?parent=109298"}],"wp:term":[{"taxonomy":"product_brand","embeddable":true,"href":"https:\/\/secureus.se\/no\/wp-json\/wp\/v2\/product_brand?post=109298"},{"taxonomy":"product_cat","embeddable":true,"href":"https:\/\/secureus.se\/no\/wp-json\/wp\/v2\/product_cat?post=109298"},{"taxonomy":"product_tag","embeddable":true,"href":"https:\/\/secureus.se\/no\/wp-json\/wp\/v2\/product_tag?post=109298"}],"curies":[{"name":"wp","href":"https:\/\/api.w.org\/{rel}","templated":true}]}}