{"id":114186,"date":"2024-11-13T11:13:07","date_gmt":"2024-11-13T10:13:07","guid":{"rendered":"https:\/\/secureus.se\/industrilas-cl105c-system-2-nycklar\/"},"modified":"2026-04-08T15:29:02","modified_gmt":"2026-04-08T13:29:02","slug":"industrilas-cl105c-system-2-nycklar","status":"publish","type":"product","link":"https:\/\/secureus.se\/no\/industrilas-cl105c-system-2-nycklar\/","title":{"rendered":"Industril\u00e5s CL105C System 2 n\u00f8kler"},"content":{"rendered":"<p>\nABLOY CL105C er en industril\u00e5s for d\u00f8rer til skap, skuffer, apparatskap, salgsautomater eller lignende. For d\u00f8rtykkelse maks 9,5 mm. Sylinderhus i overflateherdet, forkrommet st\u00e5l. Den f\u00f8rste l\u00e5seplaten er laget av forniklet, overflateherdet st\u00e5l. Stoppskive, endemutterl\u00e5seskive og mutter for sylinderhus i galvanisert st\u00e5l. Regelen bestilles separat. Komplett sylinder leveres med to n\u00f8kler.<\/p>\n<div><b>Kjennetegn:<\/b><\/p>\n<ul>\n<li>Antall l\u00e5seskiver: 9 stk.<\/li>\n<li>Linjens rotasjonsvinkel: 90, 180\u00b0. N\u00f8kkelen kan kun tas ut i l\u00e5st stilling.<\/li>\n<li>Total lengde: 33 mm<\/li>\n<li>Maks d\u00f8rtykkelse: 9,5 mm<\/li>\n<li>Regelst\u00f8rrelse: 18,5 mm<\/li>\n<\/ul>\n<\/div>","protected":false},"excerpt":{"rendered":"<p>ABLOY CL105C er en industril\u00e5s for d\u00f8rer til skap, skuffer, apparatskap, salgsautomater eller lignende. For d\u00f8rtykkelse maks 9,5 mm. Sylinderhus i overflateherdet, forkrommet st\u00e5l. Den f\u00f8rste l\u00e5seskiven er forniklet, overflateherdet<\/p>","protected":false},"featured_media":134823,"template":"","meta":{"_acf_changed":false},"product_brand":[],"product_cat":[4186],"product_tag":[],"class_list":{"0":"post-114186","1":"product","2":"type-product","3":"status-publish","4":"has-post-thumbnail","6":"product_cat-skaplas-industrilas","7":"pa_brands-abloy","8":"tm-no-options","10":"first","11":"onbackorder","12":"sale","13":"taxable","14":"shipping-taxable","15":"purchasable","16":"product-type-simple"},"acf":[],"_links":{"self":[{"href":"https:\/\/secureus.se\/no\/wp-json\/wp\/v2\/product\/114186","targetHints":{"allow":["GET"]}}],"collection":[{"href":"https:\/\/secureus.se\/no\/wp-json\/wp\/v2\/product"}],"about":[{"href":"https:\/\/secureus.se\/no\/wp-json\/wp\/v2\/types\/product"}],"wp:featuredmedia":[{"embeddable":true,"href":"https:\/\/secureus.se\/no\/wp-json\/wp\/v2\/media\/134823"}],"wp:attachment":[{"href":"https:\/\/secureus.se\/no\/wp-json\/wp\/v2\/media?parent=114186"}],"wp:term":[{"taxonomy":"product_brand","embeddable":true,"href":"https:\/\/secureus.se\/no\/wp-json\/wp\/v2\/product_brand?post=114186"},{"taxonomy":"product_cat","embeddable":true,"href":"https:\/\/secureus.se\/no\/wp-json\/wp\/v2\/product_cat?post=114186"},{"taxonomy":"product_tag","embeddable":true,"href":"https:\/\/secureus.se\/no\/wp-json\/wp\/v2\/product_tag?post=114186"}],"curies":[{"name":"wp","href":"https:\/\/api.w.org\/{rel}","templated":true}]}}