{"id":114541,"date":"2024-11-14T09:39:35","date_gmt":"2024-11-14T08:39:35","guid":{"rendered":"https:\/\/secureus.se\/?post_type=product&#038;p=114541"},"modified":"2026-04-09T11:32:49","modified_gmt":"2026-04-09T09:32:49","slug":"risco-vaggfaste-med-solcellsmodul-for-beyond-dt-detektorer","status":"publish","type":"product","link":"https:\/\/secureus.se\/no\/risco-vaggfaste-med-solcellsmodul-for-beyond-dt-detektorer\/","title":{"rendered":"RISCO Veggbrakett med solcellemodul \u2013 For Beyond DT-detektorer"},"content":{"rendered":"<h1>RISCO Veggbrakett med solcellemodul \u2013 For Beyond DT-detektorer<\/h1>\n<p data-start=\"374\" data-end=\"942\">RISCO veggfeste med solcellemodul tilbyr en milj\u00f8vennlig og kostnadseffektiv l\u00f8sning for \u00e5 forbedre batterilevetiden for tr\u00e5dl\u00f8se detektorer Beyond DT og Beyond DT Cam.<\/p>\n<p data-start=\"374\" data-end=\"942\">Den solcelledrevne modulen er utstyrt med et 180\u00ba roterbart feste, noe som gj\u00f8r det enkelt \u00e5 justere panelet for optimal solenergifangst.<\/p>\n<p data-start=\"374\" data-end=\"942\">Det integrerte, oppladbare batteriet lades av solcellepanelet og brukes som supplement til de vanlige batteriene i detektoren, noe som forlenger batterienes levetid og reduserer behovet for \u00e5 bytte batterier ofte.<\/p>\n<p data-start=\"944\" data-end=\"1196\">Dette veggfestet er enkelt \u00e5 installere og fungerer som et perfekt supplement til tr\u00e5dl\u00f8se sikkerhetsl\u00f8sninger som Beyond DT og Beyond DT Cam.<\/p>\n<p data-start=\"944\" data-end=\"1196\">Den soldrevne modulen gj\u00f8r den til en mer b\u00e6rekraftig l\u00f8sning, samtidig som den holder kostnadene nede.<\/p>\n<p data-start=\"1198\" data-end=\"1227\"><strong data-start=\"1198\" data-end=\"1227\">Tekniske spesifikasjoner:<\/strong><\/p>\n<ul data-start=\"1228\" data-end=\"1625\">\n<li data-start=\"1228\" data-end=\"1265\">\n<p data-start=\"1230\" data-end=\"1265\">Modell: Veggmontering med solcellemodul<\/p>\n<\/li>\n<li data-start=\"1266\" data-end=\"1331\">\n<p data-start=\"1268\" data-end=\"1331\">Kompatibilitet: Beyond DT og Beyond DT Cam tr\u00e5dl\u00f8se detektorer<\/p>\n<\/li>\n<li data-start=\"1332\" data-end=\"1418\">\n<p data-start=\"1334\" data-end=\"1418\">Funksjoner: 180\u00ba rotasjon, integrert solcellemodul med oppladbart batteri<\/p>\n<\/li>\n<li data-start=\"1419\" data-end=\"1483\">\n<p data-start=\"1421\" data-end=\"1483\">Str\u00f8mforsyning: 1 x CR123A-batteri (supplert med solcelle)<\/p>\n<\/li>\n<li data-start=\"1484\" data-end=\"1508\">\n<p data-start=\"1486\" data-end=\"1508\">M\u00e5l: 124 x 35 x 42 mm<\/p>\n<\/li>\n<li data-start=\"1509\" data-end=\"1523\">\n<p data-start=\"1511\" data-end=\"1523\">Farge: S\u00f8lv<\/p>\n<\/li>\n<li data-start=\"1524\" data-end=\"1551\">\n<p data-start=\"1526\" data-end=\"1551\">Bruk: Veggmontering<\/p>\n<\/li>\n<li data-start=\"1552\" data-end=\"1576\">\n<p data-start=\"1554\" data-end=\"1576\">Sertifisering: CE-merket<\/p>\n<\/li>\n<li data-start=\"1577\" data-end=\"1600\">\n<p data-start=\"1579\" data-end=\"1600\">Rotasjon: 180\u00ba sving<\/p>\n<\/li>\n<li data-start=\"1601\" data-end=\"1625\">\n<p data-start=\"1603\" data-end=\"1625\">Vekt: Lett og kompakt<\/p>\n<\/li>\n<\/ul>","protected":false},"excerpt":{"rendered":"<p>RISCO veggfeste med solcellemodul er designet for bruk med tr\u00e5dl\u00f8se detektorer av typen Beyond DT og Beyond DT Cam.<\/p>\n<p>Den har et roterbart solcellepanel (180\u00ba) og en integrert oppladbar batteril\u00f8sning for lengre batterilevetid.<\/p>","protected":false},"featured_media":158864,"template":"","meta":{"_acf_changed":false},"product_brand":[],"product_cat":[3191],"product_tag":[],"class_list":{"0":"post-114541","1":"product","2":"type-product","3":"status-publish","4":"has-post-thumbnail","6":"product_cat-utomhusdetektorer","7":"pa_brands-4risco","8":"tm-no-options","10":"first","11":"instock","12":"taxable","13":"shipping-taxable","14":"purchasable","15":"product-type-simple"},"acf":[],"_links":{"self":[{"href":"https:\/\/secureus.se\/no\/wp-json\/wp\/v2\/product\/114541","targetHints":{"allow":["GET"]}}],"collection":[{"href":"https:\/\/secureus.se\/no\/wp-json\/wp\/v2\/product"}],"about":[{"href":"https:\/\/secureus.se\/no\/wp-json\/wp\/v2\/types\/product"}],"wp:featuredmedia":[{"embeddable":true,"href":"https:\/\/secureus.se\/no\/wp-json\/wp\/v2\/media\/158864"}],"wp:attachment":[{"href":"https:\/\/secureus.se\/no\/wp-json\/wp\/v2\/media?parent=114541"}],"wp:term":[{"taxonomy":"product_brand","embeddable":true,"href":"https:\/\/secureus.se\/no\/wp-json\/wp\/v2\/product_brand?post=114541"},{"taxonomy":"product_cat","embeddable":true,"href":"https:\/\/secureus.se\/no\/wp-json\/wp\/v2\/product_cat?post=114541"},{"taxonomy":"product_tag","embeddable":true,"href":"https:\/\/secureus.se\/no\/wp-json\/wp\/v2\/product_tag?post=114541"}],"curies":[{"name":"wp","href":"https:\/\/api.w.org\/{rel}","templated":true}]}}