{"id":114671,"date":"2024-11-20T13:58:04","date_gmt":"2024-11-20T12:58:04","guid":{"rendered":"https:\/\/secureus.se\/?post_type=product&#038;p=114671"},"modified":"2026-01-12T12:28:50","modified_gmt":"2026-01-12T11:28:50","slug":"inforam-duraframe-grip-a4","status":"publish","type":"product","link":"https:\/\/secureus.se\/no\/inforam-duraframe-grip-a4\/","title":{"rendered":"Inforamme DURAFRAME\u00ae GRIP A4"},"content":{"rendered":"<p>Bruk DURAFRAME\u00ae GRIP informasjonsrammer for informasjon som skal settes opp p\u00e5 tekstilvegger, f.eks telefonlister eller telefonnumre som m\u00e5 v\u00e6re i n\u00e6rheten.<br \/>\nEnkelt \u00e5 sette inn eller endre meldinger ved \u00e5 l\u00f8fte fronten med magnetisk lukking. Enkel \u00e5 sette opp \u2013 uten verkt\u00f8y eller annet tilbeh\u00f8r \u2013 p\u00e5 skjermvegger, lydabsorbenter og tekstiloppslagstavler. Pass p\u00e5 at baksiden ikke kommer i kontakt med kl\u00e6rne dine n\u00e5r du tar den p\u00e5, da den fine borrel\u00e5soverflaten p\u00e5 baksiden kan skade kl\u00e6rne. N\u00e5r du fjerner rammen fra tekstiloverflaten, trekk den forsiktig sidelengs, horisontalt. Unng\u00e5 \u00e5 trekke den av fra toppen eller bunnen. Det kan bli litt humpete eller l\u00f8se tr\u00e5der der produktet har sittet. <\/p>\n<p>For dokumenter i A4-format. Ytterm\u00e5l 236\u00d7323 mm.<br \/>\nFarge: svart.<br \/>\nEmballasje med 1 stk.<\/p>","protected":false},"excerpt":{"rendered":"<p>Enkel \u00e5 bruke inforamme for ulike typer informasjon som skal settes opp p\u00e5 tekstilvegger. For dokumenter i A4-format.<\/p>","protected":false},"featured_media":135032,"template":"","meta":{"_acf_changed":false},"product_brand":[],"product_cat":[4296],"product_tag":[4381],"class_list":{"0":"post-114671","1":"product","2":"type-product","3":"status-publish","4":"has-post-thumbnail","6":"product_cat-inforamar-for-slata-ytor","7":"product_tag-svart","8":"product_shipping_class-tunga-paket","9":"pa_brands-durable","10":"pa_farg-svart","11":"tm-no-options","13":"first","14":"instock","15":"sale","16":"taxable","17":"shipping-taxable","18":"purchasable","19":"product-type-simple"},"acf":[],"_links":{"self":[{"href":"https:\/\/secureus.se\/no\/wp-json\/wp\/v2\/product\/114671","targetHints":{"allow":["GET"]}}],"collection":[{"href":"https:\/\/secureus.se\/no\/wp-json\/wp\/v2\/product"}],"about":[{"href":"https:\/\/secureus.se\/no\/wp-json\/wp\/v2\/types\/product"}],"wp:featuredmedia":[{"embeddable":true,"href":"https:\/\/secureus.se\/no\/wp-json\/wp\/v2\/media\/135032"}],"wp:attachment":[{"href":"https:\/\/secureus.se\/no\/wp-json\/wp\/v2\/media?parent=114671"}],"wp:term":[{"taxonomy":"product_brand","embeddable":true,"href":"https:\/\/secureus.se\/no\/wp-json\/wp\/v2\/product_brand?post=114671"},{"taxonomy":"product_cat","embeddable":true,"href":"https:\/\/secureus.se\/no\/wp-json\/wp\/v2\/product_cat?post=114671"},{"taxonomy":"product_tag","embeddable":true,"href":"https:\/\/secureus.se\/no\/wp-json\/wp\/v2\/product_tag?post=114671"}],"curies":[{"name":"wp","href":"https:\/\/api.w.org\/{rel}","templated":true}]}}