{"id":114707,"date":"2024-11-20T14:40:40","date_gmt":"2024-11-20T13:40:40","guid":{"rendered":"https:\/\/secureus.se\/?post_type=product&#038;p=114707"},"modified":"2026-01-12T12:26:08","modified_gmt":"2026-01-12T11:26:08","slug":"magnetram-duraframe-magnetic-a4-3","status":"publish","type":"product","link":"https:\/\/secureus.se\/no\/magnetram-duraframe-magnetic-a4-3\/","title":{"rendered":"Magnetisk ramme DURAFRAME\u00ae MAGNETIC A4"},"content":{"rendered":"<p>Bruk DURAFRAME\u00ae MAGNETIC magnetisk klebende inforammer for \u00e5 vise brukerinstruksjoner, maskinfakta, ansatteinformasjon og annen midlertidig eller mer permanent informasjon p\u00e5 en profesjonell, rask og enkel m\u00e5te.<br \/>\nPlasser beskyttelsesarket med magnet rundt hele kanten av rammen over dokumentet og plasser p\u00e5 f.eks whiteboards, stelleskap, metallvegger eller kj\u00f8leskap. Klar! Ryddig og enklere h\u00e5ndtering enn f.eks. DURAFRAME\u00ae MAGNETIC er tilgjengelig for dokumenter fra A6 til A3 og i ulike pakningsst\u00f8rrelser. Finnes i flere farger slik at skiltingen passer til budskap, logofarge, \u00e5rstid eller er synlig nok eller kanskje motsatt \u2013 er diskret.<br \/>\nFor dokumenter i A4-format. Ytterm\u00e5l 236\u00d7323 mm.<br \/>\nEmballasje med 5 stk<\/p>","protected":false},"excerpt":{"rendered":"<p>Magnetisk ramme for \u00e5 vise informasjon pent. For dokumenter som skal monteres p\u00e5 metalloverflater.<\/p>","protected":false},"featured_media":133430,"template":"","meta":{"_acf_changed":false},"product_brand":[],"product_cat":[4295,4256],"product_tag":[4381],"class_list":{"0":"post-114707","1":"product","2":"type-product","3":"status-publish","4":"has-post-thumbnail","6":"product_cat-inforamar-for-metallytor","7":"product_cat-ramar-informationsstall","8":"product_tag-svart","9":"product_shipping_class-tunga-paket","10":"pa_brands-durable","11":"pa_farg-svart","12":"tm-no-options","14":"first","15":"instock","16":"sale","17":"taxable","18":"shipping-taxable","19":"purchasable","20":"product-type-simple"},"acf":[],"_links":{"self":[{"href":"https:\/\/secureus.se\/no\/wp-json\/wp\/v2\/product\/114707","targetHints":{"allow":["GET"]}}],"collection":[{"href":"https:\/\/secureus.se\/no\/wp-json\/wp\/v2\/product"}],"about":[{"href":"https:\/\/secureus.se\/no\/wp-json\/wp\/v2\/types\/product"}],"wp:featuredmedia":[{"embeddable":true,"href":"https:\/\/secureus.se\/no\/wp-json\/wp\/v2\/media\/133430"}],"wp:attachment":[{"href":"https:\/\/secureus.se\/no\/wp-json\/wp\/v2\/media?parent=114707"}],"wp:term":[{"taxonomy":"product_brand","embeddable":true,"href":"https:\/\/secureus.se\/no\/wp-json\/wp\/v2\/product_brand?post=114707"},{"taxonomy":"product_cat","embeddable":true,"href":"https:\/\/secureus.se\/no\/wp-json\/wp\/v2\/product_cat?post=114707"},{"taxonomy":"product_tag","embeddable":true,"href":"https:\/\/secureus.se\/no\/wp-json\/wp\/v2\/product_tag?post=114707"}],"curies":[{"name":"wp","href":"https:\/\/api.w.org\/{rel}","templated":true}]}}