{"id":114724,"date":"2024-11-20T13:56:30","date_gmt":"2024-11-20T12:56:30","guid":{"rendered":"https:\/\/secureus.se\/?post_type=product&#038;p=114724"},"modified":"2026-01-12T12:28:46","modified_gmt":"2026-01-12T11:28:46","slug":"fyrkantig-symbolskylt-wc","status":"publish","type":"product","link":"https:\/\/secureus.se\/no\/fyrkantig-symbolskylt-wc\/","title":{"rendered":"Firkantet symbolskilt WC"},"content":{"rendered":"<p>Piktogrammer \u2013 visuelle tegn med bilder hjelper bes\u00f8kende til \u00e5 orientere seg og informere seg langveis fra og selv om du ikke kan spr\u00e5ket. Stilig skilt laget av ripebestandig, b\u00f8rstet rustfritt st\u00e5l. Sett opp med festeputer inkludert. Firkantet skilt &quot;WC&quot; med m\u00e5l 150\u00d7150 mm.<\/p>","protected":false},"excerpt":{"rendered":"<p>Firkantet symbolskilt WC<\/p>","protected":false},"featured_media":134696,"template":"","meta":{"_acf_changed":false},"product_brand":[],"product_cat":[4262],"product_tag":[4382],"class_list":{"0":"post-114724","1":"product","2":"type-product","3":"status-publish","4":"has-post-thumbnail","6":"product_cat-dorrskyltar-symbolskyltar","7":"product_tag-silver","8":"product_shipping_class-tunga-paket","9":"pa_brands-durable","10":"pa_farg-silver","11":"tm-no-options","13":"first","14":"instock","15":"sale","16":"taxable","17":"shipping-taxable","18":"purchasable","19":"product-type-simple"},"acf":[],"_links":{"self":[{"href":"https:\/\/secureus.se\/no\/wp-json\/wp\/v2\/product\/114724","targetHints":{"allow":["GET"]}}],"collection":[{"href":"https:\/\/secureus.se\/no\/wp-json\/wp\/v2\/product"}],"about":[{"href":"https:\/\/secureus.se\/no\/wp-json\/wp\/v2\/types\/product"}],"wp:featuredmedia":[{"embeddable":true,"href":"https:\/\/secureus.se\/no\/wp-json\/wp\/v2\/media\/134696"}],"wp:attachment":[{"href":"https:\/\/secureus.se\/no\/wp-json\/wp\/v2\/media?parent=114724"}],"wp:term":[{"taxonomy":"product_brand","embeddable":true,"href":"https:\/\/secureus.se\/no\/wp-json\/wp\/v2\/product_brand?post=114724"},{"taxonomy":"product_cat","embeddable":true,"href":"https:\/\/secureus.se\/no\/wp-json\/wp\/v2\/product_cat?post=114724"},{"taxonomy":"product_tag","embeddable":true,"href":"https:\/\/secureus.se\/no\/wp-json\/wp\/v2\/product_tag?post=114724"}],"curies":[{"name":"wp","href":"https:\/\/api.w.org\/{rel}","templated":true}]}}