{"id":114778,"date":"2024-11-20T14:10:20","date_gmt":"2024-11-20T13:10:20","guid":{"rendered":"https:\/\/secureus.se\/?post_type=product&#038;p=114778"},"modified":"2026-01-12T12:06:41","modified_gmt":"2026-01-12T11:06:41","slug":"golvdekal-med-fonster-a5-10-st-frp","status":"publish","type":"product","link":"https:\/\/secureus.se\/no\/golvdekal-med-fonster-a5-10-st-frp\/","title":{"rendered":"Gulvklistremerke med vindu A5 10 stk"},"content":{"rendered":"<p>Selvklebende, avtagbar gulvklistremerke med gjennomsiktig vindu og gul ramme for A5-dokumenter. For midlertidig informasjon i butikker, treningssentre, hoteller og restauranter. Den selvklebende tapen p\u00e5 baksiden av rammen fester seg til rene og t\u00f8rre betonggulv. Plasser A5-innlegget under det gjennomsiktige vinduet p\u00e5 gulvklistremerket, fjern beskyttelsesremsene fra den selvklebende tapen, fest den til gulvet og innsatsen beskyttes under den kraftige plastplaten. Anti-skli rating R9 i henhold til DIN 51130.<br \/>\nYtre m\u00e5l: 314 x 0,4 x 252 mm (BxHxD) Innvendige m\u00e5l: 210 x 148 mm (BxH)<\/p>","protected":false},"excerpt":{"rendered":"<p>Selvklebende, avtagbar gulvklistremerke med gjennomsiktig vindu for dokumenter i A5-format.<\/p>","protected":false},"featured_media":147747,"template":"","meta":{"_acf_changed":false},"product_brand":[],"product_cat":[4302],"product_tag":[4395],"class_list":{"0":"post-114778","1":"product","2":"type-product","3":"status-publish","4":"has-post-thumbnail","6":"product_cat-markeringar-av-uppstallningsplatser","7":"product_tag-gul","8":"product_shipping_class-tunga-paket","9":"pa_brands-durable","10":"pa_farg-gul","11":"tm-no-options","13":"first","14":"instock","15":"sale","16":"taxable","17":"shipping-taxable","18":"purchasable","19":"product-type-simple"},"acf":[],"_links":{"self":[{"href":"https:\/\/secureus.se\/no\/wp-json\/wp\/v2\/product\/114778","targetHints":{"allow":["GET"]}}],"collection":[{"href":"https:\/\/secureus.se\/no\/wp-json\/wp\/v2\/product"}],"about":[{"href":"https:\/\/secureus.se\/no\/wp-json\/wp\/v2\/types\/product"}],"wp:featuredmedia":[{"embeddable":true,"href":"https:\/\/secureus.se\/no\/wp-json\/wp\/v2\/media\/147747"}],"wp:attachment":[{"href":"https:\/\/secureus.se\/no\/wp-json\/wp\/v2\/media?parent=114778"}],"wp:term":[{"taxonomy":"product_brand","embeddable":true,"href":"https:\/\/secureus.se\/no\/wp-json\/wp\/v2\/product_brand?post=114778"},{"taxonomy":"product_cat","embeddable":true,"href":"https:\/\/secureus.se\/no\/wp-json\/wp\/v2\/product_cat?post=114778"},{"taxonomy":"product_tag","embeddable":true,"href":"https:\/\/secureus.se\/no\/wp-json\/wp\/v2\/product_tag?post=114778"}],"curies":[{"name":"wp","href":"https:\/\/api.w.org\/{rel}","templated":true}]}}