{"id":114830,"date":"2024-11-20T14:10:58","date_gmt":"2024-11-20T13:10:58","guid":{"rendered":"https:\/\/secureus.se\/?post_type=product&#038;p=114830"},"modified":"2026-01-12T12:55:17","modified_gmt":"2026-01-12T11:55:17","slug":"halkskyddstejp-duraline-grip-color-75-mm","status":"publish","type":"product","link":"https:\/\/secureus.se\/no\/halkskyddstejp-duraline-grip-color-75-mm\/","title":{"rendered":"Anti-skli tape Duraline Grip farge 75 mm"},"content":{"rendered":"<p>Anti-skli tape beregnet for innend\u00f8rs bruk eller p\u00e5 beskyttede steder utend\u00f8rs hvor det er fare for \u00e5 skli. Det kan v\u00e6re glatte gulv eller trappetrinn, stiger, skr\u00e5 ramper, pedaler og trappetrinn p\u00e5 maskiner og kj\u00f8ret\u00f8y. Dette er en 75mm bred advarselsfarge selvklebende tape med middels kornst\u00f8rrelse som gir en overflate med godt grep og friksjon. Enkel \u00e5 bruke for alle: S\u00f8rg for at gulvet er rent og t\u00f8rt. Minimumstemperatur for montering er +10, optimal er mellom 15-20 grader. Fjern 10 cm av beskyttelsesplasten p\u00e5 baksiden og fest tapen, rull deretter ut og fjern beskyttelsesplasten gradvis, det blir lettere \u00e5 feste tapen i \u00f8nsket linje. Etter 48 timer er limet helt herdet, men du kan g\u00e5 p\u00e5 tapen umiddelbart etter montering.<br \/>\nTekniske spesifikasjoner: Sklisikkerhetsniv\u00e5 R13 i henhold til DIN51130. Rull ca 15 meter. Bredde: 75 mm. Kornst\u00f8rrelse 60 korn<\/p>","protected":false},"excerpt":{"rendered":"<p>Bred advarselsfarget anti-skli tape for bruk innend\u00f8rs og p\u00e5 beskyttede utend\u00f8rsplasser. Robust overflate som gir godt grep.<\/p>","protected":false},"featured_media":133750,"template":"","meta":{"_acf_changed":false},"product_brand":[],"product_cat":[4305],"product_tag":[4386],"class_list":{"0":"post-114830","1":"product","2":"type-product","3":"status-publish","4":"has-post-thumbnail","6":"product_cat-halkskyddstejp","7":"product_tag-gul-svart","8":"product_shipping_class-tunga-paket","9":"pa_brands-durable","10":"pa_farg-gul-svart","11":"tm-no-options","13":"first","14":"instock","15":"sale","16":"taxable","17":"shipping-taxable","18":"purchasable","19":"product-type-simple"},"acf":[],"_links":{"self":[{"href":"https:\/\/secureus.se\/no\/wp-json\/wp\/v2\/product\/114830","targetHints":{"allow":["GET"]}}],"collection":[{"href":"https:\/\/secureus.se\/no\/wp-json\/wp\/v2\/product"}],"about":[{"href":"https:\/\/secureus.se\/no\/wp-json\/wp\/v2\/types\/product"}],"wp:featuredmedia":[{"embeddable":true,"href":"https:\/\/secureus.se\/no\/wp-json\/wp\/v2\/media\/133750"}],"wp:attachment":[{"href":"https:\/\/secureus.se\/no\/wp-json\/wp\/v2\/media?parent=114830"}],"wp:term":[{"taxonomy":"product_brand","embeddable":true,"href":"https:\/\/secureus.se\/no\/wp-json\/wp\/v2\/product_brand?post=114830"},{"taxonomy":"product_cat","embeddable":true,"href":"https:\/\/secureus.se\/no\/wp-json\/wp\/v2\/product_cat?post=114830"},{"taxonomy":"product_tag","embeddable":true,"href":"https:\/\/secureus.se\/no\/wp-json\/wp\/v2\/product_tag?post=114830"}],"curies":[{"name":"wp","href":"https:\/\/api.w.org\/{rel}","templated":true}]}}