{"id":114859,"date":"2024-11-20T13:58:42","date_gmt":"2024-11-20T12:58:42","guid":{"rendered":"https:\/\/secureus.se\/?post_type=product&#038;p=114859"},"modified":"2026-01-12T12:31:18","modified_gmt":"2026-01-12T11:31:18","slug":"inforam-duraframe-poster-a1-2","status":"publish","type":"product","link":"https:\/\/secureus.se\/no\/inforam-duraframe-poster-a1-2\/","title":{"rendered":"Inforamme DURAFRAME\u00ae POSTER A1"},"content":{"rendered":"<p>Bruk DURAFRAME\u00ae POSTER inforammer til \u00e5 vise og presentere kampanjetilbud, \u00e5pningstider, reklame etc. p\u00e5 en profesjonell m\u00e5te i butikkvinduer, p\u00e5 vegger eller glassvegger.<br \/>\nRammen holdes sammen med flate magneter langs langsidene og det er enkelt \u00e5 sette inn eller endre meldinger ved \u00e5 l\u00f8fte fronten. Lett \u00e5 sette opp - glatt og fin uten bobler - med to selvklebende striper p\u00e5 kortsidene bak. Plakatrammen kan fjernes fra glatte og solide overflater uten \u00e5 etterlate rester. Penere enn tape! Rammen rommer 2 plakater (150gr papir) og kan leses fra begge sider med samme fine ramme foran som p\u00e5 baksiden. Laget av PET-plast.<br \/>\nVarmebestandig opptil 70\u00b0 og UV-stabil opptil 2 \u00e5r. For plakater i A1 st\u00e5ende eller liggende format. Ytterm\u00e5l 639 x 886 mm.<br \/>\nFarge: s\u00f8lv<br \/>\nPraktisk plassbesparende emballasje med 1 rulleramme<\/p>","protected":false},"excerpt":{"rendered":"<p>Inforamme for informasjon og plakater i A1-format. For butikkvinduer, vegger og glasseksjoner.<\/p>","protected":false},"featured_media":134700,"template":"","meta":{"_acf_changed":false},"product_brand":[],"product_cat":[4294],"product_tag":[4382],"class_list":{"0":"post-114859","1":"product","2":"type-product","3":"status-publish","4":"has-post-thumbnail","6":"product_cat-inforamar-for-solexponerade-ytor","7":"product_tag-silver","8":"product_shipping_class-tunga-paket","9":"pa_brands-durable","10":"pa_farg-silver","11":"tm-no-options","13":"first","14":"instock","15":"sale","16":"taxable","17":"shipping-taxable","18":"purchasable","19":"product-type-simple"},"acf":[],"_links":{"self":[{"href":"https:\/\/secureus.se\/no\/wp-json\/wp\/v2\/product\/114859","targetHints":{"allow":["GET"]}}],"collection":[{"href":"https:\/\/secureus.se\/no\/wp-json\/wp\/v2\/product"}],"about":[{"href":"https:\/\/secureus.se\/no\/wp-json\/wp\/v2\/types\/product"}],"wp:featuredmedia":[{"embeddable":true,"href":"https:\/\/secureus.se\/no\/wp-json\/wp\/v2\/media\/134700"}],"wp:attachment":[{"href":"https:\/\/secureus.se\/no\/wp-json\/wp\/v2\/media?parent=114859"}],"wp:term":[{"taxonomy":"product_brand","embeddable":true,"href":"https:\/\/secureus.se\/no\/wp-json\/wp\/v2\/product_brand?post=114859"},{"taxonomy":"product_cat","embeddable":true,"href":"https:\/\/secureus.se\/no\/wp-json\/wp\/v2\/product_cat?post=114859"},{"taxonomy":"product_tag","embeddable":true,"href":"https:\/\/secureus.se\/no\/wp-json\/wp\/v2\/product_tag?post=114859"}],"curies":[{"name":"wp","href":"https:\/\/api.w.org\/{rel}","templated":true}]}}