{"id":114873,"date":"2024-11-20T14:09:56","date_gmt":"2024-11-20T13:09:56","guid":{"rendered":"https:\/\/secureus.se\/?post_type=product&#038;p=114873"},"modified":"2026-01-12T13:00:05","modified_gmt":"2026-01-12T12:00:05","slug":"flexiplus-2-a5-staende-broschyrfack","status":"publish","type":"product","link":"https:\/\/secureus.se\/no\/flexiplus-2-a5-staende-broschyrfack\/","title":{"rendered":"FLEXIPLUS 2 A5 st\u00e5ende brosjyrebrett"},"content":{"rendered":"<p>Skjemabrett, brosjyrestativ, brevbrett - FLEXIPLUS er en serie plassbesparende, fleksible og veggmonterte holdere for brosjyrer, magasiner, skjemaer og annen informasjon i A5-format. Hvert rom har en kapasitet p\u00e5 24 mm tykke bunter. Dette er et komplett sett med 2 rom i st\u00e5ende format hvor rommene kan settes sammen eller brukes hver for seg. Et sett med skruer og plugger er inkludert. Hvert rom m\u00e5ler 18\u00d719,5\u00d73,5 cm (BxHxD). Montert vinklet ut fra veggen, bygger den 10cm og har en bredde p\u00e5 18cm og er 25cm h\u00f8y n\u00e5r begge avdelingene er satt sammen. Kan bygges p\u00e5 med flere rom etter behov ved \u00e5 hekte rommene etter hverandre. <\/p>","protected":false},"excerpt":{"rendered":"<p>Komplett sett med 2 heftebrett FLEXIPLUS A5 i st\u00e5ende format.<\/p>","protected":false},"featured_media":133791,"template":"","meta":{"_acf_changed":false},"product_brand":[],"product_cat":[4280],"product_tag":[4376],"class_list":{"0":"post-114873","1":"product","2":"type-product","3":"status-publish","4":"has-post-thumbnail","6":"product_cat-broschyrstall","7":"product_tag-transparent","8":"product_shipping_class-tunga-paket","9":"pa_brands-durable","10":"pa_farg-transparent","11":"tm-no-options","13":"first","14":"instock","15":"sale","16":"taxable","17":"shipping-taxable","18":"purchasable","19":"product-type-simple"},"acf":[],"_links":{"self":[{"href":"https:\/\/secureus.se\/no\/wp-json\/wp\/v2\/product\/114873","targetHints":{"allow":["GET"]}}],"collection":[{"href":"https:\/\/secureus.se\/no\/wp-json\/wp\/v2\/product"}],"about":[{"href":"https:\/\/secureus.se\/no\/wp-json\/wp\/v2\/types\/product"}],"wp:featuredmedia":[{"embeddable":true,"href":"https:\/\/secureus.se\/no\/wp-json\/wp\/v2\/media\/133791"}],"wp:attachment":[{"href":"https:\/\/secureus.se\/no\/wp-json\/wp\/v2\/media?parent=114873"}],"wp:term":[{"taxonomy":"product_brand","embeddable":true,"href":"https:\/\/secureus.se\/no\/wp-json\/wp\/v2\/product_brand?post=114873"},{"taxonomy":"product_cat","embeddable":true,"href":"https:\/\/secureus.se\/no\/wp-json\/wp\/v2\/product_cat?post=114873"},{"taxonomy":"product_tag","embeddable":true,"href":"https:\/\/secureus.se\/no\/wp-json\/wp\/v2\/product_tag?post=114873"}],"curies":[{"name":"wp","href":"https:\/\/api.w.org\/{rel}","templated":true}]}}