{"id":114929,"date":"2025-01-07T11:02:23","date_gmt":"2025-01-07T10:02:23","guid":{"rendered":"https:\/\/secureus.se\/?post_type=product&#038;p=114929"},"modified":"2026-01-12T12:34:47","modified_gmt":"2026-01-12T11:34:47","slug":"bladderpanel-function-panel-a4-3","status":"publish","type":"product","link":"https:\/\/secureus.se\/no\/bladderpanel-function-panel-a4-3\/","title":{"rendered":"Flippanel FUNKSJONSPANEL A4"},"content":{"rendered":"<p>Slitesterkt, skannbart panel for dokumenter i A4-format med farget ytterkant og faste overskriftsholdere i forskjellige farger. For bruk i oversiktssystemer med pigger integrert i holderen. \u00c5pning \u00f8verst for endring av dokumenter. Universelt perforert for ogs\u00e5 \u00e5 passe i permer. Minimumskj\u00f8p er en pakke med 5 paneler.<\/p>","protected":false},"excerpt":{"rendered":"<p>Plastlomme med faste etikettholdere. Passer til bord og veggstativ som har piggene integrert i braketten.<\/p>","protected":false},"featured_media":134817,"template":"","meta":{"_acf_changed":false},"product_brand":[],"product_cat":[4301],"product_tag":[4376],"class_list":{"0":"post-114929","1":"product","2":"type-product","3":"status-publish","4":"has-post-thumbnail","6":"product_cat-tillbehor-till-bladderpanelsystem","7":"product_tag-transparent","8":"product_shipping_class-tunga-paket","9":"pa_brands-durable","10":"pa_farg-transparent","11":"tm-no-options","13":"first","14":"instock","15":"sale","16":"taxable","17":"shipping-taxable","18":"purchasable","19":"product-type-simple"},"acf":[],"_links":{"self":[{"href":"https:\/\/secureus.se\/no\/wp-json\/wp\/v2\/product\/114929","targetHints":{"allow":["GET"]}}],"collection":[{"href":"https:\/\/secureus.se\/no\/wp-json\/wp\/v2\/product"}],"about":[{"href":"https:\/\/secureus.se\/no\/wp-json\/wp\/v2\/types\/product"}],"wp:featuredmedia":[{"embeddable":true,"href":"https:\/\/secureus.se\/no\/wp-json\/wp\/v2\/media\/134817"}],"wp:attachment":[{"href":"https:\/\/secureus.se\/no\/wp-json\/wp\/v2\/media?parent=114929"}],"wp:term":[{"taxonomy":"product_brand","embeddable":true,"href":"https:\/\/secureus.se\/no\/wp-json\/wp\/v2\/product_brand?post=114929"},{"taxonomy":"product_cat","embeddable":true,"href":"https:\/\/secureus.se\/no\/wp-json\/wp\/v2\/product_cat?post=114929"},{"taxonomy":"product_tag","embeddable":true,"href":"https:\/\/secureus.se\/no\/wp-json\/wp\/v2\/product_tag?post=114929"}],"curies":[{"name":"wp","href":"https:\/\/api.w.org\/{rel}","templated":true}]}}