{"id":114959,"date":"2024-11-20T13:56:19","date_gmt":"2024-11-20T12:56:19","guid":{"rendered":"https:\/\/secureus.se\/?post_type=product&#038;p=114959"},"modified":"2026-01-12T12:26:44","modified_gmt":"2026-01-12T11:26:44","slug":"dorrskylt-click-sign-210x297-a4-staende-2","status":"publish","type":"product","link":"https:\/\/secureus.se\/no\/dorrskylt-click-sign-210x297-a4-staende-2\/","title":{"rendered":"D\u00f8rskilt KLIKKSKILT 210\u00d7297 (A4 portrett)"},"content":{"rendered":"<p>D\u00f8r- og veggskilt i ulike utf\u00f8relser hjelper bes\u00f8kende med \u00e5 orientere seg og informere om hvem, hvilken avdeling, funksjon eller konferanserom som ligger hvor i lokalene. CLICK SIGN-skiltserien er tilgjengelig i fire farger for muligheten til \u00e5 ha ulike farger i ulike avdelinger eller etasjer eller rett og slett fordi det er en farge som passer til virksomheten. CLICK SIGN har et nedfellbart frontpanel bak som det hvite arket med tekst sitter beskyttet. Skrue, plugg og selvklebende strips medf\u00f8lger i monteringssettet, samt monteringsanvisning og hvit innsatsplate. Design dette vertikale A4-skiltet (210\u00d7297) ved hjelp av gratisprogrammet DURAPRINT\u00ae som er tilgjengelig p\u00e5 www.duraprint.se og skriv ut p\u00e5 A4-ark, som bestilles separat.<br \/>\nTilbeh\u00f8r: A4-ark for utskrift i laserskriver, artikkelnummer 485602<\/p>","protected":false},"excerpt":{"rendered":"<p>D\u00f8rskilt i plast med b\u00f8rstet karm i vertikalt A4 format 210x297mm.<\/p>","protected":false},"featured_media":134879,"template":"","meta":{"_acf_changed":false},"product_brand":[],"product_cat":[4263],"product_tag":[4387],"class_list":{"0":"post-114959","1":"product","2":"type-product","3":"status-publish","4":"has-post-thumbnail","6":"product_cat-dorrskyltar-i-plast","7":"product_tag-bla","8":"product_shipping_class-tunga-paket","9":"pa_brands-durable","10":"pa_farg-bla","11":"tm-no-options","13":"first","14":"instock","15":"sale","16":"taxable","17":"shipping-taxable","18":"purchasable","19":"product-type-simple"},"acf":[],"_links":{"self":[{"href":"https:\/\/secureus.se\/no\/wp-json\/wp\/v2\/product\/114959","targetHints":{"allow":["GET"]}}],"collection":[{"href":"https:\/\/secureus.se\/no\/wp-json\/wp\/v2\/product"}],"about":[{"href":"https:\/\/secureus.se\/no\/wp-json\/wp\/v2\/types\/product"}],"wp:featuredmedia":[{"embeddable":true,"href":"https:\/\/secureus.se\/no\/wp-json\/wp\/v2\/media\/134879"}],"wp:attachment":[{"href":"https:\/\/secureus.se\/no\/wp-json\/wp\/v2\/media?parent=114959"}],"wp:term":[{"taxonomy":"product_brand","embeddable":true,"href":"https:\/\/secureus.se\/no\/wp-json\/wp\/v2\/product_brand?post=114959"},{"taxonomy":"product_cat","embeddable":true,"href":"https:\/\/secureus.se\/no\/wp-json\/wp\/v2\/product_cat?post=114959"},{"taxonomy":"product_tag","embeddable":true,"href":"https:\/\/secureus.se\/no\/wp-json\/wp\/v2\/product_tag?post=114959"}],"curies":[{"name":"wp","href":"https:\/\/api.w.org\/{rel}","templated":true}]}}