{"id":114979,"date":"2024-11-05T18:04:56","date_gmt":"2024-11-05T17:04:56","guid":{"rendered":"https:\/\/secureus.se\/?post_type=product&#038;p=114979"},"modified":"2026-01-12T12:08:29","modified_gmt":"2026-01-12T11:08:29","slug":"nyckelbricka-key-clip-2","status":"publish","type":"product","link":"https:\/\/secureus.se\/no\/nyckelbricka-key-clip-2\/","title":{"rendered":"N\u00f8kkelbrikke N\u00d8KKELKLIPPE"},"content":{"rendered":"<p>N\u00f8kkelbrikke designet for \u00e5 brukes sammen med Durables n\u00f8kkelskap KEY BOX, som har spesielle n\u00f8kkellister der de sm\u00e5 sideknottene til n\u00f8kkelbrikken hviler p\u00e5 hver krok. Dette betyr at n\u00f8kkelen henger bak skuffen og at etikettvinduet alltid er lesbart. For \u00e5 endre etiketten er det bare \u00e5 l\u00f8fte den gjennomsiktige fronten og verken n\u00f8kkelen eller n\u00f8kkelringen m\u00e5 fjernes. Dimensjonene p\u00e5 etiketten er 17\u00d740 mm og ytre m\u00e5l p\u00e5 selve brettet er 25\u00d765 mm. Maler for utskrift av etiketter til n\u00f8kkelbrikkene kan lastes ned fra https:\/\/www.durable.se\/service\/ladda-ner\/mallar.html. Denne blandede vesken inkluderer 2 bl\u00e5, 2 svarte, 1 r\u00f8de og 1 gul n\u00f8kkelbrikke.<\/p>","protected":false},"excerpt":{"rendered":"<p>Spesialdesignet n\u00f8kkelbrikke som passer til Durables n\u00f8kkelskap N\u00d8KKELBOX. 6 stk\/boks<\/p>","protected":false},"featured_media":135330,"template":"","meta":{"_acf_changed":false},"product_brand":[],"product_cat":[1932],"product_tag":[4397],"class_list":{"0":"post-114979","1":"product","2":"type-product","3":"status-publish","4":"has-post-thumbnail","6":"product_cat-nyckelgomma-nyckelbox","7":"product_tag-mix","8":"product_shipping_class-tunga-paket","9":"pa_brands-durable","10":"pa_farg-mix","11":"tm-no-options","13":"first","14":"instock","15":"sale","16":"taxable","17":"shipping-taxable","18":"purchasable","19":"product-type-simple"},"acf":[],"_links":{"self":[{"href":"https:\/\/secureus.se\/no\/wp-json\/wp\/v2\/product\/114979","targetHints":{"allow":["GET"]}}],"collection":[{"href":"https:\/\/secureus.se\/no\/wp-json\/wp\/v2\/product"}],"about":[{"href":"https:\/\/secureus.se\/no\/wp-json\/wp\/v2\/types\/product"}],"wp:featuredmedia":[{"embeddable":true,"href":"https:\/\/secureus.se\/no\/wp-json\/wp\/v2\/media\/135330"}],"wp:attachment":[{"href":"https:\/\/secureus.se\/no\/wp-json\/wp\/v2\/media?parent=114979"}],"wp:term":[{"taxonomy":"product_brand","embeddable":true,"href":"https:\/\/secureus.se\/no\/wp-json\/wp\/v2\/product_brand?post=114979"},{"taxonomy":"product_cat","embeddable":true,"href":"https:\/\/secureus.se\/no\/wp-json\/wp\/v2\/product_cat?post=114979"},{"taxonomy":"product_tag","embeddable":true,"href":"https:\/\/secureus.se\/no\/wp-json\/wp\/v2\/product_tag?post=114979"}],"curies":[{"name":"wp","href":"https:\/\/api.w.org\/{rel}","templated":true}]}}