{"id":114986,"date":"2024-11-20T14:02:48","date_gmt":"2024-11-20T13:02:48","guid":{"rendered":"https:\/\/secureus.se\/?post_type=product&#038;p=114986"},"modified":"2026-01-12T12:52:25","modified_gmt":"2026-01-12T11:52:25","slug":"combiboxx-1-3-a4","status":"publish","type":"product","link":"https:\/\/secureus.se\/no\/combiboxx-1-3-a4\/","title":{"rendered":"COMBIBOXX 1\/3 A4"},"content":{"rendered":"<p>Kombiner som det passer deg med den utvidbare og multifunksjonelle COMBIBOXX-serien. Dette rommet er for 1\/3 A4 eller A6 format (maks format 210\u00d7116 mm) som salgsbrosjyrer, produktblad og brosjyrer p\u00e5 messer, utstillinger og mottakelser. Avhengig av hvordan baksiden er montert, kan kupeen plasseres p\u00e5 bordet eller monteres p\u00e5 veggen. Brettet har en kapasitet p\u00e5 24 mm tykke bunter. Settet inneholder 1 rom, 2 bakstykker, 1 frontpanel, 1 adapterskinne for \u00e5 kunne kombineres med COMBIBOXX A4, monteringsanvisning og skrue og plugg.<br \/>\nM\u00e5l som bordstativ 20x12x12 cm HxBxD<br \/>\nM\u00e5l som veggstativ 21x12x11 cm HxBxD<\/p>","protected":false},"excerpt":{"rendered":"<p>Brosjyrestativ COMBIBOXX for 1\/3 A4 portrett eller A6 format. Kan brukes som bord- eller veggstativ. Utvidbar.<\/p>","protected":false},"featured_media":134793,"template":"","meta":{"_acf_changed":false},"product_brand":[],"product_cat":[4280],"product_tag":[4376],"class_list":{"0":"post-114986","1":"product","2":"type-product","3":"status-publish","4":"has-post-thumbnail","6":"product_cat-broschyrstall","7":"product_tag-transparent","8":"product_shipping_class-tunga-paket","9":"pa_brands-durable","10":"pa_farg-transparent","11":"tm-no-options","13":"first","14":"instock","15":"sale","16":"taxable","17":"shipping-taxable","18":"purchasable","19":"product-type-simple"},"acf":[],"_links":{"self":[{"href":"https:\/\/secureus.se\/no\/wp-json\/wp\/v2\/product\/114986","targetHints":{"allow":["GET"]}}],"collection":[{"href":"https:\/\/secureus.se\/no\/wp-json\/wp\/v2\/product"}],"about":[{"href":"https:\/\/secureus.se\/no\/wp-json\/wp\/v2\/types\/product"}],"wp:featuredmedia":[{"embeddable":true,"href":"https:\/\/secureus.se\/no\/wp-json\/wp\/v2\/media\/134793"}],"wp:attachment":[{"href":"https:\/\/secureus.se\/no\/wp-json\/wp\/v2\/media?parent=114986"}],"wp:term":[{"taxonomy":"product_brand","embeddable":true,"href":"https:\/\/secureus.se\/no\/wp-json\/wp\/v2\/product_brand?post=114986"},{"taxonomy":"product_cat","embeddable":true,"href":"https:\/\/secureus.se\/no\/wp-json\/wp\/v2\/product_cat?post=114986"},{"taxonomy":"product_tag","embeddable":true,"href":"https:\/\/secureus.se\/no\/wp-json\/wp\/v2\/product_tag?post=114986"}],"curies":[{"name":"wp","href":"https:\/\/api.w.org\/{rel}","templated":true}]}}