{"id":115010,"date":"2024-11-20T14:02:48","date_gmt":"2024-11-20T13:02:48","guid":{"rendered":"https:\/\/secureus.se\/?post_type=product&#038;p=115010"},"modified":"2026-01-12T12:51:49","modified_gmt":"2026-01-12T11:51:49","slug":"combiboxx-a4-set-xl","status":"publish","type":"product","link":"https:\/\/secureus.se\/no\/combiboxx-a4-set-xl\/","title":{"rendered":"COMBIBOXX A4 SETT XL"},"content":{"rendered":"<p>Kombiner som det passer deg med den utvidbare og multifunksjonelle COMBIBOXX-serien. Dette settet med 5 rom er for A4-portrett (maks format 311\u00d7240 mm) formater som salgsbrosjyrer, produktark og brosjyrer p\u00e5 messer, utstillinger og mottakelser. Avhengig av hvordan ryggen er satt sammen, kan settet plasseres p\u00e5 bordet eller monteres p\u00e5 veggen. Hvert rom har en kapasitet p\u00e5 24 mm tykke bunter. Settet inneholder 5 rom, 2 bakstykker, 1 frontpanel, monteringsanvisning og skruer og plugger.<br \/>\nM\u00e5l som bordstativ 29x24x26 cm (HxBxD)<br \/>\nM\u00e5l som veggstativ 58x 24x15 mm (HxBxD)<br \/>\nTilbeh\u00f8r: Forlengelsesrom artikkelnummer 857919<\/p>","protected":false},"excerpt":{"rendered":"<p>Brosjyrestativ COMBIBOXX for A4 portrettformat. Sett med 5 rom som kan brukes som bord eller veggstativ.<\/p>","protected":false},"featured_media":134772,"template":"","meta":{"_acf_changed":false},"product_brand":[],"product_cat":[4280],"product_tag":[4376],"class_list":{"0":"post-115010","1":"product","2":"type-product","3":"status-publish","4":"has-post-thumbnail","6":"product_cat-broschyrstall","7":"product_tag-transparent","8":"product_shipping_class-tunga-paket","9":"pa_brands-durable","10":"pa_farg-transparent","11":"tm-no-options","13":"first","14":"instock","15":"sale","16":"taxable","17":"shipping-taxable","18":"purchasable","19":"product-type-simple"},"acf":[],"_links":{"self":[{"href":"https:\/\/secureus.se\/no\/wp-json\/wp\/v2\/product\/115010","targetHints":{"allow":["GET"]}}],"collection":[{"href":"https:\/\/secureus.se\/no\/wp-json\/wp\/v2\/product"}],"about":[{"href":"https:\/\/secureus.se\/no\/wp-json\/wp\/v2\/types\/product"}],"wp:featuredmedia":[{"embeddable":true,"href":"https:\/\/secureus.se\/no\/wp-json\/wp\/v2\/media\/134772"}],"wp:attachment":[{"href":"https:\/\/secureus.se\/no\/wp-json\/wp\/v2\/media?parent=115010"}],"wp:term":[{"taxonomy":"product_brand","embeddable":true,"href":"https:\/\/secureus.se\/no\/wp-json\/wp\/v2\/product_brand?post=115010"},{"taxonomy":"product_cat","embeddable":true,"href":"https:\/\/secureus.se\/no\/wp-json\/wp\/v2\/product_cat?post=115010"},{"taxonomy":"product_tag","embeddable":true,"href":"https:\/\/secureus.se\/no\/wp-json\/wp\/v2\/product_tag?post=115010"}],"curies":[{"name":"wp","href":"https:\/\/api.w.org\/{rel}","templated":true}]}}