{"id":115018,"date":"2024-11-20T14:07:28","date_gmt":"2024-11-20T13:07:28","guid":{"rendered":"https:\/\/secureus.se\/?post_type=product&#038;p=115018"},"modified":"2026-01-12T13:01:55","modified_gmt":"2026-01-12T12:01:55","slug":"flexiboxx-6-a4-liggande-brochyrfack-3","status":"publish","type":"product","link":"https:\/\/secureus.se\/no\/flexiboxx-6-a4-liggande-brochyrfack-3\/","title":{"rendered":"FLEXIBOXX 6 A4 landskapsbrosjyrebrett"},"content":{"rendered":"<p>Skjemarom, brosjyrestativ, postkasse - FLEXIBOXX er en serie plassbesparende, fleksible og veggmonterte holdere for brosjyrer, magasiner, skjemaer og annen informasjon i A4-format. Hvert rom har en kapasitet p\u00e5 24 mm tykke bunter. Dette er et komplett sett med 6 rom i liggende format, en frontplate og skruer og plugger. Dimensjonene p\u00e5 hvert enkelt rom er 35x28x3,5 cm (BxHxD). Montert og montert vinklet ut fra veggen m\u00e5ler den 9,5cm og har en bredde p\u00e5 35cm og er 62cm h\u00f8y.<\/p>","protected":false},"excerpt":{"rendered":"<p>Komplett sett med 6 brosjyrebrett FLEXIBOXX A4 i liggende format og frontplate.<\/p>","protected":false},"featured_media":133876,"template":"","meta":{"_acf_changed":false},"product_brand":[],"product_cat":[4280],"product_tag":[4376],"class_list":{"0":"post-115018","1":"product","2":"type-product","3":"status-publish","4":"has-post-thumbnail","6":"product_cat-broschyrstall","7":"product_tag-transparent","8":"product_shipping_class-tunga-paket","9":"pa_brands-durable","10":"pa_farg-transparent","11":"tm-no-options","13":"first","14":"instock","15":"sale","16":"taxable","17":"shipping-taxable","18":"purchasable","19":"product-type-simple"},"acf":[],"_links":{"self":[{"href":"https:\/\/secureus.se\/no\/wp-json\/wp\/v2\/product\/115018","targetHints":{"allow":["GET"]}}],"collection":[{"href":"https:\/\/secureus.se\/no\/wp-json\/wp\/v2\/product"}],"about":[{"href":"https:\/\/secureus.se\/no\/wp-json\/wp\/v2\/types\/product"}],"wp:featuredmedia":[{"embeddable":true,"href":"https:\/\/secureus.se\/no\/wp-json\/wp\/v2\/media\/133876"}],"wp:attachment":[{"href":"https:\/\/secureus.se\/no\/wp-json\/wp\/v2\/media?parent=115018"}],"wp:term":[{"taxonomy":"product_brand","embeddable":true,"href":"https:\/\/secureus.se\/no\/wp-json\/wp\/v2\/product_brand?post=115018"},{"taxonomy":"product_cat","embeddable":true,"href":"https:\/\/secureus.se\/no\/wp-json\/wp\/v2\/product_cat?post=115018"},{"taxonomy":"product_tag","embeddable":true,"href":"https:\/\/secureus.se\/no\/wp-json\/wp\/v2\/product_tag?post=115018"}],"curies":[{"name":"wp","href":"https:\/\/api.w.org\/{rel}","templated":true}]}}