{"id":115030,"date":"2024-11-20T14:07:28","date_gmt":"2024-11-20T13:07:28","guid":{"rendered":"https:\/\/secureus.se\/?post_type=product&#038;p=115030"},"modified":"2026-01-12T13:01:01","modified_gmt":"2026-01-12T12:01:01","slug":"flexiboxx-6-a4-staende-brochyrfack","status":"publish","type":"product","link":"https:\/\/secureus.se\/no\/flexiboxx-6-a4-staende-brochyrfack\/","title":{"rendered":"FLEXIBOXX 6 A4 st\u00e5ende brosjyrebrett"},"content":{"rendered":"<p>Skjemarom, brosjyrestativ, postkasse - FLEXIBOXX er en serie plassbesparende, fleksible og veggmonterte holdere for brosjyrer, magasiner, skjemaer og annen informasjon i A4-format. Hvert rom har en kapasitet p\u00e5 24 mm tykke bunter. Dette er et komplett sett med 6 rom i st\u00e5ende format, et frontpanel og skruer og plugger. Hvert enkelt rom m\u00e5ler 24x34x3 cm (BxHxD). Montert og montert vinklet ut fra veggen m\u00e5ler den 13,5cm og har en bredde p\u00e5 24cm og er 69cm h\u00f8y.<\/p>","protected":false},"excerpt":{"rendered":"<p>Komplett sett med 6 brosjyrebrett FLEXIBOXX A4 i st\u00e5ende format og frontplate.<\/p>","protected":false},"featured_media":133682,"template":"","meta":{"_acf_changed":false},"product_brand":[],"product_cat":[4280],"product_tag":[4396],"class_list":{"0":"post-115030","1":"product","2":"type-product","3":"status-publish","4":"has-post-thumbnail","6":"product_cat-broschyrstall","7":"product_tag-vit","8":"product_shipping_class-tunga-paket","9":"pa_brands-durable","10":"pa_farg-vit","11":"tm-no-options","13":"first","14":"instock","15":"sale","16":"taxable","17":"shipping-taxable","18":"purchasable","19":"product-type-simple"},"acf":[],"_links":{"self":[{"href":"https:\/\/secureus.se\/no\/wp-json\/wp\/v2\/product\/115030","targetHints":{"allow":["GET"]}}],"collection":[{"href":"https:\/\/secureus.se\/no\/wp-json\/wp\/v2\/product"}],"about":[{"href":"https:\/\/secureus.se\/no\/wp-json\/wp\/v2\/types\/product"}],"wp:featuredmedia":[{"embeddable":true,"href":"https:\/\/secureus.se\/no\/wp-json\/wp\/v2\/media\/133682"}],"wp:attachment":[{"href":"https:\/\/secureus.se\/no\/wp-json\/wp\/v2\/media?parent=115030"}],"wp:term":[{"taxonomy":"product_brand","embeddable":true,"href":"https:\/\/secureus.se\/no\/wp-json\/wp\/v2\/product_brand?post=115030"},{"taxonomy":"product_cat","embeddable":true,"href":"https:\/\/secureus.se\/no\/wp-json\/wp\/v2\/product_cat?post=115030"},{"taxonomy":"product_tag","embeddable":true,"href":"https:\/\/secureus.se\/no\/wp-json\/wp\/v2\/product_tag?post=115030"}],"curies":[{"name":"wp","href":"https:\/\/api.w.org\/{rel}","templated":true}]}}