{"id":115049,"date":"2024-11-20T14:03:11","date_gmt":"2024-11-20T13:03:11","guid":{"rendered":"https:\/\/secureus.se\/?post_type=product&#038;p=115049"},"modified":"2026-01-12T12:52:35","modified_gmt":"2026-01-12T11:52:35","slug":"combiboxx-pro","status":"publish","type":"product","link":"https:\/\/secureus.se\/no\/combiboxx-pro\/","title":{"rendered":"COMBIBOXX PRO"},"content":{"rendered":"<p>Kombiner som det passer deg med den utvidbare smarte og multifunksjonelle COMBIBOXX-serien. COMBIBOXX PRO er et sett med A4-brett (maks. format 311\u00d7240 mm) og 1\/3 A4- eller A6-brett (maks. format 210\u00d7116 mm) for for eksempel salgsbrosjyrer, produktblad og brosjyrer p\u00e5 messer, utstillinger og mottakelser. Avhengig av hvordan ryggen er satt sammen, kan settet plasseres p\u00e5 bordet eller monteres p\u00e5 veggen. Hvert rom har en kapasitet p\u00e5 24 mm tykke bunter. Settet inneholder 1 A4-rom, 4 1\/3 A4 (A6)-rom, 2 bakstykker, 1 frontpanel, 1 adapterskinne for \u00e5 kunne kombineres med COMBIBOXX A4, monteringsanvisning og skrue og plugg.<br \/>\nM\u00e5l som bordstativ 29 x24x23 cm HxBxD<br \/>\nM\u00e5l som veggstativ 44,5x24x 15 cm HxBxD<br \/>\nTilbeh\u00f8r: Forlengelsesbrett A4 artikkelnummer 857919<\/p>","protected":false},"excerpt":{"rendered":"<p>Brosjyrestativ COMBIBOXX PRO med en kombinasjon av rom for b\u00e5de A4 og 1\/3 A4 st\u00e5ende eller A6 format som kan brukes som bord- eller veggstativ. <\/p>","protected":false},"featured_media":134658,"template":"","meta":{"_acf_changed":false},"product_brand":[],"product_cat":[4280],"product_tag":[4376],"class_list":{"0":"post-115049","1":"product","2":"type-product","3":"status-publish","4":"has-post-thumbnail","6":"product_cat-broschyrstall","7":"product_tag-transparent","8":"product_shipping_class-tunga-paket","9":"pa_brands-durable","10":"pa_farg-transparent","11":"tm-no-options","13":"first","14":"instock","15":"sale","16":"taxable","17":"shipping-taxable","18":"purchasable","19":"product-type-simple"},"acf":[],"_links":{"self":[{"href":"https:\/\/secureus.se\/no\/wp-json\/wp\/v2\/product\/115049","targetHints":{"allow":["GET"]}}],"collection":[{"href":"https:\/\/secureus.se\/no\/wp-json\/wp\/v2\/product"}],"about":[{"href":"https:\/\/secureus.se\/no\/wp-json\/wp\/v2\/types\/product"}],"wp:featuredmedia":[{"embeddable":true,"href":"https:\/\/secureus.se\/no\/wp-json\/wp\/v2\/media\/134658"}],"wp:attachment":[{"href":"https:\/\/secureus.se\/no\/wp-json\/wp\/v2\/media?parent=115049"}],"wp:term":[{"taxonomy":"product_brand","embeddable":true,"href":"https:\/\/secureus.se\/no\/wp-json\/wp\/v2\/product_brand?post=115049"},{"taxonomy":"product_cat","embeddable":true,"href":"https:\/\/secureus.se\/no\/wp-json\/wp\/v2\/product_cat?post=115049"},{"taxonomy":"product_tag","embeddable":true,"href":"https:\/\/secureus.se\/no\/wp-json\/wp\/v2\/product_tag?post=115049"}],"curies":[{"name":"wp","href":"https:\/\/api.w.org\/{rel}","templated":true}]}}