{"id":115050,"date":"2024-11-20T14:41:22","date_gmt":"2024-11-20T13:41:22","guid":{"rendered":"https:\/\/secureus.se\/?post_type=product&#038;p=115050"},"modified":"2026-01-12T12:28:42","modified_gmt":"2026-01-12T11:28:42","slug":"magnetram-duraframe-magnetic-plus-a4-2","status":"publish","type":"product","link":"https:\/\/secureus.se\/no\/magnetram-duraframe-magnetic-plus-a4-2\/","title":{"rendered":"Magnetisk ramme DURAFRAME\u00ae MAGNETIC PLUS A4"},"content":{"rendered":"<p>Bruk DURAFRAME\u00ae MAGNETIC PLUS magnetisk klebende informasjonsramme for \u00e5 vise og presentere midlertidig eller mer permanent informasjon p\u00e5 en profesjonell m\u00e5te.<br \/>\nDokumentet er beskyttet mellom to plastark som holdes sammen med en magnetisk lukking langs alle tre \u00e5pningsbare sider. God i blant annet produksjon, kj\u00f8kken og sanit\u00e6rmilj\u00f8er. Enkelt \u00e5 endre informasjon - l\u00f8ft forsiden, bytt innlegg, brett siden ned igjen. Baksiden av den nedre plastplaten har magnetlister rundt hele rammen, som festes til underlaget som tavler, stelleskap og metallvegger.<br \/>\nFor dokumenter i A4-format. Ytterm\u00e5l 236\u00d7323 mm.<br \/>\nEmballasje med 1 stk.<\/p>","protected":false},"excerpt":{"rendered":"<p>Magnetisk ramme for \u00e5 vise informasjon pent. Dokumentet er beskyttet mellom to plastark og er enkelt \u00e5 bytte ut her.<\/p>","protected":false},"featured_media":133587,"template":"","meta":{"_acf_changed":false},"product_brand":[],"product_cat":[4295],"product_tag":[4382],"class_list":{"0":"post-115050","1":"product","2":"type-product","3":"status-publish","4":"has-post-thumbnail","6":"product_cat-inforamar-for-metallytor","7":"product_tag-silver","8":"product_shipping_class-tunga-paket","9":"pa_brands-durable","10":"pa_farg-silver","11":"tm-no-options","13":"first","14":"instock","15":"sale","16":"taxable","17":"shipping-taxable","18":"purchasable","19":"product-type-simple"},"acf":[],"_links":{"self":[{"href":"https:\/\/secureus.se\/no\/wp-json\/wp\/v2\/product\/115050","targetHints":{"allow":["GET"]}}],"collection":[{"href":"https:\/\/secureus.se\/no\/wp-json\/wp\/v2\/product"}],"about":[{"href":"https:\/\/secureus.se\/no\/wp-json\/wp\/v2\/types\/product"}],"wp:featuredmedia":[{"embeddable":true,"href":"https:\/\/secureus.se\/no\/wp-json\/wp\/v2\/media\/133587"}],"wp:attachment":[{"href":"https:\/\/secureus.se\/no\/wp-json\/wp\/v2\/media?parent=115050"}],"wp:term":[{"taxonomy":"product_brand","embeddable":true,"href":"https:\/\/secureus.se\/no\/wp-json\/wp\/v2\/product_brand?post=115050"},{"taxonomy":"product_cat","embeddable":true,"href":"https:\/\/secureus.se\/no\/wp-json\/wp\/v2\/product_cat?post=115050"},{"taxonomy":"product_tag","embeddable":true,"href":"https:\/\/secureus.se\/no\/wp-json\/wp\/v2\/product_tag?post=115050"}],"curies":[{"name":"wp","href":"https:\/\/api.w.org\/{rel}","templated":true}]}}