{"id":115065,"date":"2024-11-20T14:41:47","date_gmt":"2024-11-20T13:41:47","guid":{"rendered":"https:\/\/secureus.se\/?post_type=product&#038;p=115065"},"modified":"2026-01-12T12:56:21","modified_gmt":"2026-01-12T11:56:21","slug":"magnetram-duraframe-magnetic-security-a4","status":"publish","type":"product","link":"https:\/\/secureus.se\/no\/magnetram-duraframe-magnetic-security-a4\/","title":{"rendered":"Magnetisk ramme DURAFRAME\u00ae MAGNETIC SECURITY A4"},"content":{"rendered":"<p>Bruk DURAFRAME\u00ae MAGNETIC SECURITY magnetisk klebende inforamme for \u00e5 vise midlertidig eller mer permanent sikkerhets- og advarselsinformasjon p\u00e5 en profesjonell, rask og enkel m\u00e5te. Plasser beskyttelsesarket med magnet rundt hele kanten av rammen over dokumentet og monter p\u00e5 f.eks whiteboards, stelleskap og metallvegger. Klar! Ryddig og enklere h\u00e5ndtering enn f.eks.<br \/>\nFor dokumenter i A4-format. Kan brukes i st\u00e5ende eller liggende format. Ytterm\u00e5l 236\u00d7323 mm. Fargene gr\u00f8nn\/hvit signaliserer f\u00f8rstehjelp og evakueringskart i henhold til ISO 3864-4 for sikkerhetsfarger.<br \/>\nEmballasje med 5 stk.<\/p>","protected":false},"excerpt":{"rendered":"<p>Magnetisk ramme i advarselsfarger for \u00e5 vise viktig sikkerhetsinformasjon, merknader og advarsler p\u00e5 en pen m\u00e5te.<\/p>","protected":false},"featured_media":133081,"template":"","meta":{"_acf_changed":false},"product_brand":[],"product_cat":[4295],"product_tag":[4379],"class_list":{"0":"post-115065","1":"product","2":"type-product","3":"status-publish","4":"has-post-thumbnail","6":"product_cat-inforamar-for-metallytor","7":"product_tag-gron-vit","8":"product_shipping_class-tunga-paket","9":"pa_brands-durable","10":"pa_farg-gron-vit","11":"tm-no-options","13":"first","14":"instock","15":"sale","16":"taxable","17":"shipping-taxable","18":"purchasable","19":"product-type-simple"},"acf":[],"_links":{"self":[{"href":"https:\/\/secureus.se\/no\/wp-json\/wp\/v2\/product\/115065","targetHints":{"allow":["GET"]}}],"collection":[{"href":"https:\/\/secureus.se\/no\/wp-json\/wp\/v2\/product"}],"about":[{"href":"https:\/\/secureus.se\/no\/wp-json\/wp\/v2\/types\/product"}],"wp:featuredmedia":[{"embeddable":true,"href":"https:\/\/secureus.se\/no\/wp-json\/wp\/v2\/media\/133081"}],"wp:attachment":[{"href":"https:\/\/secureus.se\/no\/wp-json\/wp\/v2\/media?parent=115065"}],"wp:term":[{"taxonomy":"product_brand","embeddable":true,"href":"https:\/\/secureus.se\/no\/wp-json\/wp\/v2\/product_brand?post=115065"},{"taxonomy":"product_cat","embeddable":true,"href":"https:\/\/secureus.se\/no\/wp-json\/wp\/v2\/product_cat?post=115065"},{"taxonomy":"product_tag","embeddable":true,"href":"https:\/\/secureus.se\/no\/wp-json\/wp\/v2\/product_tag?post=115065"}],"curies":[{"name":"wp","href":"https:\/\/api.w.org\/{rel}","templated":true}]}}