{"id":115085,"date":"2024-11-20T14:07:55","date_gmt":"2024-11-20T13:07:55","guid":{"rendered":"https:\/\/secureus.se\/?post_type=product&#038;p=115085"},"modified":"2026-01-12T12:57:07","modified_gmt":"2026-01-12T11:57:07","slug":"flexiboxx-a4-staende-utbyggnadfack","status":"publish","type":"product","link":"https:\/\/secureus.se\/no\/flexiboxx-a4-staende-utbyggnadfack\/","title":{"rendered":"FLEXIBOXX A4 vertikalt forlengelsesrom"},"content":{"rendered":"<p>Skjemarom, brosjyrestativ, postkasse - FLEXIBOXX er en serie plassbesparende, fleksible og veggmonterte holdere for brosjyrer, magasiner, skjemaer og annen informasjon i A4-format. Hvert rom har en kapasitet p\u00e5 24 mm tykke bunter. Dette enkeltrommet i vertikalt format kan brukes til \u00e5 utvide sett der du allerede har frontpanelet. Dimensjonene p\u00e5 kupeen er 24x34x3 cm (BxHxD) og montert vinklet ut fra veggen den bygger 1,35 cm.<br \/>\nTilbeh\u00f8r: Transparent frontplate varenummer 1701498400<\/p>","protected":false},"excerpt":{"rendered":"<p>Utvidelsesrom for utvidelse av brosjyrerom FLEXIBOXX A4 st\u00e5ende format.<\/p>","protected":false},"featured_media":133678,"template":"","meta":{"_acf_changed":false},"product_brand":[],"product_cat":[4280],"product_tag":[4396],"class_list":{"0":"post-115085","1":"product","2":"type-product","3":"status-publish","4":"has-post-thumbnail","6":"product_cat-broschyrstall","7":"product_tag-vit","8":"product_shipping_class-tunga-paket","9":"pa_brands-durable","10":"pa_farg-vit","11":"tm-no-options","13":"first","14":"instock","15":"sale","16":"taxable","17":"shipping-taxable","18":"purchasable","19":"product-type-simple"},"acf":[],"_links":{"self":[{"href":"https:\/\/secureus.se\/no\/wp-json\/wp\/v2\/product\/115085","targetHints":{"allow":["GET"]}}],"collection":[{"href":"https:\/\/secureus.se\/no\/wp-json\/wp\/v2\/product"}],"about":[{"href":"https:\/\/secureus.se\/no\/wp-json\/wp\/v2\/types\/product"}],"wp:featuredmedia":[{"embeddable":true,"href":"https:\/\/secureus.se\/no\/wp-json\/wp\/v2\/media\/133678"}],"wp:attachment":[{"href":"https:\/\/secureus.se\/no\/wp-json\/wp\/v2\/media?parent=115085"}],"wp:term":[{"taxonomy":"product_brand","embeddable":true,"href":"https:\/\/secureus.se\/no\/wp-json\/wp\/v2\/product_brand?post=115085"},{"taxonomy":"product_cat","embeddable":true,"href":"https:\/\/secureus.se\/no\/wp-json\/wp\/v2\/product_cat?post=115085"},{"taxonomy":"product_tag","embeddable":true,"href":"https:\/\/secureus.se\/no\/wp-json\/wp\/v2\/product_tag?post=115085"}],"curies":[{"name":"wp","href":"https:\/\/api.w.org\/{rel}","templated":true}]}}