{"id":115089,"date":"2024-11-20T13:58:04","date_gmt":"2024-11-20T12:58:04","guid":{"rendered":"https:\/\/secureus.se\/?post_type=product&#038;p=115089"},"modified":"2026-01-12T12:29:25","modified_gmt":"2026-01-12T11:29:25","slug":"inforam-sjalvhaftande-duraframe-note-a4-2","status":"publish","type":"product","link":"https:\/\/secureus.se\/no\/inforam-sjalvhaftande-duraframe-note-a4-2\/","title":{"rendered":"Inforamme selvklebende DURAFRAME\u00ae MERK A4"},"content":{"rendered":"<p>Bruk den selvklebende DURAFRAME\u00ae NOTE inforammen til f.eks. sjekklister, rengj\u00f8ringsplaner, registreringslister eller vedlikeholdskontroller hvor notater skal gj\u00f8res direkte p\u00e5 papiret. Rask og enkel h\u00e5ndtering: Fjern beskyttelsespapiret - fest Duraframe - l\u00f8ft fronten med magnetlukkingen - sett inn opptil 5 80 gr A4-ark - brett ned fronten - ferdig! Enkel \u00e5 sette opp \u2013 uten verkt\u00f8y eller annet tilbeh\u00f8r \u2013 p\u00e5 faste og glatte overflater. Ryddig og enklere h\u00e5ndtering enn for eksempel tape, stifter eller stifter. Innsatsen holder seg sikkert p\u00e5 plass takket v\u00e6re magneter p\u00e5 alle 3 \u00e5pningsbare sider. Penneholder p\u00e5 den ene siden. Rammen ser lik ut foran og bak og er den plassert p\u00e5 glass kan informasjonen leses fra to sider. Rammen kan tas av glassruter. Malte, belagte eller laminerte overflater kan bli skadet hvis rammen fjernes. For dokumenter i A4-format.<br \/>\nEmballasje med 1 stk.<\/p>","protected":false},"excerpt":{"rendered":"<p>Enkel \u00e5 bruke, selvklebende inforamme for notater direkte p\u00e5 papir. Front med magnetisk lukking for enkel innleggsbytte. <\/p>","protected":false},"featured_media":135019,"template":"","meta":{"_acf_changed":false},"product_brand":[],"product_cat":[4296],"product_tag":[4382],"class_list":{"0":"post-115089","1":"product","2":"type-product","3":"status-publish","4":"has-post-thumbnail","6":"product_cat-inforamar-for-slata-ytor","7":"product_tag-silver","8":"product_shipping_class-tunga-paket","9":"pa_brands-durable","10":"pa_farg-silver","11":"tm-no-options","13":"first","14":"instock","15":"sale","16":"taxable","17":"shipping-taxable","18":"purchasable","19":"product-type-simple"},"acf":[],"_links":{"self":[{"href":"https:\/\/secureus.se\/no\/wp-json\/wp\/v2\/product\/115089","targetHints":{"allow":["GET"]}}],"collection":[{"href":"https:\/\/secureus.se\/no\/wp-json\/wp\/v2\/product"}],"about":[{"href":"https:\/\/secureus.se\/no\/wp-json\/wp\/v2\/types\/product"}],"wp:featuredmedia":[{"embeddable":true,"href":"https:\/\/secureus.se\/no\/wp-json\/wp\/v2\/media\/135019"}],"wp:attachment":[{"href":"https:\/\/secureus.se\/no\/wp-json\/wp\/v2\/media?parent=115089"}],"wp:term":[{"taxonomy":"product_brand","embeddable":true,"href":"https:\/\/secureus.se\/no\/wp-json\/wp\/v2\/product_brand?post=115089"},{"taxonomy":"product_cat","embeddable":true,"href":"https:\/\/secureus.se\/no\/wp-json\/wp\/v2\/product_cat?post=115089"},{"taxonomy":"product_tag","embeddable":true,"href":"https:\/\/secureus.se\/no\/wp-json\/wp\/v2\/product_tag?post=115089"}],"curies":[{"name":"wp","href":"https:\/\/api.w.org\/{rel}","templated":true}]}}