{"id":115114,"date":"2024-11-20T14:07:55","date_gmt":"2024-11-20T13:07:55","guid":{"rendered":"https:\/\/secureus.se\/?post_type=product&#038;p=115114"},"modified":"2026-01-12T12:57:00","modified_gmt":"2026-01-12T11:57:00","slug":"flexiplus-6-a4-liggande-brochyrfack-3","status":"publish","type":"product","link":"https:\/\/secureus.se\/no\/flexiplus-6-a4-liggande-brochyrfack-3\/","title":{"rendered":"FLEXIPLUS 6 A4 landskapsbrosjyrebrett"},"content":{"rendered":"<p>Skjemabrett, brosjyrestativ, brevbrett - FLEXIPLUS er en serie plassbesparende, fleksible og veggmonterte holdere for brosjyrer, magasiner, skjemaer og annen informasjon i A4-format. Hvert rom har en kapasitet p\u00e5 24 mm tykke bunter. Dette er et komplett sett med 6 rom i liggende format hvor rommene kan settes sammen eller brukes separat. Et sett med skruer og plugger er inkludert. Hvert rom m\u00e5ler 34\u00d719,5\u00d73,5 cm (BxHxD). Montert vinklet ut fra veggen bygger den 10cm og har en bredde p\u00e5 34cm og er 52cm h\u00f8y n\u00e5r alle 6 rom er satt sammen. Kan bygges p\u00e5 med flere rom etter behov ved \u00e5 hekte rommene etter hverandre.<br \/>\nTilbeh\u00f8r: Flere rom i sett med 2, artikkelnummer 1709014060<\/p>","protected":false},"excerpt":{"rendered":"<p>Komplett sett med 6 heftebrett FLEXIPLUS A4 i liggende format.<\/p>","protected":false},"featured_media":133853,"template":"","meta":{"_acf_changed":false},"product_brand":[],"product_cat":[4280],"product_tag":[4381],"class_list":{"0":"post-115114","1":"product","2":"type-product","3":"status-publish","4":"has-post-thumbnail","6":"product_cat-broschyrstall","7":"product_tag-svart","8":"product_shipping_class-tunga-paket","9":"pa_brands-durable","10":"pa_farg-svart","11":"tm-no-options","13":"first","14":"instock","15":"sale","16":"taxable","17":"shipping-taxable","18":"purchasable","19":"product-type-simple"},"acf":[],"_links":{"self":[{"href":"https:\/\/secureus.se\/no\/wp-json\/wp\/v2\/product\/115114","targetHints":{"allow":["GET"]}}],"collection":[{"href":"https:\/\/secureus.se\/no\/wp-json\/wp\/v2\/product"}],"about":[{"href":"https:\/\/secureus.se\/no\/wp-json\/wp\/v2\/types\/product"}],"wp:featuredmedia":[{"embeddable":true,"href":"https:\/\/secureus.se\/no\/wp-json\/wp\/v2\/media\/133853"}],"wp:attachment":[{"href":"https:\/\/secureus.se\/no\/wp-json\/wp\/v2\/media?parent=115114"}],"wp:term":[{"taxonomy":"product_brand","embeddable":true,"href":"https:\/\/secureus.se\/no\/wp-json\/wp\/v2\/product_brand?post=115114"},{"taxonomy":"product_cat","embeddable":true,"href":"https:\/\/secureus.se\/no\/wp-json\/wp\/v2\/product_cat?post=115114"},{"taxonomy":"product_tag","embeddable":true,"href":"https:\/\/secureus.se\/no\/wp-json\/wp\/v2\/product_tag?post=115114"}],"curies":[{"name":"wp","href":"https:\/\/api.w.org\/{rel}","templated":true}]}}