{"id":115122,"date":"2024-11-20T14:00:16","date_gmt":"2024-11-20T13:00:16","guid":{"rendered":"https:\/\/secureus.se\/?post_type=product&#038;p=115122"},"modified":"2026-01-12T12:57:36","modified_gmt":"2026-01-12T11:57:36","slug":"inforam-sjalvhaftande-duraframe-security-a4","status":"publish","type":"product","link":"https:\/\/secureus.se\/no\/inforam-sjalvhaftande-duraframe-security-a4\/","title":{"rendered":"Inforamme selvklebende DURAFRAME\u00ae SECURITY A4"},"content":{"rendered":"<p>Sett opp midlertidig eller mer permanent sikkerhets- og advarselsinformasjon p\u00e5 en profesjonell, rask og enkel m\u00e5te med selvklebende DURAFRAME\u00ae SECURITY inforammer. Fjern beskyttelsespapiret - fest Duraframe - l\u00f8ft fronten med magnetlukkingen - sett inn ett eller to ark - brett ned fronten - ferdig! Enkel \u00e5 sette opp \u2013 uten verkt\u00f8y eller annet tilbeh\u00f8r \u2013 p\u00e5 faste og glatte overflater. Ryddig og enklere h\u00e5ndtering enn for eksempel tape, stifter eller stifter. Innsatsen holder seg sikkert p\u00e5 plass i b\u00e5de st\u00e5ende og liggende posisjoner takket v\u00e6re magneter p\u00e5 alle 3 \u00e5pningsbare sidene. Rammen ser lik ut foran og bak, noe som er flott n\u00e5r den plasseres p\u00e5 glassruter for en tosidig melding. Den kan tas av fra glassruter. Malte, belagte eller laminerte overflater kan bli skadet hvis rammen fjernes.<br \/>\nFor dokumenter i A4-format. Ytterm\u00e5l 236\u00d7323 mm. Fargene r\u00f8d\/hvit signaliserer brannverninformasjon i henhold til ISO 3864-4 for sikkerhetsfarger.<br \/>\nEmballasje med 2 stk.<\/p>","protected":false},"excerpt":{"rendered":"<p>Selvklebende inforamme for \u00e5 vise viktig sikkerhetsinformasjon, merknader og advarsler p\u00e5 en ryddig m\u00e5te. Front med magnetisk lukking for enkelt bytte av innsatser. <\/p>","protected":false},"featured_media":134673,"template":"","meta":{"_acf_changed":false},"product_brand":[],"product_cat":[4296],"product_tag":[4391],"class_list":{"0":"post-115122","1":"product","2":"type-product","3":"status-publish","4":"has-post-thumbnail","6":"product_cat-inforamar-for-slata-ytor","7":"product_tag-rod-vit","8":"product_shipping_class-tunga-paket","9":"pa_brands-durable","10":"pa_farg-rod-vit","11":"tm-no-options","13":"first","14":"instock","15":"sale","16":"taxable","17":"shipping-taxable","18":"purchasable","19":"product-type-simple"},"acf":[],"_links":{"self":[{"href":"https:\/\/secureus.se\/no\/wp-json\/wp\/v2\/product\/115122","targetHints":{"allow":["GET"]}}],"collection":[{"href":"https:\/\/secureus.se\/no\/wp-json\/wp\/v2\/product"}],"about":[{"href":"https:\/\/secureus.se\/no\/wp-json\/wp\/v2\/types\/product"}],"wp:featuredmedia":[{"embeddable":true,"href":"https:\/\/secureus.se\/no\/wp-json\/wp\/v2\/media\/134673"}],"wp:attachment":[{"href":"https:\/\/secureus.se\/no\/wp-json\/wp\/v2\/media?parent=115122"}],"wp:term":[{"taxonomy":"product_brand","embeddable":true,"href":"https:\/\/secureus.se\/no\/wp-json\/wp\/v2\/product_brand?post=115122"},{"taxonomy":"product_cat","embeddable":true,"href":"https:\/\/secureus.se\/no\/wp-json\/wp\/v2\/product_cat?post=115122"},{"taxonomy":"product_tag","embeddable":true,"href":"https:\/\/secureus.se\/no\/wp-json\/wp\/v2\/product_tag?post=115122"}],"curies":[{"name":"wp","href":"https:\/\/api.w.org\/{rel}","templated":true}]}}