{"id":115151,"date":"2024-11-20T14:00:17","date_gmt":"2024-11-20T13:00:17","guid":{"rendered":"https:\/\/secureus.se\/?post_type=product&#038;p=115151"},"modified":"2026-01-12T12:24:41","modified_gmt":"2026-01-12T11:24:41","slug":"inforam-duraframe-sun-a4-2","status":"publish","type":"product","link":"https:\/\/secureus.se\/no\/inforam-duraframe-sun-a4-2\/","title":{"rendered":"Informasjonsramme DURAFRAME\u00ae SUN A4"},"content":{"rendered":"<p>Bruk DURAFRAME\u00ae SUN inforammer til \u00e5 vise og presentere kampanjetilbud, \u00e5pningstider, reklame etc. p\u00e5 en profesjonell m\u00e5te i butikkvinduer utsatt for sollys.<br \/>\nEnkelt \u00e5 sette inn eller endre meldinger ved \u00e5 l\u00f8fte fronten med magnetisk lukking. Enkel \u00e5 sette opp - bare spray litt vann blandet med en dr\u00e5pe oppvaskmiddel p\u00e5 baksiden og rammen fester seg statisk til glassoverflaten. Penere enn tape! Kan brukes flere ganger og etterlater ingen spor.<br \/>\nRammen ser lik ut foran og bak.<br \/>\nVarmebestandig opptil 70\u00b0 og UV-stabil opptil 2 \u00e5r.<br \/>\nFor dokumenter i A4-format. Ytterm\u00e5l 236\u00d7323 mm.<br \/>\nEmballasje med 2 stk.<\/p>","protected":false},"excerpt":{"rendered":"<p>Inforamme som festes statisk til glassruter. For ulike typer informasjon i A4-format som utsettes for sollys. UV-stabil og varmebestandig.<\/p>","protected":false},"featured_media":134957,"template":"","meta":{"_acf_changed":false},"product_brand":[],"product_cat":[4294],"product_tag":[4381],"class_list":{"0":"post-115151","1":"product","2":"type-product","3":"status-publish","4":"has-post-thumbnail","6":"product_cat-inforamar-for-solexponerade-ytor","7":"product_tag-svart","8":"product_shipping_class-tunga-paket","9":"pa_brands-durable","10":"pa_farg-svart","11":"tm-no-options","13":"first","14":"instock","15":"sale","16":"taxable","17":"shipping-taxable","18":"purchasable","19":"product-type-simple"},"acf":[],"_links":{"self":[{"href":"https:\/\/secureus.se\/no\/wp-json\/wp\/v2\/product\/115151","targetHints":{"allow":["GET"]}}],"collection":[{"href":"https:\/\/secureus.se\/no\/wp-json\/wp\/v2\/product"}],"about":[{"href":"https:\/\/secureus.se\/no\/wp-json\/wp\/v2\/types\/product"}],"wp:featuredmedia":[{"embeddable":true,"href":"https:\/\/secureus.se\/no\/wp-json\/wp\/v2\/media\/134957"}],"wp:attachment":[{"href":"https:\/\/secureus.se\/no\/wp-json\/wp\/v2\/media?parent=115151"}],"wp:term":[{"taxonomy":"product_brand","embeddable":true,"href":"https:\/\/secureus.se\/no\/wp-json\/wp\/v2\/product_brand?post=115151"},{"taxonomy":"product_cat","embeddable":true,"href":"https:\/\/secureus.se\/no\/wp-json\/wp\/v2\/product_cat?post=115151"},{"taxonomy":"product_tag","embeddable":true,"href":"https:\/\/secureus.se\/no\/wp-json\/wp\/v2\/product_tag?post=115151"}],"curies":[{"name":"wp","href":"https:\/\/api.w.org\/{rel}","templated":true}]}}